{"id":1655,"date":"2024-05-13T17:53:33","date_gmt":"2024-05-13T15:53:33","guid":{"rendered":"https:\/\/www.g729.es\/?page_id=1655"},"modified":"2024-10-01T19:33:22","modified_gmt":"2024-10-01T17:33:22","slug":"mnp-lookup","status":"publish","type":"page","link":"https:\/\/www.g729.es\/es\/mnp-lookup\/","title":{"rendered":"MNP LOOKUP"},"content":{"rendered":"<div class=\"wp-block-uagb-container uagb-block-07ahsnld alignfull uagb-is-root-container\"><div class=\"uagb-container__shape uagb-container__shape-bottom uagb-container__invert\" data-negative=\"false\"><svg xmlns=\"https:\/\/www.w3.org\/2000\/svg\" viewbox=\"0 0 2600 131.1\" preserveaspectratio=\"none\"><path class=\"uagb-container__shape-fill\" d=\"M0 0L2600 0 2600 69.1 0 0z\"><\/path><path class=\"uagb-container__shape-fill\" opacity=\"0.5\" d=\"M0 0L2600 0 2600 69.1 0 69.1z\"><\/path><path class=\"uagb-container__shape-fill\" opacity=\"0.25\" d=\"M2600 0L0 0 0 130.1 2600 69.1z\"><\/path><\/svg><\/div><div class=\"uagb-container-inner-blocks-wrap\">\n<div class=\"wp-block-uagb-container uagb-block-cw6aoxea\">\n<div class=\"wp-block-uagb-info-box uagb-block-xibfaage uagb-infobox__content-wrap  uagb-infobox-icon-above-title uagb-infobox-image-valign-top\"><div class=\"uagb-ifb-content\"><div class=\"uagb-ifb-title-wrap\"><h1 class=\"uagb-ifb-title\"><strong>Optimice sus campa\u00f1as de SMS con la b\u00fasqueda MNP de G729<\/strong><\/h1><\/div><p class=\"uagb-ifb-desc\"><strong>Aumente la precisi\u00f3n y reduzca los costes con nuestro fiable sistema de b\u00fasqueda de portabilidad de n\u00fameros m\u00f3viles (MNP).<\/strong><br><br>En el competitivo panorama del marketing m\u00f3vil, la precisi\u00f3n y la eficacia son fundamentales para garantizar el \u00e9xito de las campa\u00f1as de SMS. <strong>Portabilidad del n\u00famero m\u00f3vil (MNP)<\/strong> permite a los usuarios conservar sus n\u00fameros de tel\u00e9fono incluso cuando cambian de operador, lo que puede afectar a la capacidad de env\u00edo de SMS si no se tiene en cuenta adecuadamente.<\/p><\/div><\/div>\n<\/div>\n\n\n\n<div class=\"wp-block-uagb-image alignleft uagb-block-iqpciqwo wp-block-uagb-image--layout-default wp-block-uagb-image--effect-static wp-block-uagb-image--align-left\"><figure class=\"wp-block-uagb-image__figure\"><img decoding=\"async\" srcset=\"https:\/\/www.g729.es\/wp-content\/uploads\/2024\/09\/MNP1-1024x1024.jpg ,https:\/\/www.g729.es\/wp-content\/uploads\/2024\/09\/MNP1.jpg 780w, https:\/\/www.g729.es\/wp-content\/uploads\/2024\/09\/MNP1.jpg 360w\" sizes=\"auto, (max-width: 480px) 150px\" src=\"https:\/\/www.g729.es\/wp-content\/uploads\/2024\/09\/MNP1-1024x1024.jpg\" alt=\"MNP Lookup\" class=\"uag-image-2097\" width=\"564\" height=\"500\" title=\"MNP Lookup\" loading=\"lazy\" role=\"img\"\/><\/figure><\/div>\n<\/div><\/div>\n\n\n\n<div class=\"wp-block-uagb-container uagb-block-ikn2edmu alignfull uagb-is-root-container\"><div class=\"uagb-container__shape uagb-container__shape-top\"><svg xmlns=\"https:\/\/www.w3.org\/2000\/svg\" viewbox=\"0 0 2600 131.1\" preserveaspectratio=\"none\"><path class=\"uagb-container__shape-fill\" d=\"M0 0L2600 0 2600 69.1 0 0z\"><\/path><path class=\"uagb-container__shape-fill\" opacity=\"0.5\" d=\"M0 0L2600 0 2600 69.1 0 69.1z\"><\/path><path class=\"uagb-container__shape-fill\" opacity=\"0.25\" d=\"M2600 0L0 0 0 130.1 2600 69.1z\"><\/path><\/svg><\/div><div class=\"uagb-container-inner-blocks-wrap\">\n<div class=\"wp-block-uagb-container uagb-block-gf3umkyc\">\n<div class=\"wp-block-uagb-info-box uagb-block-5peirrjz uagb-infobox__content-wrap  uagb-infobox-icon-above-title uagb-infobox-image-valign-top\"><div class=\"uagb-ifb-content\"><div class=\"uagb-ifb-title-wrap\"><h2 class=\"uagb-ifb-title\"><strong>\u00bfC\u00f3mo funciona nuestra b\u00fasqueda MNP?<\/strong><\/h2><\/div><\/div><\/div>\n\n\n\n<div class=\"wp-block-uagb-info-box uagb-block-wnlgny7o uagb-infobox__content-wrap  uagb-infobox-icon-above-title uagb-infobox-image-valign-top\"><div class=\"uagb-ifb-content\"><div class=\"uagb-ifb-title-wrap\"><p class=\"uagb-ifb-title\">Es sencillo: integrar nuestra <strong>API de b\u00fasqueda MNP<\/strong> en su plataforma de SMS para comprobar al instante si un n\u00famero ha sido portado e identificar su operador actual. En cuesti\u00f3n de segundos, dispondr\u00e1s de informaci\u00f3n precisa para optimizar tus campa\u00f1as.<\/p><\/div><\/div><\/div>\n<\/div>\n\n\n\n<div class=\"wp-block-uagb-container uagb-block-tcxsi9vh\">\n<div class=\"wp-block-uagb-image alignleft uagb-block-betng4dn wp-block-uagb-image--layout-default wp-block-uagb-image--effect-static wp-block-uagb-image--align-left\"><figure class=\"wp-block-uagb-image__figure\"><img decoding=\"async\" srcset=\"https:\/\/www.g729.es\/wp-content\/uploads\/2024\/09\/MNP1-2-1024x1024.jpg ,https:\/\/www.g729.es\/wp-content\/uploads\/2024\/09\/MNP1-2.jpg 780w, https:\/\/www.g729.es\/wp-content\/uploads\/2024\/09\/MNP1-2.jpg 360w\" sizes=\"auto, (max-width: 480px) 150px\" src=\"https:\/\/www.g729.es\/wp-content\/uploads\/2024\/09\/MNP1-2-1024x1024.jpg\" alt=\"MNP Lookup\" class=\"uag-image-2095\" width=\"564\" height=\"500\" title=\"MNP Lookup\" loading=\"lazy\" role=\"img\"\/><\/figure><\/div>\n\n\n\n<div class=\"wp-block-uagb-container uagb-block-ctevt4on\">\n<div class=\"wp-block-uagb-container uagb-block-txvmgaua\">\n<div class=\"wp-block-uagb-info-box uagb-block-mdvuehrd uagb-infobox__content-wrap  uagb-infobox-icon-above-title uagb-infobox-image-valign-top\"><div class=\"uagb-ifb-content\"><div class=\"uagb-ifb-title-wrap\"><h3 class=\"uagb-ifb-title\"><strong>Confirmar la conservaci\u00f3n del n\u00famero <\/strong>antes de enviar SMS masivos<\/h3><\/div><\/div><\/div>\n\n\n\n<div class=\"wp-block-uagb-info-box uagb-block-2ark9hy4 uagb-infobox__content-wrap  uagb-infobox-icon-above-title uagb-infobox-image-valign-top\"><div class=\"uagb-ifb-content\"><div class=\"uagb-ifb-title-wrap\"><h3 class=\"uagb-ifb-title\"><strong>Segmente su audiencia <\/strong>por transportista o estado de portabilidad<\/h3><\/div><\/div><\/div>\n<\/div>\n\n\n\n<div class=\"wp-block-uagb-container uagb-block-aipowszx\">\n<div class=\"wp-block-uagb-info-box uagb-block-42lkbqk9 uagb-infobox__content-wrap  uagb-infobox-icon-above-title uagb-infobox-image-valign-top\"><div class=\"uagb-ifb-content\"><div class=\"uagb-ifb-title-wrap\"><h3 class=\"uagb-ifb-title\"><strong>Aumente sus \u00edndices de entrega <\/strong>y maximice su ROI<\/h3><\/div><\/div><\/div>\n\n\n\n<div class=\"wp-block-uagb-info-box uagb-block-okxsv0ke uagb-infobox__content-wrap  uagb-infobox-icon-above-title uagb-infobox-image-valign-top\"><div class=\"uagb-ifb-content\"><div class=\"uagb-ifb-title-wrap\"><h3 class=\"uagb-ifb-title\"><strong>Identificar y excluir n\u00fameros portados<\/strong> de sus listas de contactos<\/h3><\/div><\/div><\/div>\n<\/div>\n<\/div>\n<\/div>\n<\/div><\/div>\n\n\n\n<div class=\"wp-block-uagb-container uagb-block-mpbjlrzr alignfull uagb-is-root-container\"><div class=\"uagb-container__shape uagb-container__shape-top\"><svg xmlns=\"https:\/\/www.w3.org\/2000\/svg\" viewbox=\"0 0 937.5 120\" preserveaspectratio=\"none\"><path class=\"uagb-container__shape-fill\" d=\"M937.5,124.3V0H0v124.3C0,100.8,227.4,2.9,578.9,4.1C926.9,0.3,937.5,100.4,937.5,124.3z\"><\/path><\/svg><\/div><div class=\"uagb-container-inner-blocks-wrap\">\n<div class=\"wp-block-uagb-container uagb-block-92twpti2\">\n<div class=\"wp-block-uagb-info-box uagb-block-tdoeioyd uagb-infobox__content-wrap  uagb-infobox-icon-above-title uagb-infobox-image-valign-top\"><div class=\"uagb-ifb-content\"><div class=\"uagb-ifb-title-wrap\"><h2 class=\"uagb-ifb-title\"><strong>Ventajas de nuestro servicio de b\u00fasqueda MNP<\/strong><\/h2><\/div><\/div><\/div>\n\n\n\n<div class=\"wp-block-uagb-info-box uagb-block-oybz5ydy uagb-infobox__content-wrap  uagb-infobox-icon-above-title uagb-infobox-image-valign-top\"><div class=\"uagb-ifb-content\"><div class=\"uagb-ifb-title-wrap\"><\/div><p class=\"uagb-ifb-desc\">Con nuestra soluci\u00f3n avanzada de b\u00fasqueda MNP, puede verificar el estado de portabilidad de los n\u00fameros de m\u00f3vil en tiempo real, garantizando que sus mensajes lleguen a los destinatarios correctos. Esto mejora la eficacia de sus campa\u00f1as al tiempo que maximiza el retorno de la inversi\u00f3n.<\/p><\/div><\/div>\n<\/div>\n\n\n\n<div class=\"wp-block-uagb-container uagb-block-w6p9jj7l\">\n<div class=\"wp-block-uagb-container uagb-block-b3ivvkwl\">\n<div class=\"wp-block-uagb-info-box uagb-block-uze4llrc uagb-infobox__content-wrap  uagb-infobox-icon-above-title uagb-infobox-image-valign-top\"><div class=\"uagb-ifb-content\"><div class=\"uagb-ifb-icon-wrap\"><div class=\"uagb-iconbox-icon-wrap uagb-infobox-shape-circle\"><svg xmlns=\"https:\/\/www.w3.org\/2000\/svg\" viewbox=\"0 0 640 512\"><path d=\"M96 96C96 60.65 124.7 32 160 32H576C611.3 32 640 60.65 640 96V320C640 355.3 611.3 384 576 384H160C124.7 384 96 355.3 96 320V96zM160 320H224C224 284.7 195.3 256 160 256V320zM160 96V160C195.3 160 224 131.3 224 96H160zM576 256C540.7 256 512 284.7 512 320H576V256zM512 96C512 131.3 540.7 160 576 160V96H512zM368 128C323.8 128 288 163.8 288 208C288 252.2 323.8 288 368 288C412.2 288 448 252.2 448 208C448 163.8 412.2 128 368 128zM48 360C48 399.8 80.24 432 120 432H520C533.3 432 544 442.7 544 456C544 469.3 533.3 480 520 480H120C53.73 480 0 426.3 0 360V120C0 106.7 10.75 96 24 96C37.25 96 48 106.7 48 120V360z\"><\/path><\/svg><\/div><\/div><div class=\"uagb-ifb-title-wrap\"><h3 class=\"uagb-ifb-title\"><strong>Ahorro de costes<\/strong><\/h3><\/div><p class=\"uagb-ifb-desc\">Elimine los env\u00edos fallidos a n\u00fameros no v\u00e1lidos o portados, reduciendo gastos innecesarios.<\/p><\/div><\/div>\n<\/div>\n\n\n\n<div class=\"wp-block-uagb-container uagb-block-roinrsj0\">\n<div class=\"wp-block-uagb-info-box uagb-block-hgmdd42k uagb-infobox__content-wrap  uagb-infobox-icon-above-title uagb-infobox-image-valign-top\"><div class=\"uagb-ifb-content\"><div class=\"uagb-ifb-icon-wrap\"><div class=\"uagb-iconbox-icon-wrap uagb-infobox-shape-circle\"><svg xmlns=\"https:\/\/www.w3.org\/2000\/svg\" viewbox=\"0 0 640 512\"><path d=\"M191.9 448.6c-9.766 0-19.48-2.969-27.78-8.891L32 340.2V480c0 17.62 14.38 32 32 32h256c17.62 0 32-14.38 32-32v-139.8L220.2 439.5C211.7 445.6 201.8 448.6 191.9 448.6zM192 192c0-35.25 28.75-64 64-64h224V32c0-17.62-14.38-32-32-32H128C110.4 0 96 14.38 96 32v192h96V192zM320 256H64C46.38 256 32 270.4 32 288v12.18l151 113.8c5.25 3.719 12.7 3.734 18.27-.25L352 300.2V288C352 270.4 337.6 256 320 256zM576 160H256C238.4 160 224 174.4 224 192v32h96c33.25 0 60.63 25.38 63.75 57.88L384 416h192c17.62 0 32-14.38 32-32V192C608 174.4 593.6 160 576 160zM544 288h-64V224h64V288z\"><\/path><\/svg><\/div><\/div><div class=\"uagb-ifb-title-wrap\"><h3 class=\"uagb-ifb-title\"><strong>Tarifas de entrega mejoradas<\/strong><\/h3><\/div><p class=\"uagb-ifb-desc\">Aumente la probabilidad de que sus SMS lleguen a usuarios activos y comprometidos.<\/p><\/div><\/div>\n<\/div>\n\n\n\n<div class=\"wp-block-uagb-container uagb-block-a97g0xxm\">\n<div class=\"wp-block-uagb-info-box uagb-block-4xfee0b6 uagb-infobox__content-wrap  uagb-infobox-icon-above-title uagb-infobox-image-valign-top\"><div class=\"uagb-ifb-content\"><div class=\"uagb-ifb-icon-wrap\"><div class=\"uagb-iconbox-icon-wrap uagb-infobox-shape-circle\"><svg xmlns=\"https:\/\/www.w3.org\/2000\/svg\" viewbox=\"0 0 448 512\"><path d=\"M448 80V128C448 172.2 347.7 208 224 208C100.3 208 0 172.2 0 128V80C0 35.82 100.3 0 224 0C347.7 0 448 35.82 448 80zM393.2 214.7C413.1 207.3 433.1 197.8 448 186.1V288C448 332.2 347.7 368 224 368C100.3 368 0 332.2 0 288V186.1C14.93 197.8 34.02 207.3 54.85 214.7C99.66 230.7 159.5 240 224 240C288.5 240 348.3 230.7 393.2 214.7V214.7zM54.85 374.7C99.66 390.7 159.5 400 224 400C288.5 400 348.3 390.7 393.2 374.7C413.1 367.3 433.1 357.8 448 346.1V432C448 476.2 347.7 512 224 512C100.3 512 0 476.2 0 432V346.1C14.93 357.8 34.02 367.3 54.85 374.7z\"><\/path><\/svg><\/div><\/div><div class=\"uagb-ifb-title-wrap\"><h3 class=\"uagb-ifb-title\"><strong>Optimizaci\u00f3n de bases de datos<\/strong><\/h3><\/div><p class=\"uagb-ifb-desc\">Mantenga actualizadas sus listas de contactos eliminando los n\u00fameros obsoletos o portados.<\/p><\/div><\/div>\n<\/div>\n<\/div>\n\n\n\n<div class=\"wp-block-uagb-container uagb-block-0c267bf5\">\n<div class=\"wp-block-uagb-container uagb-block-b5dad7c2\">\n<div class=\"wp-block-uagb-info-box uagb-block-b2da63e7 uagb-infobox__content-wrap  uagb-infobox-icon-above-title uagb-infobox-image-valign-top\"><div class=\"uagb-ifb-content\"><div class=\"uagb-ifb-icon-wrap\"><div class=\"uagb-iconbox-icon-wrap uagb-infobox-shape-circle\"><svg xmlns=\"https:\/\/www.w3.org\/2000\/svg\" viewbox=\"0 0 640 512\"><path d=\"M184 88C184 118.9 158.9 144 128 144C97.07 144 72 118.9 72 88C72 57.07 97.07 32 128 32C158.9 32 184 57.07 184 88zM208.4 196.3C178.7 222.7 160 261.2 160 304C160 338.3 171.1 369.8 192 394.5V416C192 433.7 177.7 448 160 448H96C78.33 448 64 433.7 64 416V389.2C26.16 371.2 0 332.7 0 288C0 226.1 50.14 176 112 176H144C167.1 176 190.2 183.5 208.4 196.3V196.3zM64 245.7C54.04 256.9 48 271.8 48 288C48 304.2 54.04 319.1 64 330.3V245.7zM448 416V394.5C468 369.8 480 338.3 480 304C480 261.2 461.3 222.7 431.6 196.3C449.8 183.5 472 176 496 176H528C589.9 176 640 226.1 640 288C640 332.7 613.8 371.2 576 389.2V416C576 433.7 561.7 448 544 448H480C462.3 448 448 433.7 448 416zM576 330.3C585.1 319.1 592 304.2 592 288C592 271.8 585.1 256.9 576 245.7V330.3zM568 88C568 118.9 542.9 144 512 144C481.1 144 456 118.9 456 88C456 57.07 481.1 32 512 32C542.9 32 568 57.07 568 88zM256 96C256 60.65 284.7 32 320 32C355.3 32 384 60.65 384 96C384 131.3 355.3 160 320 160C284.7 160 256 131.3 256 96zM448 304C448 348.7 421.8 387.2 384 405.2V448C384 465.7 369.7 480 352 480H288C270.3 480 256 465.7 256 448V405.2C218.2 387.2 192 348.7 192 304C192 242.1 242.1 192 304 192H336C397.9 192 448 242.1 448 304zM256 346.3V261.7C246 272.9 240 287.8 240 304C240 320.2 246 335.1 256 346.3zM384 261.7V346.3C393.1 335 400 320.2 400 304C400 287.8 393.1 272.9 384 261.7z\"><\/path><\/svg><\/div><\/div><div class=\"uagb-ifb-title-wrap\"><h3 class=\"uagb-ifb-title\"><strong>Segmentaci\u00f3n de campa\u00f1as<\/strong><\/h3><\/div><p class=\"uagb-ifb-desc\">Dirija sus mensajes de forma m\u00e1s eficaz en funci\u00f3n del operador o del estado de la portabilidad.<\/p><\/div><\/div>\n<\/div>\n\n\n\n<div class=\"wp-block-uagb-container uagb-block-eac7c656\">\n<div class=\"wp-block-uagb-info-box uagb-block-02e390ab uagb-infobox__content-wrap  uagb-infobox-icon-above-title uagb-infobox-image-valign-top\"><div class=\"uagb-ifb-content\"><div class=\"uagb-ifb-icon-wrap\"><div class=\"uagb-iconbox-icon-wrap uagb-infobox-shape-circle\"><svg xmlns=\"https:\/\/www.w3.org\/2000\/svg\" viewbox=\"0 0 512 512\"><path d=\"M492.7 58.75C517.7 83.74 517.7 124.3 492.7 149.3L440.6 201.4L310.6 71.43L362.7 19.32C387.7-5.678 428.3-5.678 453.3 19.32L492.7 58.75zM240.1 114.9C231.6 105.5 216.4 105.5 207 114.9L104.1 216.1C95.6 226.3 80.4 226.3 71.03 216.1C61.66 207.6 61.66 192.4 71.03 183L173.1 80.97C201.2 52.85 246.8 52.85 274.9 80.97L417.9 224L229.5 412.5C181.5 460.5 120.3 493.2 53.7 506.5L28.71 511.5C20.84 513.1 12.7 510.6 7.03 504.1C1.356 499.3-1.107 491.2 .4662 483.3L5.465 458.3C18.78 391.7 51.52 330.5 99.54 282.5L254.1 128L240.1 114.9z\"><\/path><\/svg><\/div><\/div><div class=\"uagb-ifb-title-wrap\"><h3 class=\"uagb-ifb-title\"><strong>Cumplimiento de la normativa<\/strong><\/h3><\/div><p class=\"uagb-ifb-desc\">Aseg\u00farese de que cumple los requisitos normativos que exigen la verificaci\u00f3n MNP antes de enviar SMS.<\/p><\/div><\/div>\n<\/div>\n<\/div>\n<\/div><\/div>\n\n\n\n<div class=\"wp-block-uagb-container uagb-block-iahczdkw alignfull uagb-is-root-container\"><div class=\"uagb-container__shape uagb-container__shape-top\"><svg xmlns=\"https:\/\/www.w3.org\/2000\/svg\" viewbox=\"0 0 937.5 120\" preserveaspectratio=\"none\"><path class=\"uagb-container__shape-fill\" d=\"M937.5,124.3V0H0v124.3C0,100.8,227.4,2.9,578.9,4.1C926.9,0.3,937.5,100.4,937.5,124.3z\"><\/path><\/svg><\/div><div class=\"uagb-container__shape uagb-container__shape-bottom uagb-container__invert\" data-negative=\"false\"><svg xmlns=\"https:\/\/www.w3.org\/2000\/svg\" viewbox=\"0 0 937.5 120\" preserveaspectratio=\"none\"><path class=\"uagb-container__shape-fill\" d=\"M937,129.8V-0.1H0v129.9C0,62.6,209.6,8.2,468.4,8.2S936.9,62.6,937,129.8z\"><\/path><\/svg><\/div><div class=\"uagb-container-inner-blocks-wrap\">\n<div class=\"wp-block-uagb-container uagb-block-tvkcjmso\">\n<div class=\"wp-block-uagb-info-box uagb-block-vsgttxi5 uagb-infobox__content-wrap  uagb-infobox-icon-above-title uagb-infobox-image-valign-top\"><div class=\"uagb-ifb-content\"><div class=\"uagb-ifb-title-wrap\"><h2 class=\"uagb-ifb-title\"><strong>Empiece hoy mismo a optimizar sus campa\u00f1as de SMS con G729 y mejore sus resultados sin esfuerzo.<\/strong><\/h2><\/div><p class=\"uagb-ifb-desc\">No dude en ponerse en contacto con nosotros para obtener m\u00e1s detalles y asistencia sobre c\u00f3mo integrar perfectamente esta potente y vers\u00e1til herramienta en su plataforma, maximizando la eficiencia y mejorando el rendimiento general. Estamos aqu\u00ed para guiarle en cada paso del proceso.<\/p><\/div><\/div>\n\n\n\n<div class=\"wp-block-uagb-buttons uagb-buttons__outer-wrap uagb-btn__default-btn uagb-btn-tablet__default-btn uagb-btn-mobile__default-btn uagb-block-lle0uxwg\"><div class=\"uagb-buttons__wrap uagb-buttons-layout-wrap\">\n<div class=\"wp-block-uagb-buttons-child uagb-buttons__outer-wrap uagb-block-lxikw954 wp-block-button\"><div class=\"uagb-button__wrapper\"><a class=\"uagb-buttons-repeater wp-block-button__link\" aria-label=\"\" href=\"https:\/\/www.g729.es\/es\/contact-us\/\" rel=\"follow noopener\" target=\"_self\" role=\"button\"><div class=\"uagb-button__link\">\u00a1Comienza ya!<\/div><\/a><\/div><\/div>\n<\/div><\/div>\n<\/div>\n<\/div><\/div>","protected":false},"excerpt":{"rendered":"","protected":false},"author":1,"featured_media":0,"parent":0,"menu_order":0,"comment_status":"closed","ping_status":"closed","template":"","meta":{"_uag_custom_page_level_css":"","footnotes":""},"class_list":["post-1655","page","type-page","status-publish"],"yoast_head":"<!-- This site is optimized with the Yoast SEO plugin v24.6 - https:\/\/yoast.com\/wordpress\/plugins\/seo\/ -->\n<title>MNP Lookup to Improve SMS Deliverability | G729 S.l.<\/title>\n<meta name=\"description\" content=\"Avoid failed SMS deliveries with G729\u2019s MNP Lookup service. Identify ported numbers and optimize your messaging campaigns.\" \/>\n<meta name=\"robots\" content=\"index, follow, max-snippet:-1, max-image-preview:large, max-video-preview:-1\" \/>\n<link rel=\"canonical\" href=\"https:\/\/www.g729.es\/es\/mnp-lookup\/\" \/>\n<meta property=\"og:locale\" content=\"es_ES\" \/>\n<meta property=\"og:type\" content=\"article\" \/>\n<meta property=\"og:title\" content=\"MNP Lookup to Improve SMS Deliverability | G729 S.l.\" \/>\n<meta property=\"og:description\" content=\"Avoid failed SMS deliveries with G729\u2019s MNP Lookup service. Identify ported numbers and optimize your messaging campaigns.\" \/>\n<meta property=\"og:url\" content=\"https:\/\/www.g729.es\/es\/mnp-lookup\/\" \/>\n<meta property=\"og:site_name\" content=\"G729 S.l.\" \/>\n<meta property=\"article:modified_time\" content=\"2024-10-01T17:33:22+00:00\" \/>\n<meta property=\"og:image\" content=\"http:\/\/www.g729.es\/wp-content\/uploads\/2024\/09\/MNP1-1024x1024.jpg\" \/>\n<meta name=\"twitter:card\" content=\"summary_large_image\" \/>\n<meta name=\"twitter:label1\" content=\"Tiempo de lectura\" \/>\n\t<meta name=\"twitter:data1\" content=\"2 minutos\" \/>\n<script type=\"application\/ld+json\" class=\"yoast-schema-graph\">{\"@context\":\"https:\/\/schema.org\",\"@graph\":[{\"@type\":\"WebPage\",\"@id\":\"https:\/\/www.g729.es\/mnp-lookup\/\",\"url\":\"https:\/\/www.g729.es\/mnp-lookup\/\",\"name\":\"MNP Lookup to Improve SMS Deliverability | G729 S.l.\",\"isPartOf\":{\"@id\":\"https:\/\/www.g729.es\/#website\"},\"primaryImageOfPage\":{\"@id\":\"https:\/\/www.g729.es\/mnp-lookup\/#primaryimage\"},\"image\":{\"@id\":\"https:\/\/www.g729.es\/mnp-lookup\/#primaryimage\"},\"thumbnailUrl\":\"http:\/\/www.g729.es\/wp-content\/uploads\/2024\/09\/MNP1-1024x1024.jpg\",\"datePublished\":\"2024-05-13T15:53:33+00:00\",\"dateModified\":\"2024-10-01T17:33:22+00:00\",\"description\":\"Avoid failed SMS deliveries with G729\u2019s MNP Lookup service. Identify ported numbers and optimize your messaging campaigns.\",\"breadcrumb\":{\"@id\":\"https:\/\/www.g729.es\/mnp-lookup\/#breadcrumb\"},\"inLanguage\":\"es\",\"potentialAction\":[{\"@type\":\"ReadAction\",\"target\":[\"https:\/\/www.g729.es\/mnp-lookup\/\"]}]},{\"@type\":\"ImageObject\",\"inLanguage\":\"es\",\"@id\":\"https:\/\/www.g729.es\/mnp-lookup\/#primaryimage\",\"url\":\"http:\/\/www.g729.es\/wp-content\/uploads\/2024\/09\/MNP1-1024x1024.jpg\",\"contentUrl\":\"http:\/\/www.g729.es\/wp-content\/uploads\/2024\/09\/MNP1-1024x1024.jpg\"},{\"@type\":\"BreadcrumbList\",\"@id\":\"https:\/\/www.g729.es\/mnp-lookup\/#breadcrumb\",\"itemListElement\":[{\"@type\":\"ListItem\",\"position\":1,\"name\":\"Portada\",\"item\":\"https:\/\/www.g729.es\/\"},{\"@type\":\"ListItem\",\"position\":2,\"name\":\"MNP LOOKUP\"}]},{\"@type\":\"WebSite\",\"@id\":\"https:\/\/www.g729.es\/#website\",\"url\":\"https:\/\/www.g729.es\/\",\"name\":\"G729 S.L. - Global SMS Bulk Solutions\",\"description\":\"Global Bulk SMS, OTP, 2FA, HLR, MNP, API SMS\",\"publisher\":{\"@id\":\"https:\/\/www.g729.es\/#organization\"},\"alternateName\":\"G729 S.L.\",\"potentialAction\":[{\"@type\":\"SearchAction\",\"target\":{\"@type\":\"EntryPoint\",\"urlTemplate\":\"https:\/\/www.g729.es\/?s={search_term_string}\"},\"query-input\":{\"@type\":\"PropertyValueSpecification\",\"valueRequired\":true,\"valueName\":\"search_term_string\"}}],\"inLanguage\":\"es\"},{\"@type\":\"Organization\",\"@id\":\"https:\/\/www.g729.es\/#organization\",\"name\":\"sms-web\",\"url\":\"https:\/\/www.g729.es\/\",\"logo\":{\"@type\":\"ImageObject\",\"inLanguage\":\"es\",\"@id\":\"https:\/\/www.g729.es\/#\/schema\/logo\/image\/\",\"url\":\"https:\/\/www.g729.es\/wp-content\/uploads\/2023\/05\/cropped-image.png\",\"contentUrl\":\"https:\/\/www.g729.es\/wp-content\/uploads\/2023\/05\/cropped-image.png\",\"width\":256,\"height\":76,\"caption\":\"sms-web\"},\"image\":{\"@id\":\"https:\/\/www.g729.es\/#\/schema\/logo\/image\/\"}}]}<\/script>\n<!-- \/ Yoast SEO plugin. -->","yoast_head_json":{"title":"MNP Lookup to Improve SMS Deliverability | G729 S.l.","description":"Avoid failed SMS deliveries with G729\u2019s MNP Lookup service. Identify ported numbers and optimize your messaging campaigns.","robots":{"index":"index","follow":"follow","max-snippet":"max-snippet:-1","max-image-preview":"max-image-preview:large","max-video-preview":"max-video-preview:-1"},"canonical":"https:\/\/www.g729.es\/es\/mnp-lookup\/","og_locale":"es_ES","og_type":"article","og_title":"MNP Lookup to Improve SMS Deliverability | G729 S.l.","og_description":"Avoid failed SMS deliveries with G729\u2019s MNP Lookup service. Identify ported numbers and optimize your messaging campaigns.","og_url":"https:\/\/www.g729.es\/es\/mnp-lookup\/","og_site_name":"G729 S.l.","article_modified_time":"2024-10-01T17:33:22+00:00","og_image":[{"url":"http:\/\/www.g729.es\/wp-content\/uploads\/2024\/09\/MNP1-1024x1024.jpg","type":"","width":"","height":""}],"twitter_card":"summary_large_image","twitter_misc":{"Tiempo de lectura":"2 minutos"},"schema":{"@context":"https:\/\/schema.org","@graph":[{"@type":"WebPage","@id":"https:\/\/www.g729.es\/mnp-lookup\/","url":"https:\/\/www.g729.es\/mnp-lookup\/","name":"MNP Lookup to Improve SMS Deliverability | G729 S.l.","isPartOf":{"@id":"https:\/\/www.g729.es\/#website"},"primaryImageOfPage":{"@id":"https:\/\/www.g729.es\/mnp-lookup\/#primaryimage"},"image":{"@id":"https:\/\/www.g729.es\/mnp-lookup\/#primaryimage"},"thumbnailUrl":"http:\/\/www.g729.es\/wp-content\/uploads\/2024\/09\/MNP1-1024x1024.jpg","datePublished":"2024-05-13T15:53:33+00:00","dateModified":"2024-10-01T17:33:22+00:00","description":"Avoid failed SMS deliveries with G729\u2019s MNP Lookup service. Identify ported numbers and optimize your messaging campaigns.","breadcrumb":{"@id":"https:\/\/www.g729.es\/mnp-lookup\/#breadcrumb"},"inLanguage":"es","potentialAction":[{"@type":"ReadAction","target":["https:\/\/www.g729.es\/mnp-lookup\/"]}]},{"@type":"ImageObject","inLanguage":"es","@id":"https:\/\/www.g729.es\/mnp-lookup\/#primaryimage","url":"http:\/\/www.g729.es\/wp-content\/uploads\/2024\/09\/MNP1-1024x1024.jpg","contentUrl":"http:\/\/www.g729.es\/wp-content\/uploads\/2024\/09\/MNP1-1024x1024.jpg"},{"@type":"BreadcrumbList","@id":"https:\/\/www.g729.es\/mnp-lookup\/#breadcrumb","itemListElement":[{"@type":"ListItem","position":1,"name":"Portada","item":"https:\/\/www.g729.es\/"},{"@type":"ListItem","position":2,"name":"MNP LOOKUP"}]},{"@type":"WebSite","@id":"https:\/\/www.g729.es\/#website","url":"https:\/\/www.g729.es\/","name":"G729 S.L. - Global SMS Bulk Solutions","description":"Global Bulk SMS, OTP, 2FA, HLR, MNP, API SMS","publisher":{"@id":"https:\/\/www.g729.es\/#organization"},"alternateName":"G729 S.L.","potentialAction":[{"@type":"SearchAction","target":{"@type":"EntryPoint","urlTemplate":"https:\/\/www.g729.es\/?s={search_term_string}"},"query-input":{"@type":"PropertyValueSpecification","valueRequired":true,"valueName":"search_term_string"}}],"inLanguage":"es"},{"@type":"Organization","@id":"https:\/\/www.g729.es\/#organization","name":"sms-web","url":"https:\/\/www.g729.es\/","logo":{"@type":"ImageObject","inLanguage":"es","@id":"https:\/\/www.g729.es\/#\/schema\/logo\/image\/","url":"https:\/\/www.g729.es\/wp-content\/uploads\/2023\/05\/cropped-image.png","contentUrl":"https:\/\/www.g729.es\/wp-content\/uploads\/2023\/05\/cropped-image.png","width":256,"height":76,"caption":"sms-web"},"image":{"@id":"https:\/\/www.g729.es\/#\/schema\/logo\/image\/"}}]}},"uagb_featured_image_src":{"full":false,"thumbnail":false,"medium":false,"medium_large":false,"large":false,"1536x1536":false,"2048x2048":false,"trp-custom-language-flag":false},"uagb_author_info":{"display_name":"Ad@mI3571","author_link":"https:\/\/www.g729.es\/es\/author\/admi3571\/"},"uagb_comment_info":0,"uagb_excerpt":null,"_links":{"self":[{"href":"https:\/\/www.g729.es\/es\/wp-json\/wp\/v2\/pages\/1655","targetHints":{"allow":["GET"]}}],"collection":[{"href":"https:\/\/www.g729.es\/es\/wp-json\/wp\/v2\/pages"}],"about":[{"href":"https:\/\/www.g729.es\/es\/wp-json\/wp\/v2\/types\/page"}],"author":[{"embeddable":true,"href":"https:\/\/www.g729.es\/es\/wp-json\/wp\/v2\/users\/1"}],"replies":[{"embeddable":true,"href":"https:\/\/www.g729.es\/es\/wp-json\/wp\/v2\/comments?post=1655"}],"version-history":[{"count":14,"href":"https:\/\/www.g729.es\/es\/wp-json\/wp\/v2\/pages\/1655\/revisions"}],"predecessor-version":[{"id":2237,"href":"https:\/\/www.g729.es\/es\/wp-json\/wp\/v2\/pages\/1655\/revisions\/2237"}],"wp:attachment":[{"href":"https:\/\/www.g729.es\/es\/wp-json\/wp\/v2\/media?parent=1655"}],"curies":[{"name":"wp","href":"https:\/\/api.w.org\/{rel}","templated":true}]}}