{"id":1662,"date":"2024-05-14T18:12:56","date_gmt":"2024-05-14T16:12:56","guid":{"rendered":"https:\/\/www.g729.es\/?page_id=1662"},"modified":"2024-10-01T19:21:16","modified_gmt":"2024-10-01T17:21:16","slug":"sms-to-voice","status":"publish","type":"page","link":"https:\/\/www.g729.es\/es\/sms-to-voice\/","title":{"rendered":"SMS a Voz"},"content":{"rendered":"<div class=\"wp-block-uagb-container uagb-block-lpiy9knt alignfull uagb-is-root-container\"><div class=\"uagb-container__shape uagb-container__shape-bottom uagb-container__invert\" data-negative=\"false\"><svg xmlns=\"https:\/\/www.w3.org\/2000\/svg\" viewbox=\"0 0 1000 100\" preserveaspectratio=\"none\"><path class=\"uagb-container__shape-fill\" d=\"M0,0c0,0,0,6,0,6.7c0,18,240.2,93.6,615.2,92.6C989.8,98.5,1000,25,1000,6.7c0-0.7,0-6.7,0-6.7H0z\"><\/path><\/svg><\/div><div class=\"uagb-container-inner-blocks-wrap\">\n<div class=\"wp-block-uagb-container uagb-block-mzlsjb5r\">\n<div class=\"wp-block-uagb-info-box uagb-block-kiexyifu uagb-infobox__content-wrap  uagb-infobox-icon-above-title uagb-infobox-image-valign-top\"><div class=\"uagb-ifb-content\"><div class=\"uagb-ifb-title-wrap\"><p class=\"uagb-ifb-title-prefix\">SMS a Voz<\/p><h1 class=\"uagb-ifb-title\"><strong>Env\u00ede mensajes impactantes y c\u00f3digos OTP con llamadas de voz<\/strong><\/h1><\/div><p class=\"uagb-ifb-desc\">En un mundo en el que la velocidad y la claridad de las comunicaciones son esenciales, G729 se enorgullece de ofrecer el <strong>SMS a Voz<\/strong> una soluci\u00f3n innovadora que le permite enviar mensajes a sus clientes a trav\u00e9s de llamadas de voz automatizadas, asegur\u00e1ndose de que oyen y entienden su mensaje con claridad.<\/p><\/div><\/div>\n\n\n\n<div class=\"wp-block-uagb-buttons uagb-buttons__outer-wrap uagb-btn__default-btn uagb-btn-tablet__default-btn uagb-btn-mobile__default-btn uagb-block-ya63uajs\"><div class=\"uagb-buttons__wrap uagb-buttons-layout-wrap\">\n<div class=\"wp-block-uagb-buttons-child uagb-buttons__outer-wrap uagb-block-u67bptdi wp-block-button\"><div class=\"uagb-button__wrapper\"><a class=\"uagb-buttons-repeater wp-block-button__link\" aria-label=\"\" href=\"https:\/\/www.g729.es\/es\/contact-us\/\" rel=\"follow noopener\" target=\"_self\" role=\"button\"><div class=\"uagb-button__link\">Quiero saber m\u00e1s<\/div><\/a><\/div><\/div>\n<\/div><\/div>\n<\/div>\n\n\n\n<div class=\"wp-block-uagb-image aligncenter uagb-block-m2dili0g wp-block-uagb-image--layout-default wp-block-uagb-image--effect-static wp-block-uagb-image--align-center alignleft\"><figure class=\"wp-block-uagb-image__figure\"><img decoding=\"async\" srcset=\"https:\/\/www.g729.es\/wp-content\/uploads\/2024\/09\/SMSV1.jpg ,https:\/\/www.g729.es\/wp-content\/uploads\/2024\/09\/SMSV1.jpg 780w, https:\/\/www.g729.es\/wp-content\/uploads\/2024\/09\/SMSV1.jpg 360w\" sizes=\"auto, (max-width: 480px) 150px\" src=\"https:\/\/www.g729.es\/wp-content\/uploads\/2024\/09\/SMSV1.jpg\" alt=\"SMS to Voice\" class=\"uag-image-2085\" width=\"564\" height=\"500\" title=\"SMS a Voz\" loading=\"lazy\" role=\"img\"\/><\/figure><\/div>\n<\/div><\/div>\n\n\n\n<div class=\"wp-block-uagb-container uagb-block-zrjwm1oe alignfull uagb-is-root-container\"><div class=\"uagb-container-inner-blocks-wrap\">\n<div class=\"wp-block-uagb-info-box uagb-block-0mjhhhfs uagb-infobox__content-wrap  uagb-infobox-icon-above-title uagb-infobox-image-valign-top\"><div class=\"uagb-ifb-content\"><div class=\"uagb-ifb-title-wrap\"><h1 class=\"uagb-ifb-title\"><strong>\u00bfQu\u00e9 es SMS a voz?<\/strong><\/h1><\/div><\/div><\/div>\n\n\n\n<div class=\"wp-block-uagb-info-box uagb-block-1j3pt1jm uagb-infobox__content-wrap  uagb-infobox-icon-above-title uagb-infobox-image-valign-top\"><div class=\"uagb-ifb-content\"><div class=\"uagb-ifb-title-wrap\"><\/div><p class=\"uagb-ifb-desc\">Es un servicio de vanguardia que convierte sus mensajes de texto en llamadas de voz. En lugar del t\u00edpico SMS, sus clientes recibir\u00e1n una llamada en la que el mensaje se transmite como una grabaci\u00f3n de voz. Este m\u00e9todo ofrece una forma distinta y eficaz de garantizar la comunicaci\u00f3n directa de su mensaje.<\/p><\/div><\/div>\n<\/div><\/div>\n\n\n\n<div class=\"wp-block-uagb-container uagb-block-29jf8dzz alignfull uagb-is-root-container\"><div class=\"uagb-container__shape uagb-container__shape-top\"><svg xmlns=\"https:\/\/www.w3.org\/2000\/svg\" viewbox=\"0 0 1000 100\" preserveaspectratio=\"none\"><path class=\"uagb-container__shape-fill\" d=\"M0,0c0,0,0,6,0,6.7c0,18,240.2,93.6,615.2,92.6C989.8,98.5,1000,25,1000,6.7c0-0.7,0-6.7,0-6.7H0z\"><\/path><\/svg><\/div><div class=\"uagb-container-inner-blocks-wrap\">\n<div class=\"wp-block-uagb-info-box uagb-block-wdr8hl4e uagb-infobox__content-wrap  uagb-infobox-icon-above-title uagb-infobox-image-valign-top\"><div class=\"uagb-ifb-content\"><div class=\"uagb-ifb-title-wrap\"><p class=\"uagb-ifb-title-prefix\">G729 S.L.<\/p><h2 class=\"uagb-ifb-title\"><strong>Principales ventajas<\/strong><\/h2><\/div><\/div><\/div>\n\n\n\n<div class=\"wp-block-uagb-container uagb-layout-grid uagb-block-5qvfh90v\">\n<div class=\"wp-block-uagb-info-box uagb-block-mnrm7thx uagb-infobox__content-wrap  uagb-infobox-icon-above-title uagb-infobox-image-valign-top\"><div class=\"uagb-ifb-content\"><div class=\"uagb-ifb-title-wrap\"><p class=\"uagb-ifb-title-prefix\">01<\/p><h3 class=\"uagb-ifb-title\"><strong>Mayor alcance de audiencia<\/strong><\/h3><\/div><p class=\"uagb-ifb-desc\">A diferencia de los SMS tradicionales, que se limitan a los dispositivos m\u00f3viles, ampl\u00eda tu alcance enviando mensajes tanto a tel\u00e9fonos m\u00f3viles como fijos, lo que te permite conectar con un p\u00fablico m\u00e1s amplio.<\/p><\/div><\/div>\n\n\n\n<div class=\"wp-block-uagb-info-box uagb-block-qfddsxka uagb-infobox__content-wrap  uagb-infobox-icon-above-title uagb-infobox-image-valign-top\"><div class=\"uagb-ifb-content\"><div class=\"uagb-ifb-title-wrap\"><p class=\"uagb-ifb-title-prefix\">02<\/p><h3 class=\"uagb-ifb-title\"><strong>Mensajes de gran impacto<\/strong><\/h3><\/div><p class=\"uagb-ifb-desc\">Ideal para notificaciones urgentes o que llamen la atenci\u00f3n, garantiza que su mensaje no s\u00f3lo llegue, sino que tambi\u00e9n se oiga, dejando una impresi\u00f3n duradera en sus clientes.<\/p><\/div><\/div>\n\n\n\n<div class=\"wp-block-uagb-info-box uagb-block-uh1r69ky uagb-infobox__content-wrap  uagb-infobox-icon-above-title uagb-infobox-image-valign-top\"><div class=\"uagb-ifb-content\"><div class=\"uagb-ifb-title-wrap\"><p class=\"uagb-ifb-title-prefix\">03<\/p><h3 class=\"uagb-ifb-title\"><strong>Multiling\u00fce y personalizado<\/strong><\/h3><\/div><p class=\"uagb-ifb-desc\">Nuestra plataforma admite varios idiomas y opciones de voz, lo que le permite adaptar su mensaje a las preferencias ling\u00fc\u00edsticas del destinatario. Tambi\u00e9n puedes a\u00f1adir detalles personalizados para que tu comunicaci\u00f3n sea m\u00e1s atractiva y relevante.<\/p><\/div><\/div>\n\n\n\n<div class=\"wp-block-uagb-info-box uagb-block-dmnuspex uagb-infobox__content-wrap  uagb-infobox-icon-above-title uagb-infobox-image-valign-top\"><div class=\"uagb-ifb-content\"><div class=\"uagb-ifb-title-wrap\"><p class=\"uagb-ifb-title-prefix\">04<\/p><h3 class=\"uagb-ifb-title\"><strong>Seguimiento del rendimiento<\/strong><\/h3><\/div><p class=\"uagb-ifb-desc\">Gracias a las herramientas avanzadas de seguimiento y an\u00e1lisis, podr\u00e1 controlar el \u00e9xito de sus campa\u00f1as, lo que le proporcionar\u00e1 informaci\u00f3n valiosa para perfeccionar su estrategia de comunicaci\u00f3n y mejorar la captaci\u00f3n de clientes.<\/p><\/div><\/div>\n\n\n\n<div class=\"wp-block-uagb-info-box uagb-block-caxe4nhl uagb-infobox__content-wrap  uagb-infobox-icon-above-title uagb-infobox-image-valign-top\"><div class=\"uagb-ifb-content\"><div class=\"uagb-ifb-title-wrap\"><p class=\"uagb-ifb-title-prefix\">05<\/p><h3 class=\"uagb-ifb-title\"><strong>Integraci\u00f3n perfecta del sistema<\/strong><\/h3><\/div><p class=\"uagb-ifb-desc\"><strong>SMS a Voz<\/strong> se integra f\u00e1cilmente con su software actual, incluidos los CRM y las plataformas de atenci\u00f3n al cliente. Esto le permite centralizar las comunicaciones y ofrecer servicios personalizados a sus clientes.<\/p><\/div><\/div>\n\n\n\n<div class=\"wp-block-uagb-info-box uagb-block-w3o7pebo uagb-infobox__content-wrap  uagb-infobox-icon-above-title uagb-infobox-image-valign-top\"><div class=\"uagb-ifb-content\"><div class=\"uagb-ifb-title-wrap\"><p class=\"uagb-ifb-title-prefix\">06<\/p><h3 class=\"uagb-ifb-title\"><strong>Adaptabilidad global<\/strong><\/h3><\/div><p class=\"uagb-ifb-desc\"><strong>Este servicio<\/strong> es ideal para situaciones en las que los SMS tradicionales no pueden enviarse, como en pa\u00edses con restricciones de mensajer\u00eda de texto. Esta soluci\u00f3n le permite superar estas limitaciones y llegar a sus clientes independientemente de las barreras geogr\u00e1ficas o normativas.<\/p><\/div><\/div>\n<\/div>\n<\/div><\/div>\n\n\n\n<div class=\"wp-block-uagb-container uagb-block-zhipjx39 alignfull uagb-is-root-container\"><div class=\"uagb-container-inner-blocks-wrap\">\n<div class=\"wp-block-uagb-image aligncenter uagb-block-j3ld3aml wp-block-uagb-image--layout-default wp-block-uagb-image--effect-static wp-block-uagb-image--align-center alignleft\"><figure class=\"wp-block-uagb-image__figure\"><img decoding=\"async\" srcset=\"https:\/\/www.g729.es\/wp-content\/uploads\/2024\/09\/SMSV3-1024x445.jpg ,https:\/\/www.g729.es\/wp-content\/uploads\/2024\/09\/SMSV3.jpg 780w, httpss:\/\/www.g729.es\/wp-content\/uploads\/2024\/09\/SMSV3-300x130.jpg 360w\" sizes=\"auto, (max-width: 480px) 150px\" src=\"https:\/\/www.g729.es\/wp-content\/uploads\/2024\/09\/SMSV3-1024x445.jpg\" alt=\"SMS to Voice\" class=\"uag-image-2086\" width=\"927\" height=\"400\" title=\"SMS a Voz\" loading=\"lazy\" role=\"img\"\/><\/figure><\/div>\n<\/div><\/div>\n\n\n\n<div class=\"wp-block-uagb-container uagb-block-3c221c5b alignfull uagb-is-root-container\"><div class=\"uagb-container__shape uagb-container__shape-top\"><svg xmlns=\"https:\/\/www.w3.org\/2000\/svg\" viewbox=\"0 0 937.5 120\" preserveaspectratio=\"none\"><path class=\"uagb-container__shape-fill\" d=\"M937.5,124.3V0H0v124.3C0,100.8,227.4,2.9,578.9,4.1C926.9,0.3,937.5,100.4,937.5,124.3z\"><\/path><\/svg><\/div><div class=\"uagb-container-inner-blocks-wrap\">\n<div class=\"wp-block-uagb-info-box uagb-block-229eb902 uagb-infobox__content-wrap  uagb-infobox-icon-above-title uagb-infobox-image-valign-top\"><div class=\"uagb-ifb-content\"><div class=\"uagb-ifb-title-wrap\"><h1 class=\"uagb-ifb-title\"><strong>Env\u00edo de OTP mediante integraci\u00f3n de voz y API<\/strong><\/h1><\/div><\/div><\/div>\n\n\n\n<div class=\"wp-block-uagb-info-box uagb-block-1a73852f uagb-infobox__content-wrap  uagb-infobox-icon-above-title uagb-infobox-image-valign-top\"><div class=\"uagb-ifb-content\"><div class=\"uagb-ifb-title-wrap\"><\/div><p class=\"uagb-ifb-desc\">Nuestro servicio incluye <strong>One-Time Password (OTP)<\/strong> proporcionando una opci\u00f3n segura de autenticaci\u00f3n. Utilizando nuestra API, puede enviar c\u00f3digos OTP a trav\u00e9s de llamadas de voz, garantizando la protecci\u00f3n de las transacciones sensibles. Mostramos el identificador de llamada (CLI) durante la llamada y, cuando la red lo admite, la OTP se entrega directamente durante la llamada para garantizar una verificaci\u00f3n segura.<\/p><\/div><\/div>\n<\/div><\/div>\n\n\n\n<div class=\"wp-block-uagb-container uagb-block-4a7s7onw alignfull uagb-is-root-container\"><div class=\"uagb-container-inner-blocks-wrap\">\n<div class=\"wp-block-uagb-container uagb-block-vbpvyxg8\">\n<div class=\"wp-block-uagb-info-box uagb-block-5gytg174 uagb-infobox__content-wrap  uagb-infobox-icon-above-title uagb-infobox-image-valign-top\"><div class=\"uagb-ifb-content\"><div class=\"uagb-ifb-title-wrap\"><h2 class=\"uagb-ifb-title\"><strong>Empieza a utilizar SMS to Voice hoy mismo para mejorar tu estrategia de comunicaci\u00f3n. <\/strong><\/h2><\/div><p class=\"uagb-ifb-desc\">En G729 S.L, nuestro objetivo es dotar a su empresa de las herramientas necesarias para comunicarse eficazmente y aumentar su base de clientes. Con <strong>SMS a Voz<\/strong>, puede estar seguro de que sus mensajes se transmiten con claridad y eficacia, est\u00e9n donde est\u00e9n sus clientes. <strong>P\u00f3ngase en contacto con nosotros para obtener m\u00e1s informaci\u00f3n o para comenzar su prueba gratuita.<\/strong><\/p><\/div><\/div>\n\n\n\n<div class=\"wp-block-uagb-buttons uagb-buttons__outer-wrap uagb-btn__default-btn uagb-btn-tablet__default-btn uagb-btn-mobile__default-btn uagb-block-zhkm0xt4\"><div class=\"uagb-buttons__wrap uagb-buttons-layout-wrap\">\n<div class=\"wp-block-uagb-buttons-child uagb-buttons__outer-wrap uagb-block-67tpz3h5 wp-block-button\"><div class=\"uagb-button__wrapper\"><a class=\"uagb-buttons-repeater wp-block-button__link\" aria-label=\"\" href=\"https:\/\/www.g729.es\/es\/contact-us\/\" rel=\"follow noopener\" target=\"_self\" role=\"button\"><div class=\"uagb-button__link\">Comienza hoy!<\/div><\/a><\/div><\/div>\n<\/div><\/div>\n<\/div>\n<\/div><\/div>","protected":false},"excerpt":{"rendered":"","protected":false},"author":1,"featured_media":0,"parent":0,"menu_order":0,"comment_status":"closed","ping_status":"closed","template":"","meta":{"_uag_custom_page_level_css":"","footnotes":""},"class_list":["post-1662","page","type-page","status-publish"],"yoast_head":"<!-- This site is optimized with the Yoast SEO plugin v24.6 - https:\/\/yoast.com\/wordpress\/plugins\/seo\/ -->\n<title>SMS to Voice | Convert Your Text Messages into Calls | G729 S.l.<\/title>\n<meta name=\"description\" content=\"Reach a wider audience by converting text messages into voice calls with G729&#039;s SMS to Voice service. Boost engagement easily.\" \/>\n<meta name=\"robots\" content=\"index, follow, max-snippet:-1, max-image-preview:large, max-video-preview:-1\" \/>\n<link rel=\"canonical\" href=\"http:\/\/www.g729.es\/es\/sms-to-voice\/\" \/>\n<meta property=\"og:locale\" content=\"es_ES\" \/>\n<meta property=\"og:type\" content=\"article\" \/>\n<meta property=\"og:title\" content=\"SMS to Voice | Convert Your Text Messages into Calls | G729 S.l.\" \/>\n<meta property=\"og:description\" content=\"Reach a wider audience by converting text messages into voice calls with G729&#039;s SMS to Voice service. Boost engagement easily.\" \/>\n<meta property=\"og:url\" content=\"http:\/\/www.g729.es\/es\/sms-to-voice\/\" \/>\n<meta property=\"og:site_name\" content=\"G729 S.l.\" \/>\n<meta property=\"article:modified_time\" content=\"2024-10-01T17:21:16+00:00\" \/>\n<meta property=\"og:image\" content=\"http:\/\/www.g729.es\/wp-content\/uploads\/2024\/09\/SMSV1.jpg\" \/>\n<meta name=\"twitter:card\" content=\"summary_large_image\" \/>\n<meta name=\"twitter:label1\" content=\"Tiempo de lectura\" \/>\n\t<meta name=\"twitter:data1\" content=\"3 minutos\" \/>\n<script type=\"application\/ld+json\" class=\"yoast-schema-graph\">{\"@context\":\"https:\/\/schema.org\",\"@graph\":[{\"@type\":\"WebPage\",\"@id\":\"http:\/\/www.g729.es\/sms-to-voice\/\",\"url\":\"http:\/\/www.g729.es\/sms-to-voice\/\",\"name\":\"SMS to Voice | Convert Your Text Messages into Calls | G729 S.l.\",\"isPartOf\":{\"@id\":\"https:\/\/www.g729.es\/#website\"},\"primaryImageOfPage\":{\"@id\":\"http:\/\/www.g729.es\/sms-to-voice\/#primaryimage\"},\"image\":{\"@id\":\"http:\/\/www.g729.es\/sms-to-voice\/#primaryimage\"},\"thumbnailUrl\":\"http:\/\/www.g729.es\/wp-content\/uploads\/2024\/09\/SMSV1.jpg\",\"datePublished\":\"2024-05-14T16:12:56+00:00\",\"dateModified\":\"2024-10-01T17:21:16+00:00\",\"description\":\"Reach a wider audience by converting text messages into voice calls with G729's SMS to Voice service. Boost engagement easily.\",\"breadcrumb\":{\"@id\":\"http:\/\/www.g729.es\/sms-to-voice\/#breadcrumb\"},\"inLanguage\":\"es\",\"potentialAction\":[{\"@type\":\"ReadAction\",\"target\":[\"http:\/\/www.g729.es\/sms-to-voice\/\"]}]},{\"@type\":\"ImageObject\",\"inLanguage\":\"es\",\"@id\":\"http:\/\/www.g729.es\/sms-to-voice\/#primaryimage\",\"url\":\"http:\/\/www.g729.es\/wp-content\/uploads\/2024\/09\/SMSV1.jpg\",\"contentUrl\":\"http:\/\/www.g729.es\/wp-content\/uploads\/2024\/09\/SMSV1.jpg\"},{\"@type\":\"BreadcrumbList\",\"@id\":\"http:\/\/www.g729.es\/sms-to-voice\/#breadcrumb\",\"itemListElement\":[{\"@type\":\"ListItem\",\"position\":1,\"name\":\"Portada\",\"item\":\"https:\/\/www.g729.es\/\"},{\"@type\":\"ListItem\",\"position\":2,\"name\":\"SMS to Voice\"}]},{\"@type\":\"WebSite\",\"@id\":\"https:\/\/www.g729.es\/#website\",\"url\":\"https:\/\/www.g729.es\/\",\"name\":\"G729 S.L. - Global SMS Bulk Solutions\",\"description\":\"Global Bulk SMS, OTP, 2FA, HLR, MNP, API SMS\",\"publisher\":{\"@id\":\"https:\/\/www.g729.es\/#organization\"},\"alternateName\":\"G729 S.L.\",\"potentialAction\":[{\"@type\":\"SearchAction\",\"target\":{\"@type\":\"EntryPoint\",\"urlTemplate\":\"https:\/\/www.g729.es\/?s={search_term_string}\"},\"query-input\":{\"@type\":\"PropertyValueSpecification\",\"valueRequired\":true,\"valueName\":\"search_term_string\"}}],\"inLanguage\":\"es\"},{\"@type\":\"Organization\",\"@id\":\"https:\/\/www.g729.es\/#organization\",\"name\":\"sms-web\",\"url\":\"https:\/\/www.g729.es\/\",\"logo\":{\"@type\":\"ImageObject\",\"inLanguage\":\"es\",\"@id\":\"https:\/\/www.g729.es\/#\/schema\/logo\/image\/\",\"url\":\"https:\/\/www.g729.es\/wp-content\/uploads\/2023\/05\/cropped-image.png\",\"contentUrl\":\"https:\/\/www.g729.es\/wp-content\/uploads\/2023\/05\/cropped-image.png\",\"width\":256,\"height\":76,\"caption\":\"sms-web\"},\"image\":{\"@id\":\"https:\/\/www.g729.es\/#\/schema\/logo\/image\/\"}}]}<\/script>\n<!-- \/ Yoast SEO plugin. -->","yoast_head_json":{"title":"SMS to Voice | Convert Your Text Messages into Calls | G729 S.l.","description":"Reach a wider audience by converting text messages into voice calls with G729's SMS to Voice service. Boost engagement easily.","robots":{"index":"index","follow":"follow","max-snippet":"max-snippet:-1","max-image-preview":"max-image-preview:large","max-video-preview":"max-video-preview:-1"},"canonical":"http:\/\/www.g729.es\/es\/sms-to-voice\/","og_locale":"es_ES","og_type":"article","og_title":"SMS to Voice | Convert Your Text Messages into Calls | G729 S.l.","og_description":"Reach a wider audience by converting text messages into voice calls with G729's SMS to Voice service. Boost engagement easily.","og_url":"http:\/\/www.g729.es\/es\/sms-to-voice\/","og_site_name":"G729 S.l.","article_modified_time":"2024-10-01T17:21:16+00:00","og_image":[{"url":"http:\/\/www.g729.es\/wp-content\/uploads\/2024\/09\/SMSV1.jpg","type":"","width":"","height":""}],"twitter_card":"summary_large_image","twitter_misc":{"Tiempo de lectura":"3 minutos"},"schema":{"@context":"https:\/\/schema.org","@graph":[{"@type":"WebPage","@id":"http:\/\/www.g729.es\/sms-to-voice\/","url":"http:\/\/www.g729.es\/sms-to-voice\/","name":"SMS to Voice | Convert Your Text Messages into Calls | G729 S.l.","isPartOf":{"@id":"https:\/\/www.g729.es\/#website"},"primaryImageOfPage":{"@id":"http:\/\/www.g729.es\/sms-to-voice\/#primaryimage"},"image":{"@id":"http:\/\/www.g729.es\/sms-to-voice\/#primaryimage"},"thumbnailUrl":"http:\/\/www.g729.es\/wp-content\/uploads\/2024\/09\/SMSV1.jpg","datePublished":"2024-05-14T16:12:56+00:00","dateModified":"2024-10-01T17:21:16+00:00","description":"Reach a wider audience by converting text messages into voice calls with G729's SMS to Voice service. Boost engagement easily.","breadcrumb":{"@id":"http:\/\/www.g729.es\/sms-to-voice\/#breadcrumb"},"inLanguage":"es","potentialAction":[{"@type":"ReadAction","target":["http:\/\/www.g729.es\/sms-to-voice\/"]}]},{"@type":"ImageObject","inLanguage":"es","@id":"http:\/\/www.g729.es\/sms-to-voice\/#primaryimage","url":"http:\/\/www.g729.es\/wp-content\/uploads\/2024\/09\/SMSV1.jpg","contentUrl":"http:\/\/www.g729.es\/wp-content\/uploads\/2024\/09\/SMSV1.jpg"},{"@type":"BreadcrumbList","@id":"http:\/\/www.g729.es\/sms-to-voice\/#breadcrumb","itemListElement":[{"@type":"ListItem","position":1,"name":"Portada","item":"https:\/\/www.g729.es\/"},{"@type":"ListItem","position":2,"name":"SMS to Voice"}]},{"@type":"WebSite","@id":"https:\/\/www.g729.es\/#website","url":"https:\/\/www.g729.es\/","name":"G729 S.L. - Global SMS Bulk Solutions","description":"Global Bulk SMS, OTP, 2FA, HLR, MNP, API SMS","publisher":{"@id":"https:\/\/www.g729.es\/#organization"},"alternateName":"G729 S.L.","potentialAction":[{"@type":"SearchAction","target":{"@type":"EntryPoint","urlTemplate":"https:\/\/www.g729.es\/?s={search_term_string}"},"query-input":{"@type":"PropertyValueSpecification","valueRequired":true,"valueName":"search_term_string"}}],"inLanguage":"es"},{"@type":"Organization","@id":"https:\/\/www.g729.es\/#organization","name":"sms-web","url":"https:\/\/www.g729.es\/","logo":{"@type":"ImageObject","inLanguage":"es","@id":"https:\/\/www.g729.es\/#\/schema\/logo\/image\/","url":"https:\/\/www.g729.es\/wp-content\/uploads\/2023\/05\/cropped-image.png","contentUrl":"https:\/\/www.g729.es\/wp-content\/uploads\/2023\/05\/cropped-image.png","width":256,"height":76,"caption":"sms-web"},"image":{"@id":"https:\/\/www.g729.es\/#\/schema\/logo\/image\/"}}]}},"uagb_featured_image_src":{"full":false,"thumbnail":false,"medium":false,"medium_large":false,"large":false,"1536x1536":false,"2048x2048":false,"trp-custom-language-flag":false},"uagb_author_info":{"display_name":"Ad@mI3571","author_link":"https:\/\/www.g729.es\/es\/author\/admi3571\/"},"uagb_comment_info":0,"uagb_excerpt":null,"_links":{"self":[{"href":"https:\/\/www.g729.es\/es\/wp-json\/wp\/v2\/pages\/1662","targetHints":{"allow":["GET"]}}],"collection":[{"href":"https:\/\/www.g729.es\/es\/wp-json\/wp\/v2\/pages"}],"about":[{"href":"https:\/\/www.g729.es\/es\/wp-json\/wp\/v2\/types\/page"}],"author":[{"embeddable":true,"href":"https:\/\/www.g729.es\/es\/wp-json\/wp\/v2\/users\/1"}],"replies":[{"embeddable":true,"href":"https:\/\/www.g729.es\/es\/wp-json\/wp\/v2\/comments?post=1662"}],"version-history":[{"count":13,"href":"https:\/\/www.g729.es\/es\/wp-json\/wp\/v2\/pages\/1662\/revisions"}],"predecessor-version":[{"id":2235,"href":"https:\/\/www.g729.es\/es\/wp-json\/wp\/v2\/pages\/1662\/revisions\/2235"}],"wp:attachment":[{"href":"https:\/\/www.g729.es\/es\/wp-json\/wp\/v2\/media?parent=1662"}],"curies":[{"name":"wp","href":"https:\/\/api.w.org\/{rel}","templated":true}]}}