{"id":176,"date":"2022-11-23T13:49:03","date_gmt":"2022-11-23T12:49:03","guid":{"rendered":"https:\/\/www.g729.es\/?page_id=176"},"modified":"2024-09-30T19:54:21","modified_gmt":"2024-09-30T17:54:21","slug":"2-way-sms","status":"publish","type":"page","link":"https:\/\/www.g729.es\/es\/2-way-sms\/","title":{"rendered":"Sms 2 ways"},"content":{"rendered":"<div class=\"wp-block-uagb-container uagb-block-9em05za7 alignfull uagb-is-root-container\"><div class=\"uagb-container-inner-blocks-wrap\">\n<div class=\"wp-block-uagb-info-box uagb-block-jfq0l4hz uagb-infobox__content-wrap  uagb-infobox-icon-above-title uagb-infobox-image-valign-top\"><div class=\"uagb-ifb-content\"><div class=\"uagb-ifb-title-wrap\"><span class=\"uagb-ifb-title-prefix\"><strong>MENSAJER\u00cdA SMS BIDIRECCIONAL<\/strong><\/span><h2 class=\"uagb-ifb-title\"><strong>Consiga una comunicaci\u00f3n bidireccional fluida con nuestra soluci\u00f3n SMS bidireccional<\/strong><\/h2><\/div><p class=\"uagb-ifb-desc\">Dise\u00f1ado para facilitar la mensajer\u00eda bidireccional entre usted y sus clientes. No s\u00f3lo puede enviar mensajes salientes, sino tambi\u00e9n recibir respuestas, lo que permite mantener conversaciones din\u00e1micas y en tiempo real. Esto mejora el compromiso con el cliente y ayuda a ofrecer un servicio m\u00e1s personalizado y eficaz.<\/p><\/div><\/div>\n\n\n\n<div class=\"wp-block-uagb-image alignleft uagb-block-zmgflcfl wp-block-uagb-image--layout-default wp-block-uagb-image--effect-static wp-block-uagb-image--align-left\"><figure class=\"wp-block-uagb-image__figure\"><img decoding=\"async\" srcset=\"https:\/\/www.g729.es\/wp-content\/uploads\/2024\/09\/jpeg-optimizer_1.png ,https:\/\/www.g729.es\/wp-content\/uploads\/2024\/09\/jpeg-optimizer_1.png 780w, https:\/\/www.g729.es\/wp-content\/uploads\/2024\/09\/jpeg-optimizer_1.png 360w\" sizes=\"auto, (max-width: 480px) 150px\" src=\"https:\/\/www.g729.es\/wp-content\/uploads\/2024\/09\/jpeg-optimizer_1.png\" alt=\"2-Way SMS Messaging\" class=\"uag-image-2051\" width=\"468\" height=\"450\" title=\"2-Way SMS Messaging\" loading=\"lazy\" role=\"img\"\/><\/figure><\/div>\n<\/div><\/div>\n\n\n\n<div class=\"wp-block-uagb-container uagb-block-n5iorqf1 alignfull uagb-is-root-container\"><div class=\"uagb-container__shape uagb-container__shape-top\"><svg xmlns=\"https:\/\/www.w3.org\/2000\/svg\" viewbox=\"0 0 283.5 19.6\" preserveaspectratio=\"none\"><path class=\"uagb-container__shape-fill\" opacity=\"0.33\" d=\"M0 0L0 18.8 141.8 4.1 283.5 18.8 283.5 0z\"><\/path><path class=\"uagb-container__shape-fill\" opacity=\"0.33\" d=\"M0 0L0 12.6 141.8 4 283.5 12.6 283.5 0z\"><\/path><path class=\"uagb-container__shape-fill\" opacity=\"0.33\" d=\"M0 0L0 6.4 141.8 4 283.5 6.4 283.5 0z\"><\/path><path class=\"uagb-container__shape-fill\" d=\"M0 0L0 1.2 141.8 4 283.5 1.2 283.5 0z\"><\/path><\/svg><\/div><div class=\"uagb-container-inner-blocks-wrap\">\n<div class=\"wp-block-uagb-container uagb-block-btm06v0d\">\n<div class=\"wp-block-uagb-image alignleft uagb-block-ouweqxyx wp-block-uagb-image--layout-default wp-block-uagb-image--effect-static wp-block-uagb-image--align-left\"><figure class=\"wp-block-uagb-image__figure\"><img decoding=\"async\" srcset=\"https:\/\/www.g729.es\/wp-content\/uploads\/2024\/09\/jpeg-optimizer_2W1.png ,https:\/\/www.g729.es\/wp-content\/uploads\/2024\/09\/jpeg-optimizer_2W1.png 780w, https:\/\/www.g729.es\/wp-content\/uploads\/2024\/09\/jpeg-optimizer_2W1.png 360w\" sizes=\"auto, (max-width: 480px) 150px\" src=\"https:\/\/www.g729.es\/wp-content\/uploads\/2024\/09\/jpeg-optimizer_2W1.png\" alt=\"2-Way SMS Messaging\" class=\"uag-image-2053\" width=\"474\" height=\"400\" title=\"Conversaciones en Tiempo Real\" loading=\"lazy\" role=\"img\"\/><\/figure><\/div>\n\n\n\n<div class=\"wp-block-uagb-info-box uagb-block-cluabapi uagb-infobox__content-wrap  uagb-infobox-icon-above-title uagb-infobox-image-valign-top\"><div class=\"uagb-ifb-content\"><div class=\"uagb-ifb-title-wrap\"><h3 class=\"uagb-ifb-title\"><strong>Conversaciones en Tiempo Real<\/strong><\/h3><\/div><p class=\"uagb-ifb-desc\">Mejore la calidad de las interacciones con los clientes ofreciendo respuestas inmediatas y en tiempo real a trav\u00e9s de SMS. Nuestra plataforma le permite gestionar tanto los mensajes salientes como los entrantes en un sistema racionalizado, lo que facilita la comunicaci\u00f3n y mejora la experiencia del usuario. Esta configuraci\u00f3n permite resolver r\u00e1pidamente las consultas, lo que aumenta la satisfacci\u00f3n del cliente y fomenta unas relaciones m\u00e1s s\u00f3lidas con \u00e9l.<\/p><\/div><\/div>\n<\/div>\n\n\n\n<div class=\"wp-block-uagb-container uagb-block-uvb4vljl\">\n<div class=\"wp-block-uagb-info-box uagb-block-vkfvactb uagb-infobox__content-wrap  uagb-infobox-icon-above-title uagb-infobox-image-valign-top\"><div class=\"uagb-ifb-content\"><div class=\"uagb-ifb-title-wrap\"><h3 class=\"uagb-ifb-title\"><strong>Respuestas Automatizadas<\/strong><\/h3><\/div><p class=\"uagb-ifb-desc\">Mejore su servicio de atenci\u00f3n al cliente configurando respuestas autom\u00e1ticas que proporcionen asistencia inmediata. Configure las respuestas en funci\u00f3n de palabras clave o patrones espec\u00edficos, lo que le permitir\u00e1 gestionar eficazmente las preguntas m\u00e1s frecuentes. Estas respuestas autom\u00e1ticas pueden ofrecer detalles importantes, enlaces o informaci\u00f3n de contacto, garantizando que los clientes reciban respuestas oportunas y \u00fatiles.<\/p><\/div><\/div>\n\n\n\n<div class=\"wp-block-uagb-image alignleft uagb-block-3jaj6gjf wp-block-uagb-image--layout-default wp-block-uagb-image--effect-static wp-block-uagb-image--align-left\"><figure class=\"wp-block-uagb-image__figure\"><img decoding=\"async\" srcset=\"https:\/\/www.g729.es\/wp-content\/uploads\/2024\/09\/jpeg-optimizer_2W2.png ,https:\/\/www.g729.es\/wp-content\/uploads\/2024\/09\/jpeg-optimizer_2W2.png 780w, https:\/\/www.g729.es\/wp-content\/uploads\/2024\/09\/jpeg-optimizer_2W2.png 360w\" sizes=\"auto, (max-width: 480px) 150px\" src=\"https:\/\/www.g729.es\/wp-content\/uploads\/2024\/09\/jpeg-optimizer_2W2.png\" alt=\"Automated Responses\" class=\"uag-image-2054\" width=\"458\" height=\"400\" title=\"Respuestas Automatizadas\" loading=\"lazy\" role=\"img\"\/><\/figure><\/div>\n<\/div>\n\n\n\n<div class=\"wp-block-uagb-container uagb-block-cedhqqel\">\n<div class=\"wp-block-uagb-image alignleft uagb-block-3btwoyjg wp-block-uagb-image--layout-default wp-block-uagb-image--effect-static wp-block-uagb-image--align-left\"><figure class=\"wp-block-uagb-image__figure\"><img decoding=\"async\" srcset=\"https:\/\/www.g729.es\/wp-content\/uploads\/2024\/09\/jpeg-optimizer_2W3.png ,https:\/\/www.g729.es\/wp-content\/uploads\/2024\/09\/jpeg-optimizer_2W3.png 780w, https:\/\/www.g729.es\/wp-content\/uploads\/2024\/09\/jpeg-optimizer_2W3.png 360w\" sizes=\"auto, (max-width: 480px) 150px\" src=\"https:\/\/www.g729.es\/wp-content\/uploads\/2024\/09\/jpeg-optimizer_2W3.png\" alt=\"Centralized Communication Hub\" class=\"uag-image-2055\" width=\"447\" height=\"400\" title=\"Centro de Comunicaciones Centralizado\" loading=\"lazy\" role=\"img\"\/><\/figure><\/div>\n\n\n\n<div class=\"wp-block-uagb-info-box uagb-block-jjbq0jqz uagb-infobox__content-wrap  uagb-infobox-icon-above-title uagb-infobox-image-valign-top\"><div class=\"uagb-ifb-content\"><div class=\"uagb-ifb-title-wrap\"><h3 class=\"uagb-ifb-title\"><strong>Centro de Comunicaciones Centralizado<\/strong><\/h3><\/div><p class=\"uagb-ifb-desc\">Simplifique su flujo de trabajo de mensajer\u00eda centralizando todas las comunicaciones entrantes. A trav\u00e9s de nuestra plataforma, puede gestionar y responder a las consultas de los clientes de forma eficaz, mantener historiales de conversaciones y supervisar las interacciones en curso. Tambi\u00e9n puede asignar mensajes a departamentos o miembros de equipo espec\u00edficos, mejorando la colaboraci\u00f3n interna e impulsando la eficacia operativa.<\/p><\/div><\/div>\n<\/div>\n\n\n\n<div class=\"wp-block-uagb-container uagb-block-c135df04\">\n<div class=\"wp-block-uagb-info-box uagb-block-5c8b70f0 uagb-infobox__content-wrap  uagb-infobox-icon-above-title uagb-infobox-image-valign-top\"><div class=\"uagb-ifb-content\"><div class=\"uagb-ifb-title-wrap\"><h3 class=\"uagb-ifb-title\"><strong>Personalizaci\u00f3n Avanzada de Mensajes<\/strong><\/h3><\/div><p class=\"uagb-ifb-desc\">Profundice en las relaciones con sus clientes con mensajes SMS personalizados. A\u00f1ada nombres, detalles espec\u00edficos y otros datos relevantes para que sus comunicaciones sean m\u00e1s atractivas e impactantes. La personalizaci\u00f3n le permite adaptar los mensajes a las preferencias individuales, aumentando la relevancia y la eficacia general de sus mensajes.<\/p><\/div><\/div>\n\n\n\n<div class=\"wp-block-uagb-image aligncenter uagb-block-1b8cda7b wp-block-uagb-image--layout-default wp-block-uagb-image--effect-static wp-block-uagb-image--align-center alignleft\"><figure class=\"wp-block-uagb-image__figure\"><img decoding=\"async\" srcset=\"https:\/\/www.g729.es\/wp-content\/uploads\/2024\/09\/jpeg-optimizer_2W4.png ,https:\/\/www.g729.es\/wp-content\/uploads\/2024\/09\/jpeg-optimizer_2W4.png 780w, https:\/\/www.g729.es\/wp-content\/uploads\/2024\/09\/jpeg-optimizer_2W4.png 360w\" sizes=\"auto, (max-width: 480px) 150px\" src=\"https:\/\/www.g729.es\/wp-content\/uploads\/2024\/09\/jpeg-optimizer_2W4.png\" alt=\"Advanced Message Customization\" class=\"uag-image-2056\" width=\"445\" height=\"400\" title=\"Personalizaci\u00f3n Avanzada de Mensajes\" loading=\"lazy\" role=\"img\"\/><\/figure><\/div>\n<\/div>\n<\/div><\/div>\n\n\n\n<div class=\"wp-block-uagb-container uagb-block-otqihiup alignfull uagb-is-root-container\"><div class=\"uagb-container-inner-blocks-wrap\">\n<div class=\"wp-block-uagb-container uagb-block-94cv5wzi\">\n<div class=\"wp-block-uagb-info-box uagb-block-97mlevah uagb-infobox__content-wrap  uagb-infobox-icon-above-title uagb-infobox-image-valign-top\"><div class=\"uagb-ifb-content\"><div class=\"uagb-ifb-title-wrap\"><p class=\"uagb-ifb-title-prefix\">Comienza hoy<\/p><h2 class=\"uagb-ifb-title\">Con nuestra soluci\u00f3n de mensajer\u00eda SMS bidireccional, puede llevar la comunicaci\u00f3n con sus clientes al siguiente nivel.<\/h2><\/div><p class=\"uagb-ifb-desc\">Ya sea para gestionar consultas, realizar encuestas interactivas o prestar asistencia en tiempo real, nuestra plataforma proporciona las herramientas necesarias para una comunicaci\u00f3n bidireccional eficaz a trav\u00e9s de mensajes de texto.<\/p><\/div><\/div>\n\n\n\n<div class=\"wp-block-uagb-buttons uagb-buttons__outer-wrap uagb-btn__default-btn uagb-btn-tablet__default-btn uagb-btn-mobile__default-btn uagb-block-ilsgmxpx\"><div class=\"uagb-buttons__wrap uagb-buttons-layout-wrap\">\n<div class=\"wp-block-uagb-buttons-child uagb-buttons__outer-wrap uagb-block-qrh3zu9m wp-block-button\"><div class=\"uagb-button__wrapper\"><a class=\"uagb-buttons-repeater wp-block-button__link\" aria-label=\"\" href=\"https:\/\/www.g729.es\/es\/contact-us\/\" rel=\"follow noopener\" target=\"_self\" role=\"button\"><div class=\"uagb-button__link\">Quiero saber m\u00e1s<\/div><\/a><\/div><\/div>\n<\/div><\/div>\n<\/div>\n<\/div><\/div>","protected":false},"excerpt":{"rendered":"","protected":false},"author":1,"featured_media":0,"parent":0,"menu_order":0,"comment_status":"closed","ping_status":"closed","template":"","meta":{"_uag_custom_page_level_css":"","footnotes":""},"class_list":["post-176","page","type-page","status-publish"],"yoast_head":"<!-- This site is optimized with the Yoast SEO plugin v24.6 - https:\/\/yoast.com\/wordpress\/plugins\/seo\/ -->\n<title>2-Way SMS Messaging to Engage Customers | G729 S.l.<\/title>\n<meta name=\"description\" content=\"Build stronger connections with 2-Way SMS Messaging from G729. Send and receive SMS effortlessly to enhance engagement.\" \/>\n<meta name=\"robots\" content=\"index, follow, max-snippet:-1, max-image-preview:large, max-video-preview:-1\" \/>\n<link rel=\"canonical\" href=\"http:\/\/www.g729.es\/es\/2-way-sms\/\" \/>\n<meta property=\"og:locale\" content=\"es_ES\" \/>\n<meta property=\"og:type\" content=\"article\" \/>\n<meta property=\"og:title\" content=\"2-Way SMS Messaging to Engage Customers | G729 S.l.\" \/>\n<meta property=\"og:description\" content=\"Build stronger connections with 2-Way SMS Messaging from G729. Send and receive SMS effortlessly to enhance engagement.\" \/>\n<meta property=\"og:url\" content=\"http:\/\/www.g729.es\/es\/2-way-sms\/\" \/>\n<meta property=\"og:site_name\" content=\"G729 S.l.\" \/>\n<meta property=\"article:modified_time\" content=\"2024-09-30T17:54:21+00:00\" \/>\n<meta property=\"og:image\" content=\"http:\/\/www.g729.es\/wp-content\/uploads\/2024\/09\/jpeg-optimizer_1.png\" \/>\n<meta name=\"twitter:card\" content=\"summary_large_image\" \/>\n<meta name=\"twitter:label1\" content=\"Tiempo de lectura\" \/>\n\t<meta name=\"twitter:data1\" content=\"3 minutos\" \/>\n<script type=\"application\/ld+json\" class=\"yoast-schema-graph\">{\"@context\":\"https:\/\/schema.org\",\"@graph\":[{\"@type\":\"WebPage\",\"@id\":\"http:\/\/www.g729.es\/2-way-sms\/\",\"url\":\"http:\/\/www.g729.es\/2-way-sms\/\",\"name\":\"2-Way SMS Messaging to Engage Customers | G729 S.l.\",\"isPartOf\":{\"@id\":\"https:\/\/www.g729.es\/#website\"},\"primaryImageOfPage\":{\"@id\":\"http:\/\/www.g729.es\/2-way-sms\/#primaryimage\"},\"image\":{\"@id\":\"http:\/\/www.g729.es\/2-way-sms\/#primaryimage\"},\"thumbnailUrl\":\"http:\/\/www.g729.es\/wp-content\/uploads\/2024\/09\/jpeg-optimizer_1.png\",\"datePublished\":\"2022-11-23T12:49:03+00:00\",\"dateModified\":\"2024-09-30T17:54:21+00:00\",\"description\":\"Build stronger connections with 2-Way SMS Messaging from G729. Send and receive SMS effortlessly to enhance engagement.\",\"breadcrumb\":{\"@id\":\"http:\/\/www.g729.es\/2-way-sms\/#breadcrumb\"},\"inLanguage\":\"es\",\"potentialAction\":[{\"@type\":\"ReadAction\",\"target\":[\"http:\/\/www.g729.es\/2-way-sms\/\"]}]},{\"@type\":\"ImageObject\",\"inLanguage\":\"es\",\"@id\":\"http:\/\/www.g729.es\/2-way-sms\/#primaryimage\",\"url\":\"http:\/\/www.g729.es\/wp-content\/uploads\/2024\/09\/jpeg-optimizer_1.png\",\"contentUrl\":\"http:\/\/www.g729.es\/wp-content\/uploads\/2024\/09\/jpeg-optimizer_1.png\"},{\"@type\":\"BreadcrumbList\",\"@id\":\"http:\/\/www.g729.es\/2-way-sms\/#breadcrumb\",\"itemListElement\":[{\"@type\":\"ListItem\",\"position\":1,\"name\":\"Portada\",\"item\":\"https:\/\/www.g729.es\/\"},{\"@type\":\"ListItem\",\"position\":2,\"name\":\"Sms 2 ways\"}]},{\"@type\":\"WebSite\",\"@id\":\"https:\/\/www.g729.es\/#website\",\"url\":\"https:\/\/www.g729.es\/\",\"name\":\"G729 S.L. - Global SMS Bulk Solutions\",\"description\":\"Global Bulk SMS, OTP, 2FA, HLR, MNP, API SMS\",\"publisher\":{\"@id\":\"https:\/\/www.g729.es\/#organization\"},\"alternateName\":\"G729 S.L.\",\"potentialAction\":[{\"@type\":\"SearchAction\",\"target\":{\"@type\":\"EntryPoint\",\"urlTemplate\":\"https:\/\/www.g729.es\/?s={search_term_string}\"},\"query-input\":{\"@type\":\"PropertyValueSpecification\",\"valueRequired\":true,\"valueName\":\"search_term_string\"}}],\"inLanguage\":\"es\"},{\"@type\":\"Organization\",\"@id\":\"https:\/\/www.g729.es\/#organization\",\"name\":\"sms-web\",\"url\":\"https:\/\/www.g729.es\/\",\"logo\":{\"@type\":\"ImageObject\",\"inLanguage\":\"es\",\"@id\":\"https:\/\/www.g729.es\/#\/schema\/logo\/image\/\",\"url\":\"https:\/\/www.g729.es\/wp-content\/uploads\/2023\/05\/cropped-image.png\",\"contentUrl\":\"https:\/\/www.g729.es\/wp-content\/uploads\/2023\/05\/cropped-image.png\",\"width\":256,\"height\":76,\"caption\":\"sms-web\"},\"image\":{\"@id\":\"https:\/\/www.g729.es\/#\/schema\/logo\/image\/\"}}]}<\/script>\n<!-- \/ Yoast SEO plugin. -->","yoast_head_json":{"title":"2-Way SMS Messaging to Engage Customers | G729 S.l.","description":"Build stronger connections with 2-Way SMS Messaging from G729. Send and receive SMS effortlessly to enhance engagement.","robots":{"index":"index","follow":"follow","max-snippet":"max-snippet:-1","max-image-preview":"max-image-preview:large","max-video-preview":"max-video-preview:-1"},"canonical":"http:\/\/www.g729.es\/es\/2-way-sms\/","og_locale":"es_ES","og_type":"article","og_title":"2-Way SMS Messaging to Engage Customers | G729 S.l.","og_description":"Build stronger connections with 2-Way SMS Messaging from G729. Send and receive SMS effortlessly to enhance engagement.","og_url":"http:\/\/www.g729.es\/es\/2-way-sms\/","og_site_name":"G729 S.l.","article_modified_time":"2024-09-30T17:54:21+00:00","og_image":[{"url":"http:\/\/www.g729.es\/wp-content\/uploads\/2024\/09\/jpeg-optimizer_1.png","type":"","width":"","height":""}],"twitter_card":"summary_large_image","twitter_misc":{"Tiempo de lectura":"3 minutos"},"schema":{"@context":"https:\/\/schema.org","@graph":[{"@type":"WebPage","@id":"http:\/\/www.g729.es\/2-way-sms\/","url":"http:\/\/www.g729.es\/2-way-sms\/","name":"2-Way SMS Messaging to Engage Customers | G729 S.l.","isPartOf":{"@id":"https:\/\/www.g729.es\/#website"},"primaryImageOfPage":{"@id":"http:\/\/www.g729.es\/2-way-sms\/#primaryimage"},"image":{"@id":"http:\/\/www.g729.es\/2-way-sms\/#primaryimage"},"thumbnailUrl":"http:\/\/www.g729.es\/wp-content\/uploads\/2024\/09\/jpeg-optimizer_1.png","datePublished":"2022-11-23T12:49:03+00:00","dateModified":"2024-09-30T17:54:21+00:00","description":"Build stronger connections with 2-Way SMS Messaging from G729. Send and receive SMS effortlessly to enhance engagement.","breadcrumb":{"@id":"http:\/\/www.g729.es\/2-way-sms\/#breadcrumb"},"inLanguage":"es","potentialAction":[{"@type":"ReadAction","target":["http:\/\/www.g729.es\/2-way-sms\/"]}]},{"@type":"ImageObject","inLanguage":"es","@id":"http:\/\/www.g729.es\/2-way-sms\/#primaryimage","url":"http:\/\/www.g729.es\/wp-content\/uploads\/2024\/09\/jpeg-optimizer_1.png","contentUrl":"http:\/\/www.g729.es\/wp-content\/uploads\/2024\/09\/jpeg-optimizer_1.png"},{"@type":"BreadcrumbList","@id":"http:\/\/www.g729.es\/2-way-sms\/#breadcrumb","itemListElement":[{"@type":"ListItem","position":1,"name":"Portada","item":"https:\/\/www.g729.es\/"},{"@type":"ListItem","position":2,"name":"Sms 2 ways"}]},{"@type":"WebSite","@id":"https:\/\/www.g729.es\/#website","url":"https:\/\/www.g729.es\/","name":"G729 S.L. - Global SMS Bulk Solutions","description":"Global Bulk SMS, OTP, 2FA, HLR, MNP, API SMS","publisher":{"@id":"https:\/\/www.g729.es\/#organization"},"alternateName":"G729 S.L.","potentialAction":[{"@type":"SearchAction","target":{"@type":"EntryPoint","urlTemplate":"https:\/\/www.g729.es\/?s={search_term_string}"},"query-input":{"@type":"PropertyValueSpecification","valueRequired":true,"valueName":"search_term_string"}}],"inLanguage":"es"},{"@type":"Organization","@id":"https:\/\/www.g729.es\/#organization","name":"sms-web","url":"https:\/\/www.g729.es\/","logo":{"@type":"ImageObject","inLanguage":"es","@id":"https:\/\/www.g729.es\/#\/schema\/logo\/image\/","url":"https:\/\/www.g729.es\/wp-content\/uploads\/2023\/05\/cropped-image.png","contentUrl":"https:\/\/www.g729.es\/wp-content\/uploads\/2023\/05\/cropped-image.png","width":256,"height":76,"caption":"sms-web"},"image":{"@id":"https:\/\/www.g729.es\/#\/schema\/logo\/image\/"}}]}},"uagb_featured_image_src":{"full":false,"thumbnail":false,"medium":false,"medium_large":false,"large":false,"1536x1536":false,"2048x2048":false,"trp-custom-language-flag":false},"uagb_author_info":{"display_name":"Ad@mI3571","author_link":"https:\/\/www.g729.es\/es\/author\/admi3571\/"},"uagb_comment_info":0,"uagb_excerpt":null,"_links":{"self":[{"href":"https:\/\/www.g729.es\/es\/wp-json\/wp\/v2\/pages\/176","targetHints":{"allow":["GET"]}}],"collection":[{"href":"https:\/\/www.g729.es\/es\/wp-json\/wp\/v2\/pages"}],"about":[{"href":"https:\/\/www.g729.es\/es\/wp-json\/wp\/v2\/types\/page"}],"author":[{"embeddable":true,"href":"https:\/\/www.g729.es\/es\/wp-json\/wp\/v2\/users\/1"}],"replies":[{"embeddable":true,"href":"https:\/\/www.g729.es\/es\/wp-json\/wp\/v2\/comments?post=176"}],"version-history":[{"count":12,"href":"https:\/\/www.g729.es\/es\/wp-json\/wp\/v2\/pages\/176\/revisions"}],"predecessor-version":[{"id":2226,"href":"https:\/\/www.g729.es\/es\/wp-json\/wp\/v2\/pages\/176\/revisions\/2226"}],"wp:attachment":[{"href":"https:\/\/www.g729.es\/es\/wp-json\/wp\/v2\/media?parent=176"}],"curies":[{"name":"wp","href":"https:\/\/api.w.org\/{rel}","templated":true}]}}