{"id":203,"date":"2023-05-02T18:25:13","date_gmt":"2023-05-02T16:25:13","guid":{"rendered":"https:\/\/www.g729.es\/?page_id=203"},"modified":"2024-10-08T19:03:25","modified_gmt":"2024-10-08T17:03:25","slug":"sms-api","status":"publish","type":"page","link":"https:\/\/www.g729.es\/es\/sms-api\/","title":{"rendered":"Api SMS"},"content":{"rendered":"<div class=\"wp-block-uagb-container uagb-block-j7uxju1x alignfull uagb-is-root-container\"><div class=\"uagb-container-inner-blocks-wrap\">\n<div class=\"wp-block-uagb-container uagb-block-dyvsuig1\">\n<div class=\"wp-block-uagb-info-box uagb-block-tl8kj1eh uagb-infobox__content-wrap  uagb-infobox-icon-above-title uagb-infobox-image-valign-top\"><div class=\"uagb-ifb-content\"><div class=\"uagb-ifb-title-wrap\"><p class=\"uagb-ifb-title-prefix\">Integraci\u00f3n de SMS API para su empresa<\/p><h1 class=\"uagb-ifb-title\"><strong>Integre f\u00e1cilmente nuestra potente API de SMS en su aplicaci\u00f3n o sistema<\/strong><\/h1><\/div><p class=\"uagb-ifb-desc\">Es una soluci\u00f3n sencilla y eficaz para habilitar la funcionalidad SMS en su plataforma actual. Con nuestra API, podr\u00e1s aprovechar al m\u00e1ximo las funciones de nuestra plataforma para enviar mensajes de texto de forma automatizada y program\u00e1tica.<\/p><\/div><\/div>\n\n\n\n<div class=\"wp-block-uagb-buttons uagb-buttons__outer-wrap uagb-btn__default-btn uagb-btn-tablet__default-btn uagb-btn-mobile__default-btn uagb-block-tgdk6pyk\"><div class=\"uagb-buttons__wrap uagb-buttons-layout-wrap\">\n<div class=\"wp-block-uagb-buttons-child uagb-buttons__outer-wrap uagb-block-qlnziyut wp-block-button\"><div class=\"uagb-button__wrapper\"><a class=\"uagb-buttons-repeater wp-block-button__link\" aria-label=\"\" href=\"https:\/\/www.g729.es\/es\/contact-us\/\" rel=\"follow noopener\" target=\"_self\" role=\"button\"><div class=\"uagb-button__link\">Quiero saber m\u00e1s<\/div><\/a><\/div><\/div>\n<\/div><\/div>\n<\/div>\n\n\n\n<div class=\"wp-block-uagb-image aligncenter uagb-block-dwfyxmgt wp-block-uagb-image--layout-default wp-block-uagb-image--effect-static wp-block-uagb-image--align-center alignleft\"><figure class=\"wp-block-uagb-image__figure\"><img decoding=\"async\" srcset=\"https:\/\/www.g729.es\/wp-content\/uploads\/2024\/09\/MENSAJES.jpg ,httpss:\/\/www.g729.es\/wp-content\/uploads\/2024\/09\/MENSAJES-300x267.jpg 780w, httpss:\/\/www.g729.es\/wp-content\/uploads\/2024\/09\/MENSAJES-300x267.jpg 360w\" sizes=\"auto, (max-width: 480px) 150px\" src=\"https:\/\/www.g729.es\/wp-content\/uploads\/2024\/09\/MENSAJES.jpg\" alt=\"SMS API integration\" class=\"uag-image-2010\" width=\"564\" height=\"500\" title=\"SMS API integration\" loading=\"lazy\" role=\"img\"\/><\/figure><\/div>\n<\/div><\/div>\n\n\n\n<div class=\"wp-block-uagb-container uagb-block-0zsodtd5 alignfull uagb-is-root-container\"><div class=\"uagb-container-inner-blocks-wrap\">\n<div class=\"wp-block-uagb-info-box uagb-block-ncmbazej uagb-infobox__content-wrap  uagb-infobox-icon-above-title uagb-infobox-image-valign-top\"><div class=\"uagb-ifb-content\"><div class=\"uagb-ifb-title-wrap\"><h2 class=\"uagb-ifb-title\"><strong>\u00bfPor qu\u00e9 elegir nuestra API?<\/strong><\/h2><\/div><p class=\"uagb-ifb-desc\">Descubra las principales ventajas de nuestra plataforma de SMS masivos.<\/p><\/div><\/div>\n\n\n\n<div class=\"wp-block-uagb-container uagb-layout-grid uagb-block-vp6bwkkn\">\n<div class=\"wp-block-uagb-container uagb-block-2zemjwze\">\n<div class=\"wp-block-uagb-info-box uagb-block-kct3dcg7 uagb-infobox__content-wrap  uagb-infobox-icon-above-title uagb-infobox-image-valign-top\"><div class=\"uagb-ifb-content\"><div class=\"uagb-ifb-icon-wrap\"><svg xmlns=\"https:\/\/www.w3.org\/2000\/svg\" viewbox=\"0 0 512 512\"><path d=\"M320 488C320 497.5 314.4 506.1 305.8 509.9C297.1 513.8 286.1 512.2 279.9 505.8L199.9 433.8C194.9 429.3 192 422.8 192 416C192 409.2 194.9 402.7 199.9 398.2L279.9 326.2C286.1 319.8 297.1 318.2 305.8 322.1C314.4 325.9 320 334.5 320 344V384H336C371.3 384 400 355.3 400 320V153.3C371.7 140.1 352 112.8 352 80C352 35.82 387.8 0 432 0C476.2 0 512 35.82 512 80C512 112.8 492.3 140.1 464 153.3V320C464 390.7 406.7 448 336 448H320V488zM456 79.1C456 66.74 445.3 55.1 432 55.1C418.7 55.1 408 66.74 408 79.1C408 93.25 418.7 103.1 432 103.1C445.3 103.1 456 93.25 456 79.1zM192 24C192 14.52 197.6 5.932 206.2 2.076C214.9-1.78 225-.1789 232.1 6.161L312.1 78.16C317.1 82.71 320 89.2 320 96C320 102.8 317.1 109.3 312.1 113.8L232.1 185.8C225 192.2 214.9 193.8 206.2 189.9C197.6 186.1 192 177.5 192 168V128H176C140.7 128 112 156.7 112 192V358.7C140.3 371 160 399.2 160 432C160 476.2 124.2 512 80 512C35.82 512 0 476.2 0 432C0 399.2 19.75 371 48 358.7V192C48 121.3 105.3 64 176 64H192V24zM56 432C56 445.3 66.75 456 80 456C93.25 456 104 445.3 104 432C104 418.7 93.25 408 80 408C66.75 408 56 418.7 56 432z\"><\/path><\/svg><\/div><div class=\"uagb-ifb-title-wrap\"><h3 class=\"uagb-ifb-title\"><strong>Integraci\u00f3n perfecta<\/strong><\/h3><\/div><p class=\"uagb-ifb-desc\">Nuestra API est\u00e1 dise\u00f1ada para integrarse sin esfuerzo en sus sistemas o aplicaciones existentes. Con una completa documentaci\u00f3n y ejemplos de c\u00f3digo, podr\u00e1 empezar a trabajar r\u00e1pidamente y sin problemas.<\/p><\/div><\/div>\n<\/div>\n\n\n\n<div class=\"wp-block-uagb-container uagb-block-djdtgps2\">\n<div class=\"wp-block-uagb-info-box uagb-block-qpltd6my uagb-infobox__content-wrap  uagb-infobox-icon-above-title uagb-infobox-image-valign-top\"><div class=\"uagb-ifb-content\"><div class=\"uagb-ifb-icon-wrap\"><svg xmlns=\"https:\/\/www.w3.org\/2000\/svg\" viewbox=\"0 0 576 512\"><path d=\"M0 64C0 28.65 28.65 0 64 0H224V128C224 145.7 238.3 160 256 160H384V299.6L289.3 394.3C281.1 402.5 275.3 412.8 272.5 424.1L257.4 484.2C255.1 493.6 255.7 503.2 258.8 512H64C28.65 512 0 483.3 0 448V64zM256 128V0L384 128H256zM564.1 250.1C579.8 265.7 579.8 291 564.1 306.7L534.7 336.1L463.8 265.1L493.2 235.7C508.8 220.1 534.1 220.1 549.8 235.7L564.1 250.1zM311.9 416.1L441.1 287.8L512.1 358.7L382.9 487.9C378.8 492 373.6 494.9 368 496.3L307.9 511.4C302.4 512.7 296.7 511.1 292.7 507.2C288.7 503.2 287.1 497.4 288.5 491.1L303.5 431.8C304.9 426.2 307.8 421.1 311.9 416.1V416.1z\"><\/path><\/svg><\/div><div class=\"uagb-ifb-title-wrap\"><h3 class=\"uagb-ifb-title\"><strong>Personalizaci\u00f3n mejorada<\/strong><\/h3><\/div><p class=\"uagb-ifb-desc\">Personaliza tus mensajes SMS adapt\u00e1ndolos a los datos espec\u00edficos de tus destinatarios. A\u00f1ade nombres, fechas u otros detalles importantes para que tu comunicaci\u00f3n sea m\u00e1s espec\u00edfica e impactante.<\/p><\/div><\/div>\n<\/div>\n\n\n\n<div class=\"wp-block-uagb-container uagb-block-zqhtnehn\">\n<div class=\"wp-block-uagb-info-box uagb-block-ve3pgpkt uagb-infobox__content-wrap  uagb-infobox-icon-above-title uagb-infobox-image-valign-top\"><div class=\"uagb-ifb-content\"><div class=\"uagb-ifb-icon-wrap\"><svg xmlns=\"https:\/\/www.w3.org\/2000\/svg\" viewbox=\"0 0 448 512\"><path d=\"M160 32V64H288V32C288 14.33 302.3 0 320 0C337.7 0 352 14.33 352 32V64H400C426.5 64 448 85.49 448 112V160H0V112C0 85.49 21.49 64 48 64H96V32C96 14.33 110.3 0 128 0C145.7 0 160 14.33 160 32zM0 192H448V464C448 490.5 426.5 512 400 512H48C21.49 512 0 490.5 0 464V192zM64 304C64 312.8 71.16 320 80 320H112C120.8 320 128 312.8 128 304V272C128 263.2 120.8 256 112 256H80C71.16 256 64 263.2 64 272V304zM192 304C192 312.8 199.2 320 208 320H240C248.8 320 256 312.8 256 304V272C256 263.2 248.8 256 240 256H208C199.2 256 192 263.2 192 272V304zM336 256C327.2 256 320 263.2 320 272V304C320 312.8 327.2 320 336 320H368C376.8 320 384 312.8 384 304V272C384 263.2 376.8 256 368 256H336zM64 432C64 440.8 71.16 448 80 448H112C120.8 448 128 440.8 128 432V400C128 391.2 120.8 384 112 384H80C71.16 384 64 391.2 64 400V432zM208 384C199.2 384 192 391.2 192 400V432C192 440.8 199.2 448 208 448H240C248.8 448 256 440.8 256 432V400C256 391.2 248.8 384 240 384H208zM320 432C320 440.8 327.2 448 336 448H368C376.8 448 384 440.8 384 432V400C384 391.2 376.8 384 368 384H336C327.2 384 320 391.2 320 400V432z\"><\/path><\/svg><\/div><div class=\"uagb-ifb-title-wrap\"><h3 class=\"uagb-ifb-title\"><strong>Programaci\u00f3n automatizada de SMS<\/strong><\/h3><\/div><p class=\"uagb-ifb-desc\">Nuestra API de SMS le permite automatizar el env\u00edo de mensajes, facilitando la programaci\u00f3n de comunicaciones basadas en activadores o eventos espec\u00edficos.<\/p><\/div><\/div>\n<\/div>\n\n\n\n<div class=\"wp-block-uagb-container uagb-block-pcqi2fyy\">\n<div class=\"wp-block-uagb-info-box uagb-block-olelgpuc uagb-infobox__content-wrap  uagb-infobox-icon-above-title uagb-infobox-image-valign-top\"><div class=\"uagb-ifb-content\"><div class=\"uagb-ifb-icon-wrap\"><svg xmlns=\"https:\/\/www.w3.org\/2000\/svg\" viewbox=\"0 0 448 512\"><path d=\"M160 80C160 53.49 181.5 32 208 32H240C266.5 32 288 53.49 288 80V432C288 458.5 266.5 480 240 480H208C181.5 480 160 458.5 160 432V80zM0 272C0 245.5 21.49 224 48 224H80C106.5 224 128 245.5 128 272V432C128 458.5 106.5 480 80 480H48C21.49 480 0 458.5 0 432V272zM400 96C426.5 96 448 117.5 448 144V432C448 458.5 426.5 480 400 480H368C341.5 480 320 458.5 320 432V144C320 117.5 341.5 96 368 96H400z\"><\/path><\/svg><\/div><div class=\"uagb-ifb-title-wrap\"><h3 class=\"uagb-ifb-title\"><strong>Supervisi\u00f3n y an\u00e1lisis en tiempo real<\/strong><\/h3><\/div><p class=\"uagb-ifb-desc\">Obtenga informaci\u00f3n valiosa sobre el rendimiento de sus campa\u00f1as de SMS a trav\u00e9s de nuestra API. Podr\u00e1s realizar un seguimiento de las tasas de entrega, recibir confirmaciones y acceder a estad\u00edsticas en tiempo real para medir la eficacia de tus campa\u00f1as.<\/p><\/div><\/div>\n<\/div>\n\n\n\n<div class=\"wp-block-uagb-container uagb-block-zgirxpoz\">\n<div class=\"wp-block-uagb-info-box uagb-block-qpsz8aiv uagb-infobox__content-wrap  uagb-infobox-icon-above-title uagb-infobox-image-valign-top\"><div class=\"uagb-ifb-content\"><div class=\"uagb-ifb-icon-wrap\"><svg xmlns=\"https:\/\/www.w3.org\/2000\/svg\" viewbox=\"0 0 512 512\"><path d=\"M331.8 224.1c28.29 0 54.88 10.99 74.86 30.97l19.59 19.59c40.01-17.74 71.25-53.3 81.62-96.65c5.725-23.92 5.34-47.08 .2148-68.4c-2.613-10.88-16.43-14.51-24.34-6.604l-68.9 68.9h-75.6V97.2l68.9-68.9c7.912-7.912 4.275-21.73-6.604-24.34c-21.32-5.125-44.48-5.51-68.4 .2148c-55.3 13.23-98.39 60.22-107.2 116.4C224.5 128.9 224.2 137 224.3 145l82.78 82.86C315.2 225.1 323.5 224.1 331.8 224.1zM384 278.6c-23.16-23.16-57.57-27.57-85.39-13.9L191.1 158L191.1 95.99l-127.1-95.99L0 63.1l96 127.1l62.04 .0077l106.7 106.6c-13.67 27.82-9.251 62.23 13.91 85.39l117 117.1c14.62 14.5 38.21 14.5 52.71-.0016l52.75-52.75c14.5-14.5 14.5-38.08-.0016-52.71L384 278.6zM227.9 307L168.7 247.9l-148.9 148.9c-26.37 26.37-26.37 69.08 0 95.45C32.96 505.4 50.21 512 67.5 512s34.54-6.592 47.72-19.78l119.1-119.1C225.5 352.3 222.6 329.4 227.9 307zM64 472c-13.25 0-24-10.75-24-24c0-13.26 10.75-24 24-24S88 434.7 88 448C88 461.3 77.25 472 64 472z\"><\/path><\/svg><\/div><div class=\"uagb-ifb-title-wrap\"><h3 class=\"uagb-ifb-title\"><strong>Asistencia t\u00e9cnica especializada<\/strong><\/h3><\/div><p class=\"uagb-ifb-desc\">Nuestro equipo de asistencia t\u00e9cnica est\u00e1 aqu\u00ed para guiarle en cada paso del proceso. Si tienes alguna duda o te enfrentas a alg\u00fan problema durante el proceso de integraci\u00f3n, estamos listos para ayudarte.<\/p><\/div><\/div>\n<\/div>\n<\/div>\n<\/div><\/div>\n\n\n\n<div class=\"wp-block-uagb-container uagb-block-nzlyxof0 alignfull uagb-is-root-container\"><div class=\"uagb-container__shape uagb-container__shape-top\"><svg xmlns=\"https:\/\/www.w3.org\/2000\/svg\" viewbox=\"0 0 283.5 19.6\" preserveaspectratio=\"none\"><path class=\"uagb-container__shape-fill\" opacity=\"0.33\" d=\"M0 0L0 18.8 141.8 4.1 283.5 18.8 283.5 0z\"><\/path><path class=\"uagb-container__shape-fill\" opacity=\"0.33\" d=\"M0 0L0 12.6 141.8 4 283.5 12.6 283.5 0z\"><\/path><path class=\"uagb-container__shape-fill\" opacity=\"0.33\" d=\"M0 0L0 6.4 141.8 4 283.5 6.4 283.5 0z\"><\/path><path class=\"uagb-container__shape-fill\" d=\"M0 0L0 1.2 141.8 4 283.5 1.2 283.5 0z\"><\/path><\/svg><\/div><div class=\"uagb-container-inner-blocks-wrap\">\n<div class=\"wp-block-uagb-info-box uagb-block-vbfcpfdb uagb-infobox__content-wrap  uagb-infobox-icon-above-title uagb-infobox-image-valign-top\"><div class=\"uagb-ifb-content\"><div class=\"uagb-ifb-title-wrap\"><span class=\"uagb-ifb-title-prefix\"><strong>G729 S.L.<\/strong><\/span><h2 class=\"uagb-ifb-title\"><strong>Ventajas de utilizar nuestra API<\/strong><\/h2><\/div><p class=\"uagb-ifb-desc\">La integraci\u00f3n de nuestra API de SMS en su sistema o aplicaci\u00f3n aporta varias ventajas importantes. Le permite automatizar y programar f\u00e1cilmente la mensajer\u00eda SMS, ahorrando tiempo y reduciendo costes al eliminar la necesidad de realizar env\u00edos manuales.<\/p><\/div><\/div>\n\n\n\n<div class=\"wp-block-uagb-container uagb-block-blahvnxm\">\n<div class=\"wp-block-uagb-container uagb-layout-flex uagb-block-h6hv6wu1\">\n<div class=\"wp-block-uagb-info-box uagb-block-zeukh1in uagb-infobox__content-wrap  uagb-infobox-icon-above-title uagb-infobox-image-valign-top\"><div class=\"uagb-ifb-content\"><div class=\"uagb-ifb-title-wrap\"><h3 class=\"uagb-ifb-title\"><strong>Nuestra API ofrece funciones avanzadas de personalizaci\u00f3n, lo que le permite ofrecer experiencias de comunicaci\u00f3n m\u00e1s relevantes y atractivas para sus usuarios.<\/strong><\/h3><\/div><p class=\"uagb-ifb-desc\">Gracias al seguimiento detallado y a los an\u00e1lisis en tiempo real que proporciona nuestra API, podr\u00e1s evaluar la eficacia de tus campa\u00f1as y perfeccionar tu estrategia de comunicaci\u00f3n seg\u00fan sea necesario. Adem\u00e1s, nuestro equipo de soporte t\u00e9cnico especializado est\u00e1 siempre disponible para ayudarte, garantizando una integraci\u00f3n perfecta y un rendimiento \u00f3ptimo de tu sistema de env\u00edo de SMS.<\/p><\/div><\/div>\n\n\n\n<div class=\"wp-block-uagb-buttons uagb-buttons__outer-wrap uagb-btn__default-btn uagb-btn-tablet__default-btn uagb-btn-mobile__default-btn uagb-block-k1cmjsi6\"><div class=\"uagb-buttons__wrap uagb-buttons-layout-wrap\">\n<div class=\"wp-block-uagb-buttons-child uagb-buttons__outer-wrap uagb-block-p3yyjv2l wp-block-button\"><div class=\"uagb-button__wrapper\"><a class=\"uagb-buttons-repeater wp-block-button__link\" aria-label=\"\" href=\"https:\/\/www.g729.es\/es\/contact-us\/\" rel=\"follow noopener\" target=\"_self\" role=\"button\"><div class=\"uagb-button__link\">Quiero integrar la API<\/div><\/a><\/div><\/div>\n<\/div><\/div>\n<\/div>\n\n\n\n<div class=\"wp-block-uagb-image alignleft uagb-block-xsvfiyjc wp-block-uagb-image--layout-default wp-block-uagb-image--effect-static wp-block-uagb-image--align-left\"><figure class=\"wp-block-uagb-image__figure\"><img decoding=\"async\" srcset=\"https:\/\/www.g729.es\/wp-content\/uploads\/2024\/09\/4-1024x1024.jpg ,https:\/\/www.g729.es\/wp-content\/uploads\/2024\/09\/4.jpg 780w, https:\/\/www.g729.es\/wp-content\/uploads\/2024\/09\/4.jpg 360w\" sizes=\"auto, (max-width: 480px) 150px\" src=\"https:\/\/www.g729.es\/wp-content\/uploads\/2024\/09\/4-1024x1024.jpg\" alt=\"SMS API integration\" class=\"uag-image-2011\" width=\"443\" height=\"400\" title=\"SMS API integration\" loading=\"lazy\" role=\"img\"\/><\/figure><\/div>\n<\/div>\n<\/div><\/div>\n\n\n\n<div class=\"wp-block-uagb-container uagb-block-fchgx3rc alignfull uagb-is-root-container\"><div class=\"uagb-container-inner-blocks-wrap\">\n<div class=\"wp-block-uagb-info-box uagb-block-isyghuxg uagb-infobox__content-wrap  uagb-infobox-icon-above-title uagb-infobox-image-valign-top\"><div class=\"uagb-ifb-content\"><div class=\"uagb-ifb-title-wrap\"><p class=\"uagb-ifb-title-prefix\">Implemente nuestra API<\/p><h2 class=\"uagb-ifb-title\">Explora c\u00f3mo nuestra integraci\u00f3n API de SMS puede revolucionar tus comunicaciones y mejorar la experiencia de tus usuarios. Empieza ya a cosechar los frutos de la integraci\u00f3n de SMS<\/h2><\/div><\/div><\/div>\n\n\n\n<div class=\"wp-block-uagb-buttons uagb-buttons__outer-wrap uagb-btn__default-btn uagb-btn-tablet__default-btn uagb-btn-mobile__default-btn uagb-block-lzzui2di\"><div class=\"uagb-buttons__wrap uagb-buttons-layout-wrap\">\n<div class=\"wp-block-uagb-buttons-child uagb-buttons__outer-wrap uagb-block-hn2ugupe wp-block-button\"><div class=\"uagb-button__wrapper\"><a class=\"uagb-buttons-repeater wp-block-button__link\" aria-label=\"\" href=\"https:\/\/www.g729.es\/es\/contact-us\/\" rel=\"follow noopener\" target=\"_self\" role=\"button\"><div class=\"uagb-button__link\">\u00a1Comienza ya!<\/div><\/a><\/div><\/div>\n<\/div><\/div>\n<\/div><\/div>","protected":false},"excerpt":{"rendered":"","protected":false},"author":1,"featured_media":0,"parent":0,"menu_order":0,"comment_status":"closed","ping_status":"closed","template":"","meta":{"_uag_custom_page_level_css":"","footnotes":""},"class_list":["post-203","page","type-page","status-publish"],"yoast_head":"<!-- This site is optimized with the Yoast SEO plugin v24.6 - https:\/\/yoast.com\/wordpress\/plugins\/seo\/ -->\n<title>SMS API Integration for Your Business | G729 S.l.<\/title>\n<meta name=\"description\" content=\"Integrate SMS into your systems with G729&#039;s robust SMS API integration. Send bulk SMS with ease and efficiency through our platform.\" \/>\n<meta name=\"robots\" content=\"index, follow, max-snippet:-1, max-image-preview:large, max-video-preview:-1\" \/>\n<link rel=\"canonical\" href=\"https:\/\/www.g729.es\/es\/sms-api\/\" \/>\n<meta property=\"og:locale\" content=\"es_ES\" \/>\n<meta property=\"og:type\" content=\"article\" \/>\n<meta property=\"og:title\" content=\"SMS API Integration for Your Business | G729 S.l.\" \/>\n<meta property=\"og:description\" content=\"Integrate SMS into your systems with G729&#039;s robust SMS API integration. Send bulk SMS with ease and efficiency through our platform.\" \/>\n<meta property=\"og:url\" content=\"https:\/\/www.g729.es\/es\/sms-api\/\" \/>\n<meta property=\"og:site_name\" content=\"G729 S.l.\" \/>\n<meta property=\"article:modified_time\" content=\"2024-10-08T17:03:25+00:00\" \/>\n<meta property=\"og:image\" content=\"http:\/\/www.g729.es\/wp-content\/uploads\/2024\/09\/MENSAJES.jpg\" \/>\n<meta name=\"twitter:card\" content=\"summary_large_image\" \/>\n<meta name=\"twitter:label1\" content=\"Tiempo de lectura\" \/>\n\t<meta name=\"twitter:data1\" content=\"3 minutos\" \/>\n<script type=\"application\/ld+json\" class=\"yoast-schema-graph\">{\"@context\":\"https:\/\/schema.org\",\"@graph\":[{\"@type\":\"WebPage\",\"@id\":\"https:\/\/www.g729.es\/sms-api\/\",\"url\":\"https:\/\/www.g729.es\/sms-api\/\",\"name\":\"SMS API Integration for Your Business | G729 S.l.\",\"isPartOf\":{\"@id\":\"https:\/\/www.g729.es\/#website\"},\"primaryImageOfPage\":{\"@id\":\"https:\/\/www.g729.es\/sms-api\/#primaryimage\"},\"image\":{\"@id\":\"https:\/\/www.g729.es\/sms-api\/#primaryimage\"},\"thumbnailUrl\":\"http:\/\/www.g729.es\/wp-content\/uploads\/2024\/09\/MENSAJES.jpg\",\"datePublished\":\"2023-05-02T16:25:13+00:00\",\"dateModified\":\"2024-10-08T17:03:25+00:00\",\"description\":\"Integrate SMS into your systems with G729's robust SMS API integration. Send bulk SMS with ease and efficiency through our platform.\",\"breadcrumb\":{\"@id\":\"https:\/\/www.g729.es\/sms-api\/#breadcrumb\"},\"inLanguage\":\"es\",\"potentialAction\":[{\"@type\":\"ReadAction\",\"target\":[\"https:\/\/www.g729.es\/sms-api\/\"]}]},{\"@type\":\"ImageObject\",\"inLanguage\":\"es\",\"@id\":\"https:\/\/www.g729.es\/sms-api\/#primaryimage\",\"url\":\"http:\/\/www.g729.es\/wp-content\/uploads\/2024\/09\/MENSAJES.jpg\",\"contentUrl\":\"http:\/\/www.g729.es\/wp-content\/uploads\/2024\/09\/MENSAJES.jpg\"},{\"@type\":\"BreadcrumbList\",\"@id\":\"https:\/\/www.g729.es\/sms-api\/#breadcrumb\",\"itemListElement\":[{\"@type\":\"ListItem\",\"position\":1,\"name\":\"Portada\",\"item\":\"https:\/\/www.g729.es\/\"},{\"@type\":\"ListItem\",\"position\":2,\"name\":\"Api SMS\"}]},{\"@type\":\"WebSite\",\"@id\":\"https:\/\/www.g729.es\/#website\",\"url\":\"https:\/\/www.g729.es\/\",\"name\":\"G729 S.L. - Global SMS Bulk Solutions\",\"description\":\"Global Bulk SMS, OTP, 2FA, HLR, MNP, API SMS\",\"publisher\":{\"@id\":\"https:\/\/www.g729.es\/#organization\"},\"alternateName\":\"G729 S.L.\",\"potentialAction\":[{\"@type\":\"SearchAction\",\"target\":{\"@type\":\"EntryPoint\",\"urlTemplate\":\"https:\/\/www.g729.es\/?s={search_term_string}\"},\"query-input\":{\"@type\":\"PropertyValueSpecification\",\"valueRequired\":true,\"valueName\":\"search_term_string\"}}],\"inLanguage\":\"es\"},{\"@type\":\"Organization\",\"@id\":\"https:\/\/www.g729.es\/#organization\",\"name\":\"sms-web\",\"url\":\"https:\/\/www.g729.es\/\",\"logo\":{\"@type\":\"ImageObject\",\"inLanguage\":\"es\",\"@id\":\"https:\/\/www.g729.es\/#\/schema\/logo\/image\/\",\"url\":\"https:\/\/www.g729.es\/wp-content\/uploads\/2023\/05\/cropped-image.png\",\"contentUrl\":\"https:\/\/www.g729.es\/wp-content\/uploads\/2023\/05\/cropped-image.png\",\"width\":256,\"height\":76,\"caption\":\"sms-web\"},\"image\":{\"@id\":\"https:\/\/www.g729.es\/#\/schema\/logo\/image\/\"}}]}<\/script>\n<!-- \/ Yoast SEO plugin. -->","yoast_head_json":{"title":"SMS API Integration for Your Business | G729 S.l.","description":"Integrate SMS into your systems with G729's robust SMS API integration. Send bulk SMS with ease and efficiency through our platform.","robots":{"index":"index","follow":"follow","max-snippet":"max-snippet:-1","max-image-preview":"max-image-preview:large","max-video-preview":"max-video-preview:-1"},"canonical":"https:\/\/www.g729.es\/es\/sms-api\/","og_locale":"es_ES","og_type":"article","og_title":"SMS API Integration for Your Business | G729 S.l.","og_description":"Integrate SMS into your systems with G729's robust SMS API integration. Send bulk SMS with ease and efficiency through our platform.","og_url":"https:\/\/www.g729.es\/es\/sms-api\/","og_site_name":"G729 S.l.","article_modified_time":"2024-10-08T17:03:25+00:00","og_image":[{"url":"http:\/\/www.g729.es\/wp-content\/uploads\/2024\/09\/MENSAJES.jpg","type":"","width":"","height":""}],"twitter_card":"summary_large_image","twitter_misc":{"Tiempo de lectura":"3 minutos"},"schema":{"@context":"https:\/\/schema.org","@graph":[{"@type":"WebPage","@id":"https:\/\/www.g729.es\/sms-api\/","url":"https:\/\/www.g729.es\/sms-api\/","name":"SMS API Integration for Your Business | G729 S.l.","isPartOf":{"@id":"https:\/\/www.g729.es\/#website"},"primaryImageOfPage":{"@id":"https:\/\/www.g729.es\/sms-api\/#primaryimage"},"image":{"@id":"https:\/\/www.g729.es\/sms-api\/#primaryimage"},"thumbnailUrl":"http:\/\/www.g729.es\/wp-content\/uploads\/2024\/09\/MENSAJES.jpg","datePublished":"2023-05-02T16:25:13+00:00","dateModified":"2024-10-08T17:03:25+00:00","description":"Integrate SMS into your systems with G729's robust SMS API integration. Send bulk SMS with ease and efficiency through our platform.","breadcrumb":{"@id":"https:\/\/www.g729.es\/sms-api\/#breadcrumb"},"inLanguage":"es","potentialAction":[{"@type":"ReadAction","target":["https:\/\/www.g729.es\/sms-api\/"]}]},{"@type":"ImageObject","inLanguage":"es","@id":"https:\/\/www.g729.es\/sms-api\/#primaryimage","url":"http:\/\/www.g729.es\/wp-content\/uploads\/2024\/09\/MENSAJES.jpg","contentUrl":"http:\/\/www.g729.es\/wp-content\/uploads\/2024\/09\/MENSAJES.jpg"},{"@type":"BreadcrumbList","@id":"https:\/\/www.g729.es\/sms-api\/#breadcrumb","itemListElement":[{"@type":"ListItem","position":1,"name":"Portada","item":"https:\/\/www.g729.es\/"},{"@type":"ListItem","position":2,"name":"Api SMS"}]},{"@type":"WebSite","@id":"https:\/\/www.g729.es\/#website","url":"https:\/\/www.g729.es\/","name":"G729 S.L. - Global SMS Bulk Solutions","description":"Global Bulk SMS, OTP, 2FA, HLR, MNP, API SMS","publisher":{"@id":"https:\/\/www.g729.es\/#organization"},"alternateName":"G729 S.L.","potentialAction":[{"@type":"SearchAction","target":{"@type":"EntryPoint","urlTemplate":"https:\/\/www.g729.es\/?s={search_term_string}"},"query-input":{"@type":"PropertyValueSpecification","valueRequired":true,"valueName":"search_term_string"}}],"inLanguage":"es"},{"@type":"Organization","@id":"https:\/\/www.g729.es\/#organization","name":"sms-web","url":"https:\/\/www.g729.es\/","logo":{"@type":"ImageObject","inLanguage":"es","@id":"https:\/\/www.g729.es\/#\/schema\/logo\/image\/","url":"https:\/\/www.g729.es\/wp-content\/uploads\/2023\/05\/cropped-image.png","contentUrl":"https:\/\/www.g729.es\/wp-content\/uploads\/2023\/05\/cropped-image.png","width":256,"height":76,"caption":"sms-web"},"image":{"@id":"https:\/\/www.g729.es\/#\/schema\/logo\/image\/"}}]}},"uagb_featured_image_src":{"full":false,"thumbnail":false,"medium":false,"medium_large":false,"large":false,"1536x1536":false,"2048x2048":false,"trp-custom-language-flag":false},"uagb_author_info":{"display_name":"Ad@mI3571","author_link":"https:\/\/www.g729.es\/es\/author\/admi3571\/"},"uagb_comment_info":0,"uagb_excerpt":null,"_links":{"self":[{"href":"https:\/\/www.g729.es\/es\/wp-json\/wp\/v2\/pages\/203","targetHints":{"allow":["GET"]}}],"collection":[{"href":"https:\/\/www.g729.es\/es\/wp-json\/wp\/v2\/pages"}],"about":[{"href":"https:\/\/www.g729.es\/es\/wp-json\/wp\/v2\/types\/page"}],"author":[{"embeddable":true,"href":"https:\/\/www.g729.es\/es\/wp-json\/wp\/v2\/users\/1"}],"replies":[{"embeddable":true,"href":"https:\/\/www.g729.es\/es\/wp-json\/wp\/v2\/comments?post=203"}],"version-history":[{"count":23,"href":"https:\/\/www.g729.es\/es\/wp-json\/wp\/v2\/pages\/203\/revisions"}],"predecessor-version":[{"id":2282,"href":"https:\/\/www.g729.es\/es\/wp-json\/wp\/v2\/pages\/203\/revisions\/2282"}],"wp:attachment":[{"href":"https:\/\/www.g729.es\/es\/wp-json\/wp\/v2\/media?parent=203"}],"curies":[{"name":"wp","href":"https:\/\/api.w.org\/{rel}","templated":true}]}}