{"id":209,"date":"2023-05-02T18:39:22","date_gmt":"2023-05-02T16:39:22","guid":{"rendered":"https:\/\/www.g729.es\/?page_id=209"},"modified":"2024-09-30T20:22:38","modified_gmt":"2024-09-30T18:22:38","slug":"two-factor-authentication-sms-2fa","status":"publish","type":"page","link":"https:\/\/www.g729.es\/es\/two-factor-authentication-sms-2fa\/","title":{"rendered":"Two-Factor"},"content":{"rendered":"<div class=\"wp-block-uagb-container uagb-block-mia9etmy alignfull uagb-is-root-container\"><div class=\"uagb-container-inner-blocks-wrap\">\n<div class=\"wp-block-uagb-container uagb-block-xc73e5xz\">\n<div class=\"wp-block-uagb-info-box uagb-block-wrqvrg4v uagb-infobox__content-wrap  uagb-infobox-icon-above-title uagb-infobox-image-valign-top\"><div class=\"uagb-ifb-content\"><div class=\"uagb-ifb-title-wrap\"><h1 class=\"uagb-ifb-title\"><strong>Proteja su empresa con la autenticaci\u00f3n de dos factores (2FA) por SMS<\/strong><\/h1><\/div><p class=\"uagb-ifb-desc\">Eleve sus medidas de seguridad incorporando la autenticaci\u00f3n de dos factores (2FA) por SMS a sus aplicaciones. Esta sencilla soluci\u00f3n a\u00f1ade una capa esencial de protecci\u00f3n, al exigir a los usuarios que verifiquen su identidad mediante un c\u00f3digo enviado directamente a sus dispositivos m\u00f3viles antes de acceder a sus cuentas.<\/p><\/div><\/div>\n\n\n\n<div class=\"wp-block-uagb-buttons uagb-buttons__outer-wrap uagb-btn__default-btn uagb-btn-tablet__default-btn uagb-btn-mobile__default-btn uagb-block-raadxfy8\"><div class=\"uagb-buttons__wrap uagb-buttons-layout-wrap\">\n<div class=\"wp-block-uagb-buttons-child uagb-buttons__outer-wrap uagb-block-vf1gdz1w wp-block-button\"><div class=\"uagb-button__wrapper\"><a class=\"uagb-buttons-repeater wp-block-button__link\" aria-label=\"\" href=\"https:\/\/www.g729.es\/es\/contact-us\/\" rel=\"follow noopener\" target=\"_self\" role=\"button\"><div class=\"uagb-button__link\">M\u00e1s informaci\u00f3n sobre nuestra soluci\u00f3n<\/div><\/a><\/div><\/div>\n<\/div><\/div>\n<\/div>\n\n\n\n<div class=\"wp-block-uagb-container uagb-block-huuwsijk\">\n<div class=\"wp-block-uagb-image alignleft uagb-block-p0xqnvqp wp-block-uagb-image--layout-default wp-block-uagb-image--effect-static wp-block-uagb-image--align-left\"><figure class=\"wp-block-uagb-image__figure\"><img decoding=\"async\" srcset=\"https:\/\/www.g729.es\/wp-content\/uploads\/2024\/09\/1.jpg ,https:\/\/www.g729.es\/wp-content\/uploads\/2024\/09\/1.jpg 780w, https:\/\/www.g729.es\/wp-content\/uploads\/2024\/09\/1.jpg 360w\" sizes=\"auto, (max-width: 480px) 150px\" src=\"https:\/\/www.g729.es\/wp-content\/uploads\/2024\/09\/1.jpg\" alt=\"Two-Factor Authentication SMS\" class=\"uag-image-2029\" width=\"270\" height=\"360\" title=\"Two-Factor Authentication SMS\" loading=\"lazy\" role=\"img\"\/><\/figure><\/div>\n\n\n\n<div class=\"wp-block-uagb-image alignleft uagb-block-dywveg5u wp-block-uagb-image--layout-default wp-block-uagb-image--effect-static wp-block-uagb-image--align-left\"><figure class=\"wp-block-uagb-image__figure\"><img decoding=\"async\" srcset=\"https:\/\/www.g729.es\/wp-content\/uploads\/2024\/09\/2.jpg ,https:\/\/www.g729.es\/wp-content\/uploads\/2024\/09\/2.jpg 780w, https:\/\/www.g729.es\/wp-content\/uploads\/2024\/09\/2.jpg 360w\" sizes=\"auto, (max-width: 480px) 150px\" src=\"https:\/\/www.g729.es\/wp-content\/uploads\/2024\/09\/2.jpg\" alt=\"Two-Factor Authentication SMS\" class=\"uag-image-2034\" width=\"270\" height=\"360\" title=\"Two-Factor Authentication SMS\" loading=\"lazy\" role=\"img\"\/><\/figure><\/div>\n<\/div>\n<\/div><\/div>\n\n\n\n<div class=\"wp-block-uagb-container uagb-block-t1kwfbdr alignfull uagb-is-root-container\"><div class=\"uagb-container-inner-blocks-wrap\">\n<div class=\"wp-block-uagb-info-box uagb-block-v64cjf6r uagb-infobox__content-wrap  uagb-infobox-icon-above-title uagb-infobox-image-valign-top\"><div class=\"uagb-ifb-content\"><div class=\"uagb-ifb-title-wrap\"><h1 class=\"uagb-ifb-title\"><strong>Principales ventajas de la 2FA por SMS<\/strong><\/h1><\/div><p class=\"uagb-ifb-desc\">La integraci\u00f3n de la autenticaci\u00f3n de dos factores a trav\u00e9s de SMS ofrece numerosas ventajas, como mayor seguridad, menor riesgo de acceso no autorizado y verificaci\u00f3n autom\u00e1tica de usuarios. Con el seguimiento y los an\u00e1lisis en tiempo real, puede mejorar continuamente su enfoque de seguridad.<\/p><\/div><\/div>\n<\/div><\/div>\n\n\n\n<div class=\"wp-block-uagb-container uagb-block-sfl124nh alignfull uagb-is-root-container\"><div class=\"uagb-container-inner-blocks-wrap\">\n<div class=\"wp-block-uagb-info-box uagb-block-x5xhxxdd uagb-infobox__content-wrap  uagb-infobox-icon-above-title uagb-infobox-image-valign-top\"><div class=\"uagb-ifb-content\"><div class=\"uagb-ifb-title-wrap\"><h2 class=\"uagb-ifb-title\"><strong>\u00bfPor qu\u00e9 implantar la autenticaci\u00f3n de dos factores?<\/strong><\/h2><\/div><p class=\"uagb-ifb-desc\">Explore las principales ventajas de integrar la 2FA basada en SMS en sus sistemas.<\/p><\/div><\/div>\n\n\n\n<div class=\"wp-block-uagb-container uagb-block-amg8iodk alignfull uagb-is-root-container\"><div class=\"uagb-container-inner-blocks-wrap\">\n<div class=\"wp-block-uagb-container uagb-block-2stbva5a\">\n<div class=\"wp-block-uagb-info-box uagb-block-5yhegj9h uagb-infobox__content-wrap  uagb-infobox-icon-left-title uagb-infobox-left uagb-infobox-image-valign-middle\"><div class=\"uagb-ifb-content\"><div class=\"uagb-ifb-left-title-image\"><div class=\"uagb-ifb-icon-wrap\"><svg xmlns=\"https:\/\/www.w3.org\/2000\/svg\" viewbox=\"0 0 448 512\"><path d=\"M438.6 105.4C451.1 117.9 451.1 138.1 438.6 150.6L182.6 406.6C170.1 419.1 149.9 419.1 137.4 406.6L9.372 278.6C-3.124 266.1-3.124 245.9 9.372 233.4C21.87 220.9 42.13 220.9 54.63 233.4L159.1 338.7L393.4 105.4C405.9 92.88 426.1 92.88 438.6 105.4H438.6z\"><\/path><\/svg><\/div><div class=\"uagb-ifb-title-wrap\"><h3 class=\"uagb-ifb-title\"><strong>Integraci\u00f3n perfecta<\/strong><\/h3><\/div><\/div><p class=\"uagb-ifb-desc\">Nuestra soluci\u00f3n 2FA se integra sin esfuerzo en su sistema actual. Con una documentaci\u00f3n completa y c\u00f3digo de ejemplo, la implantaci\u00f3n es r\u00e1pida y sencilla.<\/p><\/div><\/div>\n\n\n\n<div class=\"wp-block-uagb-info-box uagb-block-mgjque7l uagb-infobox__content-wrap  uagb-infobox-icon-left-title uagb-infobox-left uagb-infobox-image-valign-middle\"><div class=\"uagb-ifb-content\"><div class=\"uagb-ifb-left-title-image\"><div class=\"uagb-ifb-icon-wrap\"><svg xmlns=\"https:\/\/www.w3.org\/2000\/svg\" viewbox=\"0 0 448 512\"><path d=\"M438.6 105.4C451.1 117.9 451.1 138.1 438.6 150.6L182.6 406.6C170.1 419.1 149.9 419.1 137.4 406.6L9.372 278.6C-3.124 266.1-3.124 245.9 9.372 233.4C21.87 220.9 42.13 220.9 54.63 233.4L159.1 338.7L393.4 105.4C405.9 92.88 426.1 92.88 438.6 105.4H438.6z\"><\/path><\/svg><\/div><div class=\"uagb-ifb-title-wrap\"><h3 class=\"uagb-ifb-title\"><strong>Seguridad reforzada<\/strong><\/h3><\/div><\/div><p class=\"uagb-ifb-desc\">Aumente la seguridad de su cuenta exigiendo un c\u00f3digo de verificaci\u00f3n \u00fanico que se env\u00eda a los dispositivos m\u00f3viles de los usuarios, incluso si su contrase\u00f1a se ve comprometida.<\/p><\/div><\/div>\n\n\n\n<div class=\"wp-block-uagb-info-box uagb-block-jdoxh1mz uagb-infobox__content-wrap  uagb-infobox-icon-left-title uagb-infobox-left uagb-infobox-image-valign-middle\"><div class=\"uagb-ifb-content\"><div class=\"uagb-ifb-left-title-image\"><div class=\"uagb-ifb-icon-wrap\"><svg xmlns=\"https:\/\/www.w3.org\/2000\/svg\" viewbox=\"0 0 448 512\"><path d=\"M438.6 105.4C451.1 117.9 451.1 138.1 438.6 150.6L182.6 406.6C170.1 419.1 149.9 419.1 137.4 406.6L9.372 278.6C-3.124 266.1-3.124 245.9 9.372 233.4C21.87 220.9 42.13 220.9 54.63 233.4L159.1 338.7L393.4 105.4C405.9 92.88 426.1 92.88 438.6 105.4H438.6z\"><\/path><\/svg><\/div><div class=\"uagb-ifb-title-wrap\"><h3 class=\"uagb-ifb-title\"><strong>Autenticaci\u00f3n autom\u00e1tica<\/strong><\/h3><\/div><\/div><p class=\"uagb-ifb-desc\">Cada intento de inicio de sesi\u00f3n desencadena autom\u00e1ticamente el env\u00edo de un c\u00f3digo de verificaci\u00f3n, lo que ofrece una gran seguridad sin complicar la experiencia del usuario.<\/p><\/div><\/div>\n<\/div>\n\n\n\n<div class=\"wp-block-uagb-image aligncenter uagb-block-04iqnips wp-block-uagb-image--layout-default wp-block-uagb-image--effect-static wp-block-uagb-image--align-center\"><figure class=\"wp-block-uagb-image__figure\"><img decoding=\"async\" srcset=\"https:\/\/www.g729.es\/wp-content\/uploads\/2024\/09\/3.jpg ,https:\/\/www.g729.es\/wp-content\/uploads\/2024\/09\/3.jpg 780w, https:\/\/www.g729.es\/wp-content\/uploads\/2024\/09\/3.jpg 360w\" sizes=\"auto, (max-width: 480px) 150px\" src=\"https:\/\/www.g729.es\/wp-content\/uploads\/2024\/09\/3.jpg\" alt=\"2FA\" class=\"uag-image-2031\" width=\"384\" height=\"460\" title=\"2FA\" loading=\"lazy\" role=\"img\"\/><\/figure><\/div>\n\n\n\n<div class=\"wp-block-uagb-container uagb-block-wck1lu7q\">\n<div class=\"wp-block-uagb-info-box uagb-block-abbbjvbi uagb-infobox__content-wrap  uagb-infobox-icon-left-title uagb-infobox-left uagb-infobox-image-valign-middle\"><div class=\"uagb-ifb-content\"><div class=\"uagb-ifb-left-title-image\"><div class=\"uagb-ifb-icon-wrap\"><svg xmlns=\"https:\/\/www.w3.org\/2000\/svg\" viewbox=\"0 0 448 512\"><path d=\"M438.6 105.4C451.1 117.9 451.1 138.1 438.6 150.6L182.6 406.6C170.1 419.1 149.9 419.1 137.4 406.6L9.372 278.6C-3.124 266.1-3.124 245.9 9.372 233.4C21.87 220.9 42.13 220.9 54.63 233.4L159.1 338.7L393.4 105.4C405.9 92.88 426.1 92.88 438.6 105.4H438.6z\"><\/path><\/svg><\/div><div class=\"uagb-ifb-title-wrap\"><h3 class=\"uagb-ifb-title\"><strong>Control en tiempo real<\/strong><\/h3><\/div><\/div><p class=\"uagb-ifb-desc\">Realice un seguimiento de los intentos de inicio de sesi\u00f3n y acceda a an\u00e1lisis en tiempo real para medir el rendimiento de su sistema 2FA, garantizando la m\u00e1xima seguridad.<\/p><\/div><\/div>\n\n\n\n<div class=\"wp-block-uagb-info-box uagb-block-ng2y6hck uagb-infobox__content-wrap  uagb-infobox-icon-left-title uagb-infobox-left uagb-infobox-image-valign-middle\"><div class=\"uagb-ifb-content\"><div class=\"uagb-ifb-left-title-image\"><div class=\"uagb-ifb-icon-wrap\"><svg xmlns=\"https:\/\/www.w3.org\/2000\/svg\" viewbox=\"0 0 448 512\"><path d=\"M438.6 105.4C451.1 117.9 451.1 138.1 438.6 150.6L182.6 406.6C170.1 419.1 149.9 419.1 137.4 406.6L9.372 278.6C-3.124 266.1-3.124 245.9 9.372 233.4C21.87 220.9 42.13 220.9 54.63 233.4L159.1 338.7L393.4 105.4C405.9 92.88 426.1 92.88 438.6 105.4H438.6z\"><\/path><\/svg><\/div><div class=\"uagb-ifb-title-wrap\"><h3 class=\"uagb-ifb-title\"><strong>Soluci\u00f3n escalable<\/strong><\/h3><\/div><\/div><p class=\"uagb-ifb-desc\">Nuestro sistema 2FA se adapta f\u00e1cilmente a su empresa, permiti\u00e9ndole adaptarse a medida que crece su base de usuarios sin perder eficacia ni seguridad.<\/p><\/div><\/div>\n\n\n\n<div class=\"wp-block-uagb-info-box uagb-block-jqsmzjcc uagb-infobox__content-wrap  uagb-infobox-icon-left-title uagb-infobox-left uagb-infobox-image-valign-middle\"><div class=\"uagb-ifb-content\"><div class=\"uagb-ifb-left-title-image\"><div class=\"uagb-ifb-icon-wrap\"><svg xmlns=\"https:\/\/www.w3.org\/2000\/svg\" viewbox=\"0 0 448 512\"><path d=\"M438.6 105.4C451.1 117.9 451.1 138.1 438.6 150.6L182.6 406.6C170.1 419.1 149.9 419.1 137.4 406.6L9.372 278.6C-3.124 266.1-3.124 245.9 9.372 233.4C21.87 220.9 42.13 220.9 54.63 233.4L159.1 338.7L393.4 105.4C405.9 92.88 426.1 92.88 438.6 105.4H438.6z\"><\/path><\/svg><\/div><div class=\"uagb-ifb-title-wrap\"><h3 class=\"uagb-ifb-title\"><strong>Asistencia experta<\/strong><\/h3><\/div><\/div><p class=\"uagb-ifb-desc\">Nuestro equipo t\u00e9cnico est\u00e1 listo para ayudar con cualquier pregunta, asegurando una integraci\u00f3n sin problemas y un rendimiento continuo.<\/p><\/div><\/div>\n<\/div>\n<\/div><\/div>\n<\/div><\/div>\n\n\n\n<div class=\"wp-block-uagb-container uagb-block-uiuivtxo alignfull uagb-is-root-container\"><div class=\"uagb-container-inner-blocks-wrap\">\n<div class=\"wp-block-uagb-info-box uagb-block-e4dzpff1 uagb-infobox__content-wrap  uagb-infobox-icon-above-title uagb-infobox-image-valign-top\"><div class=\"uagb-ifb-content\"><div class=\"uagb-ifb-icon-wrap\"><svg xmlns=\"https:\/\/www.w3.org\/2000\/svg\" viewbox=\"0 0 640 512\"><path d=\"M592 288H576V212.7c0-41.84-30.03-80.04-71.66-84.27C456.5 123.6 416 161.1 416 208V288h-16C373.6 288 352 309.6 352 336v128c0 26.4 21.6 48 48 48h192c26.4 0 48-21.6 48-48v-128C640 309.6 618.4 288 592 288zM496 432c-17.62 0-32-14.38-32-32s14.38-32 32-32s32 14.38 32 32S513.6 432 496 432zM528 288h-64V208c0-17.62 14.38-32 32-32s32 14.38 32 32V288zM224 256c70.7 0 128-57.31 128-128S294.7 0 224 0C153.3 0 96 57.31 96 128S153.3 256 224 256zM320 336c0-8.672 1.738-16.87 4.303-24.7C308.6 306.6 291.9 304 274.7 304H173.3C77.61 304 0 381.7 0 477.4C0 496.5 15.52 512 34.66 512h301.7C326.3 498.6 320 482.1 320 464V336z\"><\/path><\/svg><\/div><div class=\"uagb-ifb-title-wrap\"><h2 class=\"uagb-ifb-title\"><strong>\u00bfPreparado para mejorar su seguridad?<\/strong><\/h2><\/div><p class=\"uagb-ifb-desc\">Descubra c\u00f3mo nuestra autenticaci\u00f3n de dos factores basada en SMS puede reforzar significativamente sus comunicaciones, mejorar la seguridad general e infundir una mayor confianza en sus usuarios. Al a\u00f1adir esta capa adicional de protecci\u00f3n, puede evitar el acceso no autorizado, salvaguardar la informaci\u00f3n confidencial y mantener el cumplimiento de las normativas del sector. Empiece hoy mismo a disfrutar de las numerosas ventajas de la protecci\u00f3n 2FA para disfrutar de una experiencia m\u00e1s segura y fiable.<\/p><\/div><\/div>\n\n\n\n<div class=\"wp-block-uagb-buttons uagb-buttons__outer-wrap uagb-btn__default-btn uagb-btn-tablet__default-btn uagb-btn-mobile__default-btn uagb-block-sylhk5qy\"><div class=\"uagb-buttons__wrap uagb-buttons-layout-wrap\">\n<div class=\"wp-block-uagb-buttons-child uagb-buttons__outer-wrap uagb-block-zes2sy9i wp-block-button\"><div class=\"uagb-button__wrapper\"><a class=\"uagb-buttons-repeater wp-block-button__link\" aria-label=\"\" href=\"https:\/\/www.g729.es\/es\/contact-us\/\" rel=\"follow noopener\" target=\"_self\" role=\"button\"><div class=\"uagb-button__link\">Contacte con nosotros<\/div><\/a><\/div><\/div>\n<\/div><\/div>\n<\/div><\/div>","protected":false},"excerpt":{"rendered":"","protected":false},"author":1,"featured_media":0,"parent":0,"menu_order":0,"comment_status":"closed","ping_status":"closed","template":"","meta":{"_uag_custom_page_level_css":"","footnotes":""},"class_list":["post-209","page","type-page","status-publish"],"yoast_head":"<!-- This site is optimized with the Yoast SEO plugin v24.6 - https:\/\/yoast.com\/wordpress\/plugins\/seo\/ -->\n<title>Two-Factor Authentication SMS (2FA) | Secure Your Accounts with G729 S.l.<\/title>\n<meta name=\"description\" content=\"Protect user accounts with G729&#039;s Two-Factor Authentication SMS. Send secure, real-time authentication codes via SMS for enhanced security.\" \/>\n<meta name=\"robots\" content=\"index, follow, max-snippet:-1, max-image-preview:large, max-video-preview:-1\" \/>\n<link rel=\"canonical\" href=\"https:\/\/www.g729.es\/es\/two-factor-authentication-sms-2fa\/\" \/>\n<meta property=\"og:locale\" content=\"es_ES\" \/>\n<meta property=\"og:type\" content=\"article\" \/>\n<meta property=\"og:title\" content=\"Two-Factor Authentication SMS (2FA) | Secure Your Accounts with G729 S.l.\" \/>\n<meta property=\"og:description\" content=\"Protect user accounts with G729&#039;s Two-Factor Authentication SMS. Send secure, real-time authentication codes via SMS for enhanced security.\" \/>\n<meta property=\"og:url\" content=\"https:\/\/www.g729.es\/es\/two-factor-authentication-sms-2fa\/\" \/>\n<meta property=\"og:site_name\" content=\"G729 S.l.\" \/>\n<meta property=\"article:modified_time\" content=\"2024-09-30T18:22:38+00:00\" \/>\n<meta property=\"og:image\" content=\"http:\/\/www.g729.es\/wp-content\/uploads\/2024\/09\/1.jpg\" \/>\n<meta name=\"twitter:card\" content=\"summary_large_image\" \/>\n<meta name=\"twitter:label1\" content=\"Tiempo de lectura\" \/>\n\t<meta name=\"twitter:data1\" content=\"2 minutos\" \/>\n<script type=\"application\/ld+json\" class=\"yoast-schema-graph\">{\"@context\":\"https:\/\/schema.org\",\"@graph\":[{\"@type\":\"WebPage\",\"@id\":\"https:\/\/www.g729.es\/two-factor-authentication-sms-2fa\/\",\"url\":\"https:\/\/www.g729.es\/two-factor-authentication-sms-2fa\/\",\"name\":\"Two-Factor Authentication SMS (2FA) | Secure Your Accounts with G729 S.l.\",\"isPartOf\":{\"@id\":\"https:\/\/www.g729.es\/#website\"},\"primaryImageOfPage\":{\"@id\":\"https:\/\/www.g729.es\/two-factor-authentication-sms-2fa\/#primaryimage\"},\"image\":{\"@id\":\"https:\/\/www.g729.es\/two-factor-authentication-sms-2fa\/#primaryimage\"},\"thumbnailUrl\":\"http:\/\/www.g729.es\/wp-content\/uploads\/2024\/09\/1.jpg\",\"datePublished\":\"2023-05-02T16:39:22+00:00\",\"dateModified\":\"2024-09-30T18:22:38+00:00\",\"description\":\"Protect user accounts with G729's Two-Factor Authentication SMS. Send secure, real-time authentication codes via SMS for enhanced security.\",\"breadcrumb\":{\"@id\":\"https:\/\/www.g729.es\/two-factor-authentication-sms-2fa\/#breadcrumb\"},\"inLanguage\":\"es\",\"potentialAction\":[{\"@type\":\"ReadAction\",\"target\":[\"https:\/\/www.g729.es\/two-factor-authentication-sms-2fa\/\"]}]},{\"@type\":\"ImageObject\",\"inLanguage\":\"es\",\"@id\":\"https:\/\/www.g729.es\/two-factor-authentication-sms-2fa\/#primaryimage\",\"url\":\"http:\/\/www.g729.es\/wp-content\/uploads\/2024\/09\/1.jpg\",\"contentUrl\":\"http:\/\/www.g729.es\/wp-content\/uploads\/2024\/09\/1.jpg\"},{\"@type\":\"BreadcrumbList\",\"@id\":\"https:\/\/www.g729.es\/two-factor-authentication-sms-2fa\/#breadcrumb\",\"itemListElement\":[{\"@type\":\"ListItem\",\"position\":1,\"name\":\"Portada\",\"item\":\"https:\/\/www.g729.es\/\"},{\"@type\":\"ListItem\",\"position\":2,\"name\":\"Two-Factor\"}]},{\"@type\":\"WebSite\",\"@id\":\"https:\/\/www.g729.es\/#website\",\"url\":\"https:\/\/www.g729.es\/\",\"name\":\"G729 S.L. - Global SMS Bulk Solutions\",\"description\":\"Global Bulk SMS, OTP, 2FA, HLR, MNP, API SMS\",\"publisher\":{\"@id\":\"https:\/\/www.g729.es\/#organization\"},\"alternateName\":\"G729 S.L.\",\"potentialAction\":[{\"@type\":\"SearchAction\",\"target\":{\"@type\":\"EntryPoint\",\"urlTemplate\":\"https:\/\/www.g729.es\/?s={search_term_string}\"},\"query-input\":{\"@type\":\"PropertyValueSpecification\",\"valueRequired\":true,\"valueName\":\"search_term_string\"}}],\"inLanguage\":\"es\"},{\"@type\":\"Organization\",\"@id\":\"https:\/\/www.g729.es\/#organization\",\"name\":\"sms-web\",\"url\":\"https:\/\/www.g729.es\/\",\"logo\":{\"@type\":\"ImageObject\",\"inLanguage\":\"es\",\"@id\":\"https:\/\/www.g729.es\/#\/schema\/logo\/image\/\",\"url\":\"https:\/\/www.g729.es\/wp-content\/uploads\/2023\/05\/cropped-image.png\",\"contentUrl\":\"https:\/\/www.g729.es\/wp-content\/uploads\/2023\/05\/cropped-image.png\",\"width\":256,\"height\":76,\"caption\":\"sms-web\"},\"image\":{\"@id\":\"https:\/\/www.g729.es\/#\/schema\/logo\/image\/\"}}]}<\/script>\n<!-- \/ Yoast SEO plugin. -->","yoast_head_json":{"title":"Two-Factor Authentication SMS (2FA) | Secure Your Accounts with G729 S.l.","description":"Protect user accounts with G729's Two-Factor Authentication SMS. Send secure, real-time authentication codes via SMS for enhanced security.","robots":{"index":"index","follow":"follow","max-snippet":"max-snippet:-1","max-image-preview":"max-image-preview:large","max-video-preview":"max-video-preview:-1"},"canonical":"https:\/\/www.g729.es\/es\/two-factor-authentication-sms-2fa\/","og_locale":"es_ES","og_type":"article","og_title":"Two-Factor Authentication SMS (2FA) | Secure Your Accounts with G729 S.l.","og_description":"Protect user accounts with G729's Two-Factor Authentication SMS. Send secure, real-time authentication codes via SMS for enhanced security.","og_url":"https:\/\/www.g729.es\/es\/two-factor-authentication-sms-2fa\/","og_site_name":"G729 S.l.","article_modified_time":"2024-09-30T18:22:38+00:00","og_image":[{"url":"http:\/\/www.g729.es\/wp-content\/uploads\/2024\/09\/1.jpg","type":"","width":"","height":""}],"twitter_card":"summary_large_image","twitter_misc":{"Tiempo de lectura":"2 minutos"},"schema":{"@context":"https:\/\/schema.org","@graph":[{"@type":"WebPage","@id":"https:\/\/www.g729.es\/two-factor-authentication-sms-2fa\/","url":"https:\/\/www.g729.es\/two-factor-authentication-sms-2fa\/","name":"Two-Factor Authentication SMS (2FA) | Secure Your Accounts with G729 S.l.","isPartOf":{"@id":"https:\/\/www.g729.es\/#website"},"primaryImageOfPage":{"@id":"https:\/\/www.g729.es\/two-factor-authentication-sms-2fa\/#primaryimage"},"image":{"@id":"https:\/\/www.g729.es\/two-factor-authentication-sms-2fa\/#primaryimage"},"thumbnailUrl":"http:\/\/www.g729.es\/wp-content\/uploads\/2024\/09\/1.jpg","datePublished":"2023-05-02T16:39:22+00:00","dateModified":"2024-09-30T18:22:38+00:00","description":"Protect user accounts with G729's Two-Factor Authentication SMS. Send secure, real-time authentication codes via SMS for enhanced security.","breadcrumb":{"@id":"https:\/\/www.g729.es\/two-factor-authentication-sms-2fa\/#breadcrumb"},"inLanguage":"es","potentialAction":[{"@type":"ReadAction","target":["https:\/\/www.g729.es\/two-factor-authentication-sms-2fa\/"]}]},{"@type":"ImageObject","inLanguage":"es","@id":"https:\/\/www.g729.es\/two-factor-authentication-sms-2fa\/#primaryimage","url":"http:\/\/www.g729.es\/wp-content\/uploads\/2024\/09\/1.jpg","contentUrl":"http:\/\/www.g729.es\/wp-content\/uploads\/2024\/09\/1.jpg"},{"@type":"BreadcrumbList","@id":"https:\/\/www.g729.es\/two-factor-authentication-sms-2fa\/#breadcrumb","itemListElement":[{"@type":"ListItem","position":1,"name":"Portada","item":"https:\/\/www.g729.es\/"},{"@type":"ListItem","position":2,"name":"Two-Factor"}]},{"@type":"WebSite","@id":"https:\/\/www.g729.es\/#website","url":"https:\/\/www.g729.es\/","name":"G729 S.L. - Global SMS Bulk Solutions","description":"Global Bulk SMS, OTP, 2FA, HLR, MNP, API SMS","publisher":{"@id":"https:\/\/www.g729.es\/#organization"},"alternateName":"G729 S.L.","potentialAction":[{"@type":"SearchAction","target":{"@type":"EntryPoint","urlTemplate":"https:\/\/www.g729.es\/?s={search_term_string}"},"query-input":{"@type":"PropertyValueSpecification","valueRequired":true,"valueName":"search_term_string"}}],"inLanguage":"es"},{"@type":"Organization","@id":"https:\/\/www.g729.es\/#organization","name":"sms-web","url":"https:\/\/www.g729.es\/","logo":{"@type":"ImageObject","inLanguage":"es","@id":"https:\/\/www.g729.es\/#\/schema\/logo\/image\/","url":"https:\/\/www.g729.es\/wp-content\/uploads\/2023\/05\/cropped-image.png","contentUrl":"https:\/\/www.g729.es\/wp-content\/uploads\/2023\/05\/cropped-image.png","width":256,"height":76,"caption":"sms-web"},"image":{"@id":"https:\/\/www.g729.es\/#\/schema\/logo\/image\/"}}]}},"uagb_featured_image_src":{"full":false,"thumbnail":false,"medium":false,"medium_large":false,"large":false,"1536x1536":false,"2048x2048":false,"trp-custom-language-flag":false},"uagb_author_info":{"display_name":"Ad@mI3571","author_link":"https:\/\/www.g729.es\/es\/author\/admi3571\/"},"uagb_comment_info":0,"uagb_excerpt":null,"_links":{"self":[{"href":"https:\/\/www.g729.es\/es\/wp-json\/wp\/v2\/pages\/209","targetHints":{"allow":["GET"]}}],"collection":[{"href":"https:\/\/www.g729.es\/es\/wp-json\/wp\/v2\/pages"}],"about":[{"href":"https:\/\/www.g729.es\/es\/wp-json\/wp\/v2\/types\/page"}],"author":[{"embeddable":true,"href":"https:\/\/www.g729.es\/es\/wp-json\/wp\/v2\/users\/1"}],"replies":[{"embeddable":true,"href":"https:\/\/www.g729.es\/es\/wp-json\/wp\/v2\/comments?post=209"}],"version-history":[{"count":15,"href":"https:\/\/www.g729.es\/es\/wp-json\/wp\/v2\/pages\/209\/revisions"}],"predecessor-version":[{"id":2233,"href":"https:\/\/www.g729.es\/es\/wp-json\/wp\/v2\/pages\/209\/revisions\/2233"}],"wp:attachment":[{"href":"https:\/\/www.g729.es\/es\/wp-json\/wp\/v2\/media?parent=209"}],"curies":[{"name":"wp","href":"https:\/\/api.w.org\/{rel}","templated":true}]}}