{"id":340,"date":"2023-06-02T15:54:45","date_gmt":"2023-06-02T13:54:45","guid":{"rendered":"https:\/\/www.g729.es\/?page_id=340"},"modified":"2024-09-30T20:10:11","modified_gmt":"2024-09-30T18:10:11","slug":"certified-legal-sms","status":"publish","type":"page","link":"https:\/\/www.g729.es\/es\/certified-legal-sms\/","title":{"rendered":"SMS Certificados"},"content":{"rendered":"<div class=\"wp-block-uagb-container uagb-block-mdfmjqbm alignfull uagb-is-root-container\"><div class=\"uagb-container-inner-blocks-wrap\">\n<div class=\"wp-block-uagb-info-box uagb-block-fweflnfl uagb-infobox__content-wrap  uagb-infobox-icon-above-title uagb-infobox-image-valign-top\"><div class=\"uagb-ifb-content\"><div class=\"uagb-ifb-title-wrap\"><p class=\"uagb-ifb-title-prefix\">Descubra nuestra<\/p><h1 class=\"uagb-ifb-title\"><strong>Certificado SMS legalmente v\u00e1lido<\/strong><\/h1><\/div><\/div><\/div>\n<\/div><\/div>\n\n\n\n<div class=\"wp-block-uagb-container uagb-block-sluu1hik alignfull uagb-is-root-container\"><div class=\"uagb-container__shape uagb-container__shape-bottom uagb-container__invert\" data-negative=\"false\"><svg xmlns=\"https:\/\/www.w3.org\/2000\/svg\" viewbox=\"0 0 937.5 120\" preserveaspectratio=\"none\"><path class=\"uagb-container__shape-fill\" d=\"M937.5,124.3V0H0v124.3C0,100.8,227.4,2.9,578.9,4.1C926.9,0.3,937.5,100.4,937.5,124.3z\"><\/path><\/svg><\/div><div class=\"uagb-container-inner-blocks-wrap\">\n<div class=\"wp-block-uagb-image aligncenter uagb-block-mgycpijs wp-block-uagb-image--layout-default wp-block-uagb-image--effect-static wp-block-uagb-image--align-center alignleft\"><figure class=\"wp-block-uagb-image__figure\"><img decoding=\"async\" srcset=\"https:\/\/www.g729.es\/wp-content\/uploads\/2024\/09\/CSMS1.jpg ,https:\/\/www.g729.es\/wp-content\/uploads\/2024\/09\/CSMS1.jpg 780w, https:\/\/www.g729.es\/wp-content\/uploads\/2024\/09\/CSMS1.jpg 360w\" sizes=\"auto, (max-width: 480px) 150px\" src=\"https:\/\/www.g729.es\/wp-content\/uploads\/2024\/09\/CSMS1.jpg\" alt=\"Certified legal SMS\" class=\"uag-image-2072\" width=\"432\" height=\"423\" title=\"Certified legal SMS\" loading=\"lazy\" role=\"img\"\/><\/figure><\/div>\n\n\n\n<div class=\"wp-block-uagb-container uagb-block-m1scknwq\">\n<div class=\"wp-block-uagb-info-box uagb-block-odc3it20 uagb-infobox__content-wrap  uagb-infobox-icon-above-title uagb-infobox-image-valign-top\"><div class=\"uagb-ifb-content\"><div class=\"uagb-ifb-title-wrap\"><h2 class=\"uagb-ifb-title\"><strong>Una soluci\u00f3n de confianza para las comunicaciones jur\u00eddicas<\/strong><\/h2><\/div><p class=\"uagb-ifb-desc\">Nuestro SMS legal certificado ofrece una forma legalmente vinculante de enviar mensajes, proporcionando una prueba innegable de entrega, recepci\u00f3n y contenido del mensaje. Este innovador servicio es una alternativa segura y moderna a m\u00e9todos tradicionales como el correo certificado o las notificaciones por burofax.<br>Estamos orgullosos de ofrecer un servicio exclusivo de SMS certificado, totalmente conforme con la normativa legal, avalado por nuestro registro en la CNMC (Comisi\u00f3n Nacional de los Mercados y la Competencia) y un sello de tiempo emitido por la F\u00e1brica Nacional de Moneda y Timbre.<\/p><\/div><\/div>\n\n\n\n<div class=\"wp-block-uagb-buttons uagb-buttons__outer-wrap uagb-btn__default-btn uagb-btn-tablet__default-btn uagb-btn-mobile__default-btn uagb-block-hlwykz6w\"><div class=\"uagb-buttons__wrap uagb-buttons-layout-wrap\">\n<div class=\"wp-block-uagb-buttons-child uagb-buttons__outer-wrap uagb-block-vupo7fwf wp-block-button\"><div class=\"uagb-button__wrapper\"><a class=\"uagb-buttons-repeater wp-block-button__link\" aria-label=\"\" href=\"https:\/\/www.g729.es\/es\/contact-us\/\" rel=\"follow noopener\" target=\"_self\" role=\"button\"><div class=\"uagb-button__link\">Quiero integrar<\/div><\/a><\/div><\/div>\n<\/div><\/div>\n<\/div>\n<\/div><\/div>\n\n\n\n<div class=\"wp-block-uagb-container uagb-block-azoooc9c alignfull uagb-is-root-container\"><div class=\"uagb-container-inner-blocks-wrap\">\n<div class=\"wp-block-uagb-container uagb-block-yh4vygc0 alignfull uagb-is-root-container\"><div class=\"uagb-container-inner-blocks-wrap\">\n<div class=\"wp-block-uagb-container uagb-block-p14dr4vt\">\n<div class=\"wp-block-uagb-info-box uagb-block-nimzujak uagb-infobox__content-wrap  uagb-infobox-icon-left-title uagb-infobox-left uagb-infobox-image-valign-middle\"><div class=\"uagb-ifb-content\"><div class=\"uagb-ifb-left-title-image\"><div class=\"uagb-ifb-title-wrap\"><h3 class=\"uagb-ifb-title\"><strong>\u00bfQu\u00e9 diferencia a los SMS certificados de los SMS normales?<\/strong><\/h3><\/div><\/div><p class=\"uagb-ifb-desc\">A diferencia de los SMS est\u00e1ndar, los SMS certificados tienen plena validez legal, lo que los convierte en una herramienta fundamental en litigios o reclamaciones legales. Obtendr\u00e1 pruebas irrefutables de que su mensaje fue enviado, recibido e incluso visto por el destinatario.<\/p><\/div><\/div>\n<\/div>\n\n\n\n<div class=\"wp-block-uagb-image aligncenter uagb-block-nmvevbyv wp-block-uagb-image--layout-default wp-block-uagb-image--effect-static wp-block-uagb-image--align-center\"><figure class=\"wp-block-uagb-image__figure\"><img decoding=\"async\" srcset=\"https:\/\/www.g729.es\/wp-content\/uploads\/2024\/09\/CSMS2.jpg ,https:\/\/www.g729.es\/wp-content\/uploads\/2024\/09\/CSMS2.jpg 780w, https:\/\/www.g729.es\/wp-content\/uploads\/2024\/09\/CSMS2.jpg 360w\" sizes=\"auto, (max-width: 480px) 150px\" src=\"https:\/\/www.g729.es\/wp-content\/uploads\/2024\/09\/CSMS2.jpg\" alt=\"Certified legal SMS\" class=\"uag-image-2073\" width=\"384\" height=\"460\" title=\"Certified legal SMS\" loading=\"lazy\" role=\"img\"\/><\/figure><\/div>\n\n\n\n<div class=\"wp-block-uagb-container uagb-block-vo48sexa\">\n<div class=\"wp-block-uagb-info-box uagb-block-ywept8xh uagb-infobox__content-wrap  uagb-infobox-icon-left-title uagb-infobox-left uagb-infobox-image-valign-middle\"><div class=\"uagb-ifb-content\"><div class=\"uagb-ifb-left-title-image\"><div class=\"uagb-ifb-title-wrap\"><\/div><\/div><p class=\"uagb-ifb-desc\">Garantiza una comunicaci\u00f3n segura y verificable con relevancia jur\u00eddica. Cada vez que env\u00eda un SMS certificado a trav\u00e9s de nuestra plataforma, se genera un documento PDF que almacena el contenido del mensaje. Este archivo se guarda en tu \u00e1rea de cliente y tambi\u00e9n recibes una copia por correo electr\u00f3nico, lo que constituye una prueba concreta de tu comunicaci\u00f3n.<\/p><\/div><\/div>\n<\/div>\n<\/div><\/div>\n<\/div><\/div>\n\n\n\n<div class=\"wp-block-uagb-container uagb-block-j5bgbdv1 alignfull uagb-is-root-container\"><div class=\"uagb-container__shape uagb-container__shape-top\"><svg xmlns=\"https:\/\/www.w3.org\/2000\/svg\" viewbox=\"0 0 937.5 120\" preserveaspectratio=\"none\"><path class=\"uagb-container__shape-fill\" d=\"M937.5,124.3V0H0v124.3C0,100.8,227.4,2.9,578.9,4.1C926.9,0.3,937.5,100.4,937.5,124.3z\"><\/path><\/svg><\/div><div class=\"uagb-container-inner-blocks-wrap\">\n<div class=\"wp-block-uagb-container uagb-block-hmvslbij\">\n<div class=\"wp-block-uagb-container uagb-block-jyqluqit\">\n<div class=\"wp-block-uagb-info-box uagb-block-2haprlpq uagb-infobox__content-wrap  uagb-infobox-icon-above-title uagb-infobox-image-valign-top\"><div class=\"uagb-ifb-content\"><div class=\"uagb-ifb-icon-wrap\"><div class=\"uagb-iconbox-icon-wrap uagb-infobox-shape-circle\"><svg xmlns=\"https:\/\/www.w3.org\/2000\/svg\" viewbox=\"0 0 448 512\"><path d=\"M438.6 105.4C451.1 117.9 451.1 138.1 438.6 150.6L182.6 406.6C170.1 419.1 149.9 419.1 137.4 406.6L9.372 278.6C-3.124 266.1-3.124 245.9 9.372 233.4C21.87 220.9 42.13 220.9 54.63 233.4L159.1 338.7L393.4 105.4C405.9 92.88 426.1 92.88 438.6 105.4H438.6z\"><\/path><\/svg><\/div><\/div><div class=\"uagb-ifb-title-wrap\"><p class=\"uagb-ifb-title\">Seguridad jur\u00eddica<\/p><\/div><p class=\"uagb-ifb-desc\">Respaldados por nuestro registro en la CNMC y nuestro sello de tiempo oficial, los SMS certificados tienen pleno valor jur\u00eddico, por lo que ofrecen pruebas fiables en caso de litigios o reclamaciones.<\/p><\/div><\/div>\n<\/div>\n\n\n\n<div class=\"wp-block-uagb-container uagb-block-wohqnstw\">\n<div class=\"wp-block-uagb-info-box uagb-block-wgchcozk uagb-infobox__content-wrap  uagb-infobox-icon-above-title uagb-infobox-image-valign-top\"><div class=\"uagb-ifb-content\"><div class=\"uagb-ifb-icon-wrap\"><div class=\"uagb-iconbox-icon-wrap uagb-infobox-shape-circle\"><svg xmlns=\"https:\/\/www.w3.org\/2000\/svg\" viewbox=\"0 0 448 512\"><path d=\"M438.6 105.4C451.1 117.9 451.1 138.1 438.6 150.6L182.6 406.6C170.1 419.1 149.9 419.1 137.4 406.6L9.372 278.6C-3.124 266.1-3.124 245.9 9.372 233.4C21.87 220.9 42.13 220.9 54.63 233.4L159.1 338.7L393.4 105.4C405.9 92.88 426.1 92.88 438.6 105.4H438.6z\"><\/path><\/svg><\/div><\/div><div class=\"uagb-ifb-title-wrap\"><p class=\"uagb-ifb-title\">Seguro y confidencial<\/p><\/div><p class=\"uagb-ifb-desc\">Garantizamos la seguridad y confidencialidad utilizando tecnolog\u00edas avanzadas para proteger la privacidad de sus comunicaciones.<\/p><\/div><\/div>\n<\/div>\n\n\n\n<div class=\"wp-block-uagb-container uagb-block-2nrghdsf\">\n<div class=\"wp-block-uagb-info-box uagb-block-8enjhwva uagb-infobox__content-wrap  uagb-infobox-icon-above-title uagb-infobox-image-valign-top\"><div class=\"uagb-ifb-content\"><div class=\"uagb-ifb-icon-wrap\"><div class=\"uagb-iconbox-icon-wrap uagb-infobox-shape-circle\"><svg xmlns=\"https:\/\/www.w3.org\/2000\/svg\" viewbox=\"0 0 448 512\"><path d=\"M438.6 105.4C451.1 117.9 451.1 138.1 438.6 150.6L182.6 406.6C170.1 419.1 149.9 419.1 137.4 406.6L9.372 278.6C-3.124 266.1-3.124 245.9 9.372 233.4C21.87 220.9 42.13 220.9 54.63 233.4L159.1 338.7L393.4 105.4C405.9 92.88 426.1 92.88 438.6 105.4H438.6z\"><\/path><\/svg><\/div><\/div><div class=\"uagb-ifb-title-wrap\"><p class=\"uagb-ifb-title\">Documentaci\u00f3n verificable<\/p><\/div><p class=\"uagb-ifb-desc\">Cada SMS certificado crea un PDF con el contenido del mensaje y los detalles de entrega, lo que le proporciona una prueba verificable de su comunicaci\u00f3n.<\/p><\/div><\/div>\n<\/div>\n\n\n\n<div class=\"wp-block-uagb-container uagb-block-idqzo32n\">\n<div class=\"wp-block-uagb-info-box uagb-block-trllql8e uagb-infobox__content-wrap  uagb-infobox-icon-above-title uagb-infobox-image-valign-top\"><div class=\"uagb-ifb-content\"><div class=\"uagb-ifb-icon-wrap\"><div class=\"uagb-iconbox-icon-wrap uagb-infobox-shape-circle\"><svg xmlns=\"https:\/\/www.w3.org\/2000\/svg\" viewbox=\"0 0 448 512\"><path d=\"M438.6 105.4C451.1 117.9 451.1 138.1 438.6 150.6L182.6 406.6C170.1 419.1 149.9 419.1 137.4 406.6L9.372 278.6C-3.124 266.1-3.124 245.9 9.372 233.4C21.87 220.9 42.13 220.9 54.63 233.4L159.1 338.7L393.4 105.4C405.9 92.88 426.1 92.88 438.6 105.4H438.6z\"><\/path><\/svg><\/div><\/div><div class=\"uagb-ifb-title-wrap\"><p class=\"uagb-ifb-title\">Acceso en cualquier momento<\/p><\/div><p class=\"uagb-ifb-desc\">Gestione f\u00e1cilmente sus documentos SMS certificados a trav\u00e9s de su cuenta de cliente. Acceda a sus archivos PDF en cualquier momento, lo que le permitir\u00e1 controlar sus comunicaciones jur\u00eddicas.<\/p><\/div><\/div>\n<\/div>\n<\/div>\n<\/div><\/div>\n\n\n\n<div class=\"wp-block-uagb-container uagb-block-r1qruf8p alignfull uagb-is-root-container\"><div class=\"uagb-container-inner-blocks-wrap\">\n<div class=\"wp-block-uagb-info-box uagb-block-xewthhky uagb-infobox__content-wrap  uagb-infobox-icon-above-title uagb-infobox-image-valign-top\"><div class=\"uagb-ifb-content\"><div class=\"uagb-ifb-title-wrap\"><p class=\"uagb-ifb-title-prefix\">G729 S.l.<\/p><h2 class=\"uagb-ifb-title\"><strong>Empiece a enviar SMS certificados hoy mismo<\/strong><\/h2><\/div><p class=\"uagb-ifb-desc\">En SMS.ES le ofrecemos un servicio de SMS certificados fiable y eficaz, dise\u00f1ado para satisfacer todas sus necesidades de comunicaci\u00f3n legal. \u00a1Reg\u00edstrese ahora y comience a enviar mensajes certificados con plena validez legal hoy mismo!<\/p><\/div><\/div>\n\n\n\n<div class=\"wp-block-uagb-buttons uagb-buttons__outer-wrap uagb-btn__default-btn uagb-btn-tablet__default-btn uagb-btn-mobile__default-btn uagb-block-eoorsmej\"><div class=\"uagb-buttons__wrap uagb-buttons-layout-wrap\">\n<div class=\"wp-block-uagb-buttons-child uagb-buttons__outer-wrap uagb-block-vlpsisph wp-block-button\"><div class=\"uagb-button__wrapper\"><a class=\"uagb-buttons-repeater wp-block-button__link\" aria-label=\"\" href=\"https:\/\/www.g729.es\/es\/contact-us\/\" rel=\"follow noopener\" target=\"_self\" role=\"button\"><div class=\"uagb-button__link\">Quiero saber m\u00e1s<\/div><\/a><\/div><\/div>\n<\/div><\/div>\n<\/div><\/div>","protected":false},"excerpt":{"rendered":"","protected":false},"author":1,"featured_media":0,"parent":0,"menu_order":0,"comment_status":"closed","ping_status":"closed","template":"","meta":{"_uag_custom_page_level_css":"","footnotes":""},"class_list":["post-340","page","type-page","status-publish"],"yoast_head":"<!-- This site is optimized with the Yoast SEO plugin v24.6 - https:\/\/yoast.com\/wordpress\/plugins\/seo\/ -->\n<title>Certified Legal SMS for Secure Communication | G729 S.l.<\/title>\n<meta name=\"description\" content=\"Send certified legal SMS with G729. Secure, legally binding SMS delivery for official notifications and communications.\" \/>\n<meta name=\"robots\" content=\"index, follow, max-snippet:-1, max-image-preview:large, max-video-preview:-1\" \/>\n<link rel=\"canonical\" href=\"http:\/\/www.g729.es\/es\/certified-legal-sms\/\" \/>\n<meta property=\"og:locale\" content=\"es_ES\" \/>\n<meta property=\"og:type\" content=\"article\" \/>\n<meta property=\"og:title\" content=\"Certified Legal SMS for Secure Communication | G729 S.l.\" \/>\n<meta property=\"og:description\" content=\"Send certified legal SMS with G729. Secure, legally binding SMS delivery for official notifications and communications.\" \/>\n<meta property=\"og:url\" content=\"http:\/\/www.g729.es\/es\/certified-legal-sms\/\" \/>\n<meta property=\"og:site_name\" content=\"G729 S.l.\" \/>\n<meta property=\"article:modified_time\" content=\"2024-09-30T18:10:11+00:00\" \/>\n<meta property=\"og:image\" content=\"http:\/\/www.g729.es\/wp-content\/uploads\/2024\/09\/CSMS1.jpg\" \/>\n<meta name=\"twitter:card\" content=\"summary_large_image\" \/>\n<meta name=\"twitter:label1\" content=\"Tiempo de lectura\" \/>\n\t<meta name=\"twitter:data1\" content=\"2 minutos\" \/>\n<script type=\"application\/ld+json\" class=\"yoast-schema-graph\">{\"@context\":\"https:\/\/schema.org\",\"@graph\":[{\"@type\":\"WebPage\",\"@id\":\"http:\/\/www.g729.es\/certified-legal-sms\/\",\"url\":\"http:\/\/www.g729.es\/certified-legal-sms\/\",\"name\":\"Certified Legal SMS for Secure Communication | G729 S.l.\",\"isPartOf\":{\"@id\":\"https:\/\/www.g729.es\/#website\"},\"primaryImageOfPage\":{\"@id\":\"http:\/\/www.g729.es\/certified-legal-sms\/#primaryimage\"},\"image\":{\"@id\":\"http:\/\/www.g729.es\/certified-legal-sms\/#primaryimage\"},\"thumbnailUrl\":\"http:\/\/www.g729.es\/wp-content\/uploads\/2024\/09\/CSMS1.jpg\",\"datePublished\":\"2023-06-02T13:54:45+00:00\",\"dateModified\":\"2024-09-30T18:10:11+00:00\",\"description\":\"Send certified legal SMS with G729. Secure, legally binding SMS delivery for official notifications and communications.\",\"breadcrumb\":{\"@id\":\"http:\/\/www.g729.es\/certified-legal-sms\/#breadcrumb\"},\"inLanguage\":\"es\",\"potentialAction\":[{\"@type\":\"ReadAction\",\"target\":[\"http:\/\/www.g729.es\/certified-legal-sms\/\"]}]},{\"@type\":\"ImageObject\",\"inLanguage\":\"es\",\"@id\":\"http:\/\/www.g729.es\/certified-legal-sms\/#primaryimage\",\"url\":\"http:\/\/www.g729.es\/wp-content\/uploads\/2024\/09\/CSMS1.jpg\",\"contentUrl\":\"http:\/\/www.g729.es\/wp-content\/uploads\/2024\/09\/CSMS1.jpg\"},{\"@type\":\"BreadcrumbList\",\"@id\":\"http:\/\/www.g729.es\/certified-legal-sms\/#breadcrumb\",\"itemListElement\":[{\"@type\":\"ListItem\",\"position\":1,\"name\":\"Portada\",\"item\":\"https:\/\/www.g729.es\/\"},{\"@type\":\"ListItem\",\"position\":2,\"name\":\"Certified SMS\"}]},{\"@type\":\"WebSite\",\"@id\":\"https:\/\/www.g729.es\/#website\",\"url\":\"https:\/\/www.g729.es\/\",\"name\":\"G729 S.L. - Global SMS Bulk Solutions\",\"description\":\"Global Bulk SMS, OTP, 2FA, HLR, MNP, API SMS\",\"publisher\":{\"@id\":\"https:\/\/www.g729.es\/#organization\"},\"alternateName\":\"G729 S.L.\",\"potentialAction\":[{\"@type\":\"SearchAction\",\"target\":{\"@type\":\"EntryPoint\",\"urlTemplate\":\"https:\/\/www.g729.es\/?s={search_term_string}\"},\"query-input\":{\"@type\":\"PropertyValueSpecification\",\"valueRequired\":true,\"valueName\":\"search_term_string\"}}],\"inLanguage\":\"es\"},{\"@type\":\"Organization\",\"@id\":\"https:\/\/www.g729.es\/#organization\",\"name\":\"sms-web\",\"url\":\"https:\/\/www.g729.es\/\",\"logo\":{\"@type\":\"ImageObject\",\"inLanguage\":\"es\",\"@id\":\"https:\/\/www.g729.es\/#\/schema\/logo\/image\/\",\"url\":\"https:\/\/www.g729.es\/wp-content\/uploads\/2023\/05\/cropped-image.png\",\"contentUrl\":\"https:\/\/www.g729.es\/wp-content\/uploads\/2023\/05\/cropped-image.png\",\"width\":256,\"height\":76,\"caption\":\"sms-web\"},\"image\":{\"@id\":\"https:\/\/www.g729.es\/#\/schema\/logo\/image\/\"}}]}<\/script>\n<!-- \/ Yoast SEO plugin. -->","yoast_head_json":{"title":"Certified Legal SMS for Secure Communication | G729 S.l.","description":"Send certified legal SMS with G729. Secure, legally binding SMS delivery for official notifications and communications.","robots":{"index":"index","follow":"follow","max-snippet":"max-snippet:-1","max-image-preview":"max-image-preview:large","max-video-preview":"max-video-preview:-1"},"canonical":"http:\/\/www.g729.es\/es\/certified-legal-sms\/","og_locale":"es_ES","og_type":"article","og_title":"Certified Legal SMS for Secure Communication | G729 S.l.","og_description":"Send certified legal SMS with G729. Secure, legally binding SMS delivery for official notifications and communications.","og_url":"http:\/\/www.g729.es\/es\/certified-legal-sms\/","og_site_name":"G729 S.l.","article_modified_time":"2024-09-30T18:10:11+00:00","og_image":[{"url":"http:\/\/www.g729.es\/wp-content\/uploads\/2024\/09\/CSMS1.jpg","type":"","width":"","height":""}],"twitter_card":"summary_large_image","twitter_misc":{"Tiempo de lectura":"2 minutos"},"schema":{"@context":"https:\/\/schema.org","@graph":[{"@type":"WebPage","@id":"http:\/\/www.g729.es\/certified-legal-sms\/","url":"http:\/\/www.g729.es\/certified-legal-sms\/","name":"Certified Legal SMS for Secure Communication | G729 S.l.","isPartOf":{"@id":"https:\/\/www.g729.es\/#website"},"primaryImageOfPage":{"@id":"http:\/\/www.g729.es\/certified-legal-sms\/#primaryimage"},"image":{"@id":"http:\/\/www.g729.es\/certified-legal-sms\/#primaryimage"},"thumbnailUrl":"http:\/\/www.g729.es\/wp-content\/uploads\/2024\/09\/CSMS1.jpg","datePublished":"2023-06-02T13:54:45+00:00","dateModified":"2024-09-30T18:10:11+00:00","description":"Send certified legal SMS with G729. Secure, legally binding SMS delivery for official notifications and communications.","breadcrumb":{"@id":"http:\/\/www.g729.es\/certified-legal-sms\/#breadcrumb"},"inLanguage":"es","potentialAction":[{"@type":"ReadAction","target":["http:\/\/www.g729.es\/certified-legal-sms\/"]}]},{"@type":"ImageObject","inLanguage":"es","@id":"http:\/\/www.g729.es\/certified-legal-sms\/#primaryimage","url":"http:\/\/www.g729.es\/wp-content\/uploads\/2024\/09\/CSMS1.jpg","contentUrl":"http:\/\/www.g729.es\/wp-content\/uploads\/2024\/09\/CSMS1.jpg"},{"@type":"BreadcrumbList","@id":"http:\/\/www.g729.es\/certified-legal-sms\/#breadcrumb","itemListElement":[{"@type":"ListItem","position":1,"name":"Portada","item":"https:\/\/www.g729.es\/"},{"@type":"ListItem","position":2,"name":"Certified SMS"}]},{"@type":"WebSite","@id":"https:\/\/www.g729.es\/#website","url":"https:\/\/www.g729.es\/","name":"G729 S.L. - Global SMS Bulk Solutions","description":"Global Bulk SMS, OTP, 2FA, HLR, MNP, API SMS","publisher":{"@id":"https:\/\/www.g729.es\/#organization"},"alternateName":"G729 S.L.","potentialAction":[{"@type":"SearchAction","target":{"@type":"EntryPoint","urlTemplate":"https:\/\/www.g729.es\/?s={search_term_string}"},"query-input":{"@type":"PropertyValueSpecification","valueRequired":true,"valueName":"search_term_string"}}],"inLanguage":"es"},{"@type":"Organization","@id":"https:\/\/www.g729.es\/#organization","name":"sms-web","url":"https:\/\/www.g729.es\/","logo":{"@type":"ImageObject","inLanguage":"es","@id":"https:\/\/www.g729.es\/#\/schema\/logo\/image\/","url":"https:\/\/www.g729.es\/wp-content\/uploads\/2023\/05\/cropped-image.png","contentUrl":"https:\/\/www.g729.es\/wp-content\/uploads\/2023\/05\/cropped-image.png","width":256,"height":76,"caption":"sms-web"},"image":{"@id":"https:\/\/www.g729.es\/#\/schema\/logo\/image\/"}}]}},"uagb_featured_image_src":{"full":false,"thumbnail":false,"medium":false,"medium_large":false,"large":false,"1536x1536":false,"2048x2048":false,"trp-custom-language-flag":false},"uagb_author_info":{"display_name":"Ad@mI3571","author_link":"https:\/\/www.g729.es\/es\/author\/admi3571\/"},"uagb_comment_info":0,"uagb_excerpt":null,"_links":{"self":[{"href":"https:\/\/www.g729.es\/es\/wp-json\/wp\/v2\/pages\/340","targetHints":{"allow":["GET"]}}],"collection":[{"href":"https:\/\/www.g729.es\/es\/wp-json\/wp\/v2\/pages"}],"about":[{"href":"https:\/\/www.g729.es\/es\/wp-json\/wp\/v2\/types\/page"}],"author":[{"embeddable":true,"href":"https:\/\/www.g729.es\/es\/wp-json\/wp\/v2\/users\/1"}],"replies":[{"embeddable":true,"href":"https:\/\/www.g729.es\/es\/wp-json\/wp\/v2\/comments?post=340"}],"version-history":[{"count":18,"href":"https:\/\/www.g729.es\/es\/wp-json\/wp\/v2\/pages\/340\/revisions"}],"predecessor-version":[{"id":2231,"href":"https:\/\/www.g729.es\/es\/wp-json\/wp\/v2\/pages\/340\/revisions\/2231"}],"wp:attachment":[{"href":"https:\/\/www.g729.es\/es\/wp-json\/wp\/v2\/media?parent=340"}],"curies":[{"name":"wp","href":"https:\/\/api.w.org\/{rel}","templated":true}]}}