{"id":62,"date":"2019-06-07T20:39:06","date_gmt":"2019-06-07T18:39:06","guid":{"rendered":"http:\/\/www.g729.es\/?page_id=62"},"modified":"2024-08-01T18:56:12","modified_gmt":"2024-08-01T16:56:12","slug":"sms","status":"publish","type":"page","link":"https:\/\/www.g729.es\/es\/sms\/","title":{"rendered":"Sms Products"},"content":{"rendered":"<p><\/p>\n\n\n\n<div class=\"wp-block-uagb-container uag-hide-mob uagb-block-vizbn4hj alignfull uagb-is-root-container\"><div class=\"uagb-container__shape uagb-container__shape-top\"><svg xmlns=\"https:\/\/www.w3.org\/2000\/svg\" viewbox=\"0 0 1000 100\" preserveaspectratio=\"none\"><path class=\"uagb-container__shape-fill\" opacity=\"0.33\" d=\"M473,67.3c-203.9,88.3-263.1-34-320.3,0C66,119.1,0,59.7,0,59.7V0h1000v59.7 c0,0-62.1,26.1-94.9,29.3c-32.8,3.3-62.8-12.3-75.8-22.1C806,49.6,745.3,8.7,694.9,4.7S492.4,59,473,67.3z\"><\/path><path class=\"uagb-container__shape-fill\" opacity=\"0.66\" d=\"M734,67.3c-45.5,0-77.2-23.2-129.1-39.1c-28.6-8.7-150.3-10.1-254,39.1 s-91.7-34.4-149.2,0C115.7,118.3,0,39.8,0,39.8V0h1000v36.5c0,0-28.2-18.5-92.1-18.5C810.2,18.1,775.7,67.3,734,67.3z\"><\/path><path class=\"uagb-container__shape-fill\" d=\"M766.1,28.9c-200-57.5-266,65.5-395.1,19.5C242,1.8,242,5.4,184.8,20.6C128,35.8,132.3,44.9,89.9,52.5C28.6,63.7,0,0,0,0 h1000c0,0-9.9,40.9-83.6,48.1S829.6,47,766.1,28.9z\"><\/path><\/svg><\/div><div class=\"uagb-container-inner-blocks-wrap\">\n<div class=\"wp-block-uagb-info-box uagb-block-p2akhpww uagb-infobox__content-wrap  uagb-infobox-icon-above-title uagb-infobox-image-valign-top\"><div class=\"uagb-ifb-content\"><div class=\"uagb-ifb-title-wrap\"><p class=\"uagb-ifb-title-prefix\">SERVICIOS DIRECTOS Y AL POR MAYOR<\/p><h1 class=\"uagb-ifb-title\"><strong>Bienvenido a G729 S.L<\/strong><\/h1><\/div><p class=\"uagb-ifb-desc\">Su socio de confianza para el env\u00edo internacional de SMS. Como operador internacional, estamos conectados con m\u00e1s de 100 operadores en 50 pa\u00edses, ofreci\u00e9ndote cobertura global y un env\u00edo de SMS fiable.<\/p><\/div><\/div>\n\n\n\n<div class=\"wp-block-uagb-image aligncenter uagb-block-feaaf6at wp-block-uagb-image--layout-default wp-block-uagb-image--effect-static wp-block-uagb-image--align-center alignleft\"><figure class=\"wp-block-uagb-image__figure\"><img decoding=\"async\" srcset=\"https:\/\/www.g729.es\/wp-content\/uploads\/2024\/08\/SMS-1024x576.png ,https:\/\/www.g729.es\/wp-content\/uploads\/2024\/08\/SMS.png 780w, https:\/\/www.g729.es\/wp-content\/uploads\/2024\/08\/SMS.png 360w\" sizes=\"auto, (max-width: 480px) 150px\" src=\"https:\/\/www.g729.es\/wp-content\/uploads\/2024\/08\/SMS-1024x576.png\" alt=\"\" class=\"uag-image-1982\" width=\"1200\" height=\"350\" title=\"SMS\" loading=\"lazy\" role=\"img\"\/><\/figure><\/div>\n<\/div><\/div>\n\n\n\n<div class=\"wp-block-uagb-container uagb-block-0fhn8nqc alignfull uagb-is-root-container\"><div class=\"uagb-container-inner-blocks-wrap\">\n<div class=\"wp-block-uagb-info-box uagb-block-vdoh5jj3 uagb-infobox__content-wrap  uagb-infobox-icon-above-title uagb-infobox-image-valign-top\"><div class=\"uagb-ifb-content\"><div class=\"uagb-ifb-title-wrap\"><h2 class=\"uagb-ifb-title\"><strong>Nuestros servicios de env\u00edo de SMS<\/strong><\/h2><\/div><p class=\"uagb-ifb-desc\">Explore una amplia gama de servicios adaptados a sus necesidades.<\/p><\/div><\/div>\n\n\n\n<div class=\"wp-block-uagb-container uagb-block-9yt3grjj\">\n<div class=\"wp-block-uagb-container uagb-block-pfwgi4ck\">\n<div class=\"wp-block-uagb-info-box uagb-block-eklhf5wn uagb-infobox__content-wrap  uagb-infobox-icon-above-title uagb-infobox-image-valign-top\"><div class=\"uagb-ifb-content\"><div class=\"uagb-ifb-title-wrap\"><p class=\"uagb-ifb-title-prefix\">01<\/p><h3 class=\"uagb-ifb-title\"><strong>Env\u00edo masivo de SMS<\/strong><\/h3><\/div><p class=\"uagb-ifb-desc\">\u00bfNecesita llegar a un gran n\u00famero de destinatarios de forma eficiente? En G729 S.L, le ofrecemos una soluci\u00f3n de env\u00edo masivo de SMS que le permite llegar a su p\u00fablico en cuesti\u00f3n de segundos, sin importar d\u00f3nde se encuentren.<\/p><\/div><\/div>\n<\/div>\n\n\n\n<div class=\"wp-block-uagb-container uagb-block-tlqtucx8\">\n<div class=\"wp-block-uagb-info-box uagb-block-jo5mgepz uagb-infobox__content-wrap  uagb-infobox-icon-above-title uagb-infobox-image-valign-top\"><div class=\"uagb-ifb-content\"><div class=\"uagb-ifb-title-wrap\"><p class=\"uagb-ifb-title-prefix\">02<\/p><h3 class=\"uagb-ifb-title\"><strong>Personalizaci\u00f3n y segmentaci\u00f3n<\/strong><\/h3><\/div><p class=\"uagb-ifb-desc\">Entendemos que cada mensaje es importante. Por eso nuestra plataforma le permite personalizar sus SMS con nombres, fechas y otros datos relevantes para establecer una comunicaci\u00f3n m\u00e1s eficaz con sus clientes. Adem\u00e1s, puedes segmentar tus listas de contactos para enviar mensajes espec\u00edficos y relevantes, aumentando la relevancia y eficacia de tus comunicaciones.<\/p><\/div><\/div>\n<\/div>\n\n\n\n<div class=\"wp-block-uagb-container uagb-block-iwla7ulr\">\n<div class=\"wp-block-uagb-info-box uagb-block-1aa3baah uagb-infobox__content-wrap  uagb-infobox-icon-above-title uagb-infobox-image-valign-top\"><div class=\"uagb-ifb-content\"><div class=\"uagb-ifb-title-wrap\"><p class=\"uagb-ifb-title-prefix\">03<\/p><h3 class=\"uagb-ifb-title\"><strong>Informes y estad\u00edsticas<\/strong><\/h3><\/div><p class=\"uagb-ifb-desc\">Obtenga informaci\u00f3n valiosa sobre el rendimiento de sus campa\u00f1as de SMS. Nuestra plataforma proporciona informes detallados y estad\u00edsticas en tiempo real, lo que le permite evaluar el \u00e9xito de sus env\u00edos y realizar mejoras basadas en datos. Obt\u00e9n informaci\u00f3n sobre las tasas de entrega, las respuestas de los destinatarios y mucho m\u00e1s para optimizar tus estrategias de comunicaci\u00f3n.<\/p><\/div><\/div>\n<\/div>\n<\/div>\n\n\n\n<div class=\"wp-block-uagb-container uagb-block-1d32d498\">\n<div class=\"wp-block-uagb-container uagb-block-3772fdcf\">\n<div class=\"wp-block-uagb-info-box uagb-block-1329574c uagb-infobox__content-wrap  uagb-infobox-icon-above-title uagb-infobox-image-valign-top\"><div class=\"uagb-ifb-content\"><div class=\"uagb-ifb-title-wrap\"><p class=\"uagb-ifb-title-prefix\">04<\/p><h3 class=\"uagb-ifb-title\"><strong>Autenticaci\u00f3n de dos factores (2FA)<\/strong><\/h3><\/div><p class=\"uagb-ifb-desc\">Refuerce la seguridad de sus usuarios con nuestra soluci\u00f3n de autenticaci\u00f3n de dos factores. Con nuestro servicio SMS 2FA, puede proteger las cuentas y garantizar que solo los usuarios autorizados tengan acceso, proporcionando una capa adicional de seguridad a sus aplicaciones y servicios.<\/p><\/div><\/div>\n<\/div>\n\n\n\n<div class=\"wp-block-uagb-container uagb-block-99b057fd\">\n<div class=\"wp-block-uagb-info-box uagb-block-4ab0b2c5 uagb-infobox__content-wrap  uagb-infobox-icon-above-title uagb-infobox-image-valign-top\"><div class=\"uagb-ifb-content\"><div class=\"uagb-ifb-title-wrap\"><p class=\"uagb-ifb-title-prefix\">05<\/p><h3 class=\"uagb-ifb-title\"><strong>SMS bidireccionales<\/strong><\/h3><\/div><p class=\"uagb-ifb-desc\">En G729 S.L, tambi\u00e9n ofrecemos la posibilidad de comunicaciones SMS bidireccionales. Esto significa que sus usuarios pueden responder a los mensajes que usted env\u00eda, lo que permite una interacci\u00f3n fluida y eficaz entre su empresa y sus clientes.<\/p><\/div><\/div>\n<\/div>\n\n\n\n<div class=\"wp-block-uagb-container uagb-block-34084a7b\">\n<div class=\"wp-block-uagb-info-box uagb-block-14298356 uagb-infobox__content-wrap  uagb-infobox-icon-above-title uagb-infobox-image-valign-top\"><div class=\"uagb-ifb-content\"><div class=\"uagb-ifb-title-wrap\"><p class=\"uagb-ifb-title-prefix\">06<\/p><h3 class=\"uagb-ifb-title\"><strong>SMS Masivos<\/strong><\/h3><\/div><p class=\"uagb-ifb-desc\">Si necesitas enviar grandes vol\u00famenes de mensajes de texto, nuestro servicio de SMS masivos es la soluci\u00f3n ideal para ti. Proporcionamos una plataforma eficaz y escalable para enviar mensajes masivos a un gran n\u00famero de destinatarios en tiempo real.<\/p><\/div><\/div>\n<\/div>\n<\/div>\n<\/div><\/div>\n\n\n\n<div class=\"wp-block-uagb-container uagb-block-esg63vec alignfull uagb-is-root-container\"><div class=\"uagb-container-inner-blocks-wrap\">\n<div class=\"wp-block-uagb-image alignleft uagb-block-xah8y7zi wp-block-uagb-image--layout-default wp-block-uagb-image--effect-static wp-block-uagb-image--align-left\"><figure class=\"wp-block-uagb-image__figure\"><img decoding=\"async\" srcset=\"https:\/\/www.g729.es\/wp-content\/uploads\/2024\/08\/jpeg-optimizer_CONTACTO.png ,https:\/\/www.g729.es\/wp-content\/uploads\/2024\/08\/jpeg-optimizer_CONTACTO.png 780w, https:\/\/www.g729.es\/wp-content\/uploads\/2024\/08\/jpeg-optimizer_CONTACTO.png 360w\" sizes=\"auto, (max-width: 480px) 150px\" src=\"https:\/\/www.g729.es\/wp-content\/uploads\/2024\/08\/jpeg-optimizer_CONTACTO.png\" alt=\"\" class=\"uag-image-1984\" width=\"469\" height=\"423\" title=\"jpeg-optimizer_CONTACTO\" loading=\"lazy\" role=\"img\"\/><\/figure><\/div>\n\n\n\n<div class=\"wp-block-uagb-container uagb-layout-flex uagb-block-qvsox8ee\">\n<div class=\"wp-block-uagb-info-box uagb-block-eqapqema uagb-infobox__content-wrap  uagb-infobox-icon-above-title uagb-infobox-image-valign-top\"><div class=\"uagb-ifb-content\"><div class=\"uagb-ifb-title-wrap\"><p class=\"uagb-ifb-title-prefix\">Su mejor elecci\u00f3n<\/p><h3 class=\"uagb-ifb-title\">P\u00f3ngase en contacto con nosotros<\/h3><\/div><p class=\"uagb-ifb-desc\">En G729 S.L, nos enorgullecemos de ofrecer servicios de env\u00edo de SMS fiables, seguros y f\u00e1ciles de usar. Nuestro equipo de expertos est\u00e1 preparado para proporcionarle en todo momento una asistencia y un servicio de atenci\u00f3n al cliente de primera categor\u00eda. Estamos aqu\u00ed para atender sus consultas, ayudarle con prontitud y asegurarnos de que sus necesidades se satisfacen de manera eficiente.<\/p><\/div><\/div>\n\n\n\n<div class=\"wp-block-uagb-buttons uagb-buttons__outer-wrap uagb-btn__default-btn uagb-btn-tablet__default-btn uagb-btn-mobile__default-btn uagb-block-bmiq2mu4\"><div class=\"uagb-buttons__wrap uagb-buttons-layout-wrap\">\n<div class=\"wp-block-uagb-buttons-child uagb-buttons__outer-wrap uagb-block-ddqhdp5p wp-block-button\"><div class=\"uagb-button__wrapper\"><a class=\"uagb-buttons-repeater wp-block-button__link\" aria-label=\"\" href=\"https:\/\/www.g729.es\/es\/contact-us\/\" rel=\"follow noopener\" target=\"_self\" role=\"button\"><div class=\"uagb-button__link\">\u00a1Vamos alla!<\/div><\/a><\/div><\/div>\n<\/div><\/div>\n<\/div>\n<\/div><\/div>","protected":false},"excerpt":{"rendered":"","protected":false},"author":1,"featured_media":0,"parent":0,"menu_order":0,"comment_status":"closed","ping_status":"closed","template":"","meta":{"_uag_custom_page_level_css":"","footnotes":""},"class_list":["post-62","page","type-page","status-publish"],"yoast_head":"<!-- This site is optimized with the Yoast SEO plugin v24.6 - https:\/\/yoast.com\/wordpress\/plugins\/seo\/ -->\n<title>Sms Products | G729 S.l.<\/title>\n<meta name=\"robots\" content=\"index, follow, max-snippet:-1, max-image-preview:large, max-video-preview:-1\" \/>\n<link rel=\"canonical\" href=\"https:\/\/www.g729.es\/es\/sms\/\" \/>\n<meta property=\"og:locale\" content=\"es_ES\" \/>\n<meta property=\"og:type\" content=\"article\" \/>\n<meta property=\"og:title\" content=\"Sms Products | G729 S.l.\" \/>\n<meta property=\"og:url\" content=\"https:\/\/www.g729.es\/es\/sms\/\" \/>\n<meta property=\"og:site_name\" content=\"G729 S.l.\" \/>\n<meta property=\"article:modified_time\" content=\"2024-08-01T16:56:12+00:00\" \/>\n<meta property=\"og:image\" content=\"http:\/\/www.g729.es\/wp-content\/uploads\/2024\/08\/SMS-1024x576.png\" \/>\n<meta name=\"twitter:card\" content=\"summary_large_image\" \/>\n<meta name=\"twitter:label1\" content=\"Tiempo de lectura\" \/>\n\t<meta name=\"twitter:data1\" content=\"3 minutos\" \/>\n<script type=\"application\/ld+json\" class=\"yoast-schema-graph\">{\"@context\":\"https:\/\/schema.org\",\"@graph\":[{\"@type\":\"WebPage\",\"@id\":\"https:\/\/www.g729.es\/es\/sms\/\",\"url\":\"https:\/\/www.g729.es\/es\/sms\/\",\"name\":\"Sms Products | G729 S.l.\",\"isPartOf\":{\"@id\":\"https:\/\/www.g729.es\/#website\"},\"primaryImageOfPage\":{\"@id\":\"https:\/\/www.g729.es\/es\/sms\/#primaryimage\"},\"image\":{\"@id\":\"https:\/\/www.g729.es\/es\/sms\/#primaryimage\"},\"thumbnailUrl\":\"http:\/\/www.g729.es\/wp-content\/uploads\/2024\/08\/SMS-1024x576.png\",\"datePublished\":\"2019-06-07T18:39:06+00:00\",\"dateModified\":\"2024-08-01T16:56:12+00:00\",\"breadcrumb\":{\"@id\":\"https:\/\/www.g729.es\/es\/sms\/#breadcrumb\"},\"inLanguage\":\"es\",\"potentialAction\":[{\"@type\":\"ReadAction\",\"target\":[\"https:\/\/www.g729.es\/es\/sms\/\"]}]},{\"@type\":\"ImageObject\",\"inLanguage\":\"es\",\"@id\":\"https:\/\/www.g729.es\/es\/sms\/#primaryimage\",\"url\":\"http:\/\/www.g729.es\/wp-content\/uploads\/2024\/08\/SMS-1024x576.png\",\"contentUrl\":\"http:\/\/www.g729.es\/wp-content\/uploads\/2024\/08\/SMS-1024x576.png\"},{\"@type\":\"BreadcrumbList\",\"@id\":\"https:\/\/www.g729.es\/es\/sms\/#breadcrumb\",\"itemListElement\":[{\"@type\":\"ListItem\",\"position\":1,\"name\":\"Portada\",\"item\":\"https:\/\/www.g729.es\/\"},{\"@type\":\"ListItem\",\"position\":2,\"name\":\"Sms Products\"}]},{\"@type\":\"WebSite\",\"@id\":\"https:\/\/www.g729.es\/#website\",\"url\":\"https:\/\/www.g729.es\/\",\"name\":\"G729 S.L. - Global SMS Bulk Solutions\",\"description\":\"Global Bulk SMS, OTP, 2FA, HLR, MNP, API SMS\",\"publisher\":{\"@id\":\"https:\/\/www.g729.es\/#organization\"},\"alternateName\":\"G729 S.L.\",\"potentialAction\":[{\"@type\":\"SearchAction\",\"target\":{\"@type\":\"EntryPoint\",\"urlTemplate\":\"https:\/\/www.g729.es\/?s={search_term_string}\"},\"query-input\":{\"@type\":\"PropertyValueSpecification\",\"valueRequired\":true,\"valueName\":\"search_term_string\"}}],\"inLanguage\":\"es\"},{\"@type\":\"Organization\",\"@id\":\"https:\/\/www.g729.es\/#organization\",\"name\":\"sms-web\",\"url\":\"https:\/\/www.g729.es\/\",\"logo\":{\"@type\":\"ImageObject\",\"inLanguage\":\"es\",\"@id\":\"https:\/\/www.g729.es\/#\/schema\/logo\/image\/\",\"url\":\"https:\/\/www.g729.es\/wp-content\/uploads\/2023\/05\/cropped-image.png\",\"contentUrl\":\"https:\/\/www.g729.es\/wp-content\/uploads\/2023\/05\/cropped-image.png\",\"width\":256,\"height\":76,\"caption\":\"sms-web\"},\"image\":{\"@id\":\"https:\/\/www.g729.es\/#\/schema\/logo\/image\/\"}}]}<\/script>\n<!-- \/ Yoast SEO plugin. -->","yoast_head_json":{"title":"Sms Products | G729 S.l.","robots":{"index":"index","follow":"follow","max-snippet":"max-snippet:-1","max-image-preview":"max-image-preview:large","max-video-preview":"max-video-preview:-1"},"canonical":"https:\/\/www.g729.es\/es\/sms\/","og_locale":"es_ES","og_type":"article","og_title":"Sms Products | G729 S.l.","og_url":"https:\/\/www.g729.es\/es\/sms\/","og_site_name":"G729 S.l.","article_modified_time":"2024-08-01T16:56:12+00:00","og_image":[{"url":"http:\/\/www.g729.es\/wp-content\/uploads\/2024\/08\/SMS-1024x576.png","type":"","width":"","height":""}],"twitter_card":"summary_large_image","twitter_misc":{"Tiempo de lectura":"3 minutos"},"schema":{"@context":"https:\/\/schema.org","@graph":[{"@type":"WebPage","@id":"https:\/\/www.g729.es\/es\/sms\/","url":"https:\/\/www.g729.es\/es\/sms\/","name":"Sms Products | G729 S.l.","isPartOf":{"@id":"https:\/\/www.g729.es\/#website"},"primaryImageOfPage":{"@id":"https:\/\/www.g729.es\/es\/sms\/#primaryimage"},"image":{"@id":"https:\/\/www.g729.es\/es\/sms\/#primaryimage"},"thumbnailUrl":"http:\/\/www.g729.es\/wp-content\/uploads\/2024\/08\/SMS-1024x576.png","datePublished":"2019-06-07T18:39:06+00:00","dateModified":"2024-08-01T16:56:12+00:00","breadcrumb":{"@id":"https:\/\/www.g729.es\/es\/sms\/#breadcrumb"},"inLanguage":"es","potentialAction":[{"@type":"ReadAction","target":["https:\/\/www.g729.es\/es\/sms\/"]}]},{"@type":"ImageObject","inLanguage":"es","@id":"https:\/\/www.g729.es\/es\/sms\/#primaryimage","url":"http:\/\/www.g729.es\/wp-content\/uploads\/2024\/08\/SMS-1024x576.png","contentUrl":"http:\/\/www.g729.es\/wp-content\/uploads\/2024\/08\/SMS-1024x576.png"},{"@type":"BreadcrumbList","@id":"https:\/\/www.g729.es\/es\/sms\/#breadcrumb","itemListElement":[{"@type":"ListItem","position":1,"name":"Portada","item":"https:\/\/www.g729.es\/"},{"@type":"ListItem","position":2,"name":"Sms Products"}]},{"@type":"WebSite","@id":"https:\/\/www.g729.es\/#website","url":"https:\/\/www.g729.es\/","name":"G729 S.L. - Global SMS Bulk Solutions","description":"Global Bulk SMS, OTP, 2FA, HLR, MNP, API SMS","publisher":{"@id":"https:\/\/www.g729.es\/#organization"},"alternateName":"G729 S.L.","potentialAction":[{"@type":"SearchAction","target":{"@type":"EntryPoint","urlTemplate":"https:\/\/www.g729.es\/?s={search_term_string}"},"query-input":{"@type":"PropertyValueSpecification","valueRequired":true,"valueName":"search_term_string"}}],"inLanguage":"es"},{"@type":"Organization","@id":"https:\/\/www.g729.es\/#organization","name":"sms-web","url":"https:\/\/www.g729.es\/","logo":{"@type":"ImageObject","inLanguage":"es","@id":"https:\/\/www.g729.es\/#\/schema\/logo\/image\/","url":"https:\/\/www.g729.es\/wp-content\/uploads\/2023\/05\/cropped-image.png","contentUrl":"https:\/\/www.g729.es\/wp-content\/uploads\/2023\/05\/cropped-image.png","width":256,"height":76,"caption":"sms-web"},"image":{"@id":"https:\/\/www.g729.es\/#\/schema\/logo\/image\/"}}]}},"uagb_featured_image_src":{"full":false,"thumbnail":false,"medium":false,"medium_large":false,"large":false,"1536x1536":false,"2048x2048":false,"trp-custom-language-flag":false},"uagb_author_info":{"display_name":"Ad@mI3571","author_link":"https:\/\/www.g729.es\/es\/author\/admi3571\/"},"uagb_comment_info":0,"uagb_excerpt":null,"_links":{"self":[{"href":"https:\/\/www.g729.es\/es\/wp-json\/wp\/v2\/pages\/62","targetHints":{"allow":["GET"]}}],"collection":[{"href":"https:\/\/www.g729.es\/es\/wp-json\/wp\/v2\/pages"}],"about":[{"href":"https:\/\/www.g729.es\/es\/wp-json\/wp\/v2\/types\/page"}],"author":[{"embeddable":true,"href":"https:\/\/www.g729.es\/es\/wp-json\/wp\/v2\/users\/1"}],"replies":[{"embeddable":true,"href":"https:\/\/www.g729.es\/es\/wp-json\/wp\/v2\/comments?post=62"}],"version-history":[{"count":5,"href":"https:\/\/www.g729.es\/es\/wp-json\/wp\/v2\/pages\/62\/revisions"}],"predecessor-version":[{"id":2002,"href":"https:\/\/www.g729.es\/es\/wp-json\/wp\/v2\/pages\/62\/revisions\/2002"}],"wp:attachment":[{"href":"https:\/\/www.g729.es\/es\/wp-json\/wp\/v2\/media?parent=62"}],"curies":[{"name":"wp","href":"https:\/\/api.w.org\/{rel}","templated":true}]}}